{"id":1703,"date":"2025-12-05T15:56:27","date_gmt":"2025-12-05T14:56:27","guid":{"rendered":"https:\/\/3d-printere.dk\/index.php\/vare\/vet-hund-snack-sensitivity-foedevareallergi-4\/"},"modified":"2025-12-05T15:56:47","modified_gmt":"2025-12-05T14:56:47","slug":"vet-hund-snack-sensitivity-foedevareallergi-4","status":"publish","type":"product","link":"https:\/\/3d-printere.dk\/index.php\/vare\/vet-hund-snack-sensitivity-foedevareallergi-4\/","title":{"rendered":"VET HUND Snack &#8211; Sensitivity &#8211; f\u00f8devareallergi"},"content":{"rendered":"<p>Di\u00e6tetisk snack til voksne hunde<\/p>\n<p><strong>Indikation<\/strong><br \/>\nF\u00f8devareallergi eller -intolerance.<\/p>\n<p><strong>M\u00e5l<\/strong><br \/>\nFjernelse af allergener samt lindring af hud og ford\u00f8jelsessystem ved f\u00f8devareallergi eller -intolerance<\/p>\n<p>&nbsp;<\/p>\n<p><strong>Ingredienser<\/strong><br \/>\nVegetabilske biprodukter* (inklusive kastanjer* 48%), vagtelprotein* (20%), hydrolyseret protein*, solsikkeolie, natriumchlorid*) t\u00f8rret<br \/>\n(P\u00e5 grund af fremstillingsprocessen kan spor af andre proteiner og kulhydrater v\u00e6re indeholdt.)<\/p>\n<p><strong>Analytiske bestanddele<br \/>\n<\/strong>R\u00e5protein 17,0%, r\u00e5fedt 7,0%, r\u00e5fibre 1,5%, r\u00e5aske 9%, vandindhold 14%,calcium 1,55%. natrium 2,3%, magnesium 0,07%, kalium 1,1%, fosfor 1,2%, omega-6 fedtsyrer 1,5%, omega-3 fedtsyrer 0,1%<\/p>\n<p>&nbsp;<\/p>\n<p><strong>Tils\u00e6tningsstoffer<\/strong><\/p>\n<p><strong>Vitaminer \/ kg:<br \/>\n<\/strong>A-vitamin (3a672a) 16000 IE, vitamin D3 (3a671) 660 IE<\/p>\n<p><strong>Sporstoffer\/kg:\u00a0<\/strong><br \/>\nJern (jern (II) sulfat monohydrat 3b103) 40 mg, kobber (kobber (II) sulfat pentahydrat 3b405) 8 mg, zink (zink oxid 3b603) 50 mg, mangan (mangan (II) oxid) 3b402 mg, jod (calciumiodat, vandfrit 3b202) 1,0 mg, selen (natriumselenit 3b801) 0,15 mg<\/p>\n<p><strong>Aminosyrer\/kg:<\/strong><br \/>\nDL-methionin (3c301) 700 mg<\/p>\n<p>Antioxidant, tocopherolekstrakter fra vegetabilske olier 1b306(i)<\/p>\n<p>&nbsp;<\/p>\n<p><strong>Kan ikke anbefales til<\/strong><br \/>\nHvalpe og unge hunde op til 12. levem\u00e5ned<br \/>\nGraviditet, diegivende<br \/>\nIntolerance over for en eller flere af de indeholdte komponenter<\/p>\n<p><strong>Anbefalet varighed<\/strong><br \/>\n3 til 8 uger: Hvis tegnene p\u00e5 intolerance forsvinder, kan dette foder i f\u00f8rste omgang bruges i op til 1 \u00e5r.<\/p>\n<p><strong>Anbefalet foderm\u00e6ngde pr. dag<\/strong><br \/>\nTilbyd et par stykker flere gange om dagen &#8211; eller som et lille mellemm\u00e5ltid. Tr\u00e6k m\u00e6ngden af \u200b\u200btilbudte snacks fra den daglige ration af t\u00f8r- og\/eller v\u00e5dfoder.<\/p>\n","protected":false},"excerpt":{"rendered":"<p>&nbsp;<\/p>\n<p><!--more--><\/p>\n<p><span style=\"color: #339966;\">M\u00c5 KUN ANVENDES EFTER AFTALE MED EN DYRL\u00c6GE<\/span><br \/>\n<span style=\"color: #339966;\">Happy Dog VET er kun tilg\u00e6ngelig hos godkendte forhandlere<\/span><\/p>\n<p>Findes i 100 gr<\/p>\n<ul>\n<li>Ideel som snack under fodring med Happy Dog Hypersensitivity eliminationsdi\u00e6t*<\/li>\n<li>En eksklusiv kilde til animalsk protein: Vagtler<\/li>\n<li>En eksklusiv kilde til kulhydrater: Maroni (kastanjer)<\/li>\n<li>Gluten- og kornfri<\/li>\n<li>H\u00f8j accept<\/li>\n<li>N\u00e6ringsstoffer, der fremmer hudens stofskift<br \/>\n*Eliminationsdi\u00e6t skal k\u00f8res helt stringent for at virke. Det betyder, at hunden ikke m\u00e5 f\u00e5 noget andet end den udvalgte di\u00e6t \u2013 heller ikke tyggeben og godbidder. Mens hunden er p\u00e5 eliminationsdi\u00e6t vil hudforandringerne og eventuelle inflammationer l\u00e6ges.<\/li>\n<\/ul>\n","protected":false},"featured_media":0,"comment_status":"closed","ping_status":"closed","template":"","meta":[],"product_brand":[],"product_cat":[1825,2107,2101],"product_tag":[],"class_list":{"0":"post-1703","1":"product","2":"type-product","3":"status-publish","5":"product_cat-vet-hund","6":"product_cat-vet-hund-foedevareallergi-2","7":"product_cat-vet-hund-snack-2","9":"first","10":"instock","11":"featured","12":"purchasable","13":"product-type-simple"},"supplier_id":null,"supplier_sku":"","barcode":null,"atum_controlled":true,"out_stock_date":null,"out_stock_threshold":null,"inheritable":false,"inbound_stock":null,"stock_on_hold":0,"sold_today":0,"sales_last_days":0,"reserved_stock":null,"customer_returns":null,"warehouse_damage":null,"lost_in_post":null,"other_logs":null,"out_stock_days":0,"lost_sales":0,"has_location":null,"update_date":"2026-01-26T00:06:57","atum_locations":[],"atum_stock_status":"instock","restock_status":false,"low_stock_amount":"","sales_update_date":"2026-01-26T00:06:57","calc_backorders":null,"_links":{"self":[{"href":"https:\/\/3d-printere.dk\/index.php\/wp-json\/wp\/v2\/product\/1703","targetHints":{"allow":["GET"]}}],"collection":[{"href":"https:\/\/3d-printere.dk\/index.php\/wp-json\/wp\/v2\/product"}],"about":[{"href":"https:\/\/3d-printere.dk\/index.php\/wp-json\/wp\/v2\/types\/product"}],"replies":[{"embeddable":true,"href":"https:\/\/3d-printere.dk\/index.php\/wp-json\/wp\/v2\/comments?post=1703"}],"wp:attachment":[{"href":"https:\/\/3d-printere.dk\/index.php\/wp-json\/wp\/v2\/media?parent=1703"}],"wp:term":[{"taxonomy":"product_brand","embeddable":true,"href":"https:\/\/3d-printere.dk\/index.php\/wp-json\/wp\/v2\/product_brand?post=1703"},{"taxonomy":"product_cat","embeddable":true,"href":"https:\/\/3d-printere.dk\/index.php\/wp-json\/wp\/v2\/product_cat?post=1703"},{"taxonomy":"product_tag","embeddable":true,"href":"https:\/\/3d-printere.dk\/index.php\/wp-json\/wp\/v2\/product_tag?post=1703"}],"curies":[{"name":"wp","href":"https:\/\/api.w.org\/{rel}","templated":true}]}}