{"id":1701,"date":"2025-12-05T15:56:27","date_gmt":"2025-12-05T14:56:27","guid":{"rendered":"https:\/\/3d-printere.dk\/index.php\/vare\/vet-hund-hypersensitivity-toerfoder-foedevareallergi-7\/"},"modified":"2025-12-05T15:56:45","modified_gmt":"2025-12-05T14:56:45","slug":"vet-hund-hypersensitivity-toerfoder-foedevareallergi-7","status":"publish","type":"product","link":"https:\/\/3d-printere.dk\/index.php\/vare\/vet-hund-hypersensitivity-toerfoder-foedevareallergi-7\/","title":{"rendered":"VET HUND Hypersensitivity t\u00f8rfoder &#8211; F\u00f8devareallergi"},"content":{"rendered":"<p>Di\u00e6tetisk fuldfoder til voksne hunde for at reducere symptomer p\u00e5 f\u00f8devareallergi og f\u00f8devarer intolerance.<\/p>\n<p><strong>Indikation<\/strong><\/p>\n<ul>\n<li>F\u00f8devareallergi eller -intolerance<\/li>\n<\/ul>\n<p><strong>M\u00e5l<\/strong><br \/>\nFjernelse af allergener samt lindring af hud og ford\u00f8jelsessystem ved f\u00f8devareallergi eller -intolerance<\/p>\n<p>&nbsp;<\/p>\n<p><strong>Ingredienser<\/strong><br \/>\nKastanjemel (60,5%), vagtelprotein* (27%), solsikkeolie, leverhydrolysat, rapsolie, natriumchlorid; *) t\u00f8rret<br \/>\nUdvalgt proteinkilde: Vagtel<br \/>\nUdvalgt kulhydratkilde: Kastanjer<br \/>\n(P\u00e5 grund af fremstillingsprocessen kan der v\u00e6re spor af andre proteiner og kulhydrater)<\/p>\n<p><strong>Analytiske bestanddele<\/strong><br \/>\nR\u00e5protein 21,0%, r\u00e5fedt 12,0%, r\u00e5fiber 2,0%, r\u00e5aske 9,0%, calcium 1,5%, fosfor 1,25%, natrium 0,35%, kalium 0,8%, magnesium 0,1%, omega-6 fedtsyrer 2%, omega-3 fedtsyrer 0,2%<\/p>\n<p>&nbsp;<\/p>\n<p><strong>Tils\u00e6tningsstoffer<\/strong><\/p>\n<p><strong>Vitaminer \/ kg:<br \/>\n<\/strong>Vitamin A (3a672a) 18000 IE, vitamin D3 (3a671) 1000 IE, vitamin E (alle rac-alpha-tocopherylacetat 3a700) 130 mg, vitamin B1 (thiaminmononitrat 3a821) 4 mg, vitamin B25i (825 vitamin B2i) ) 4 mg, vitamin B6 (Py-ridoxin hydrochlorid 3a831) 4 mg, biotin (3a880) 500 mcg, calcium D-pantothenat (3a841) 10 mg, niacin (3a314) 55 mg, vitamin B12 75 mcg (39100 mcg, L-carnitin) ) 500 mg<\/p>\n<p><strong>Sporstoffer\/kg:<\/strong><br \/>\nJern (jern(II)sulfat, monohydrat 3b103) 60 mg, kobber (kobber(II)sulfatpentahydrat 3b405) 10 mg, zink (zinkoxid 3b603) 75 mg, mangan (mangan(II)oxid 3b502) 14 mg, jod (calciumiodat, vandfrit 3b202) 1,4 mg, selen (natriumselenit 3b801) 0,2 mg<\/p>\n<p><strong>Aminosyrer\/kg:<\/strong><br \/>\nDL-methionin (3c301) 1000 mg, L-lysin (3.2.3) 5000 mg<\/p>\n<p>Antioxidant, tocopherolekstrakter fra vegetabilske olier 1b306(i)<\/p>\n<div class=\"js--modal sizing--content\">\n<div class=\"btn icon--cross is--small btn--grey modal--close\"><\/div>\n<\/div>\n<p><strong>Kan ikke anbefales til<\/strong><br \/>\nHvalpe og unge hunde op til 12. levem\u00e5ned<br \/>\nGraviditet, diegivende<br \/>\nIntolerance over for en eller flere af de indeholdte komponenter<\/p>\n<p>&nbsp;<\/p>\n<p><img loading=\"lazy\" decoding=\"async\" class=\"alignnone size-medium wp-image-6122\" src=\"https:\/\/haps.centrumdyrehandel.dk\/wp-content\/uploads\/2024\/03\/VET-HUND-Hypersensitivity-toerfoder-foderplan-190324-294x300.jpg\" alt=\"\" width=\"294\" height=\"300\" \/><\/p>\n<p><strong>Anbefalet varighed<\/strong><br \/>\n3 til 8 uger: Hvis tegnene p\u00e5 intolerance forsvinder, kan dette foder i f\u00f8rste omgang bruges i op til 1 \u00e5r.<\/p>\n<p><strong>R\u00e5dgivning om fodring<\/strong><br \/>\nVed anvendelse af denne di\u00e6t kan der opst\u00e5 en \u00f8get m\u00e6ngde af aff\u00f8ring.<\/p>\n<p><strong>Anbefalet foderm\u00e6ngde pr. dag<\/strong><br \/>\nM\u00e6ngden af \u200b\u200bfoder skal tilpasses hundens individuelle stofskifte og skal muligvis justeres i moderate m\u00e6ngder. Hunden skal altid have frisk vand til r\u00e5dighed.<\/p>\n","protected":false},"excerpt":{"rendered":"<p>&nbsp;<\/p>\n<p><!--more--><\/p>\n<p><span style=\"color: #339966;\">M\u00c5 KUN ANVENDES EFTER AFTALE MED EN DYRL\u00c6GE<\/span><br \/>\n<span style=\"color: #339966;\">Happy Dog VET er kun tilg\u00e6ngelig hos godkendte forhandlere<\/span><\/p>\n<p>Findes i 1 kg, 4 kg og 12 kg<\/p>\n<ul>\n<li>Velegnet som eliminationsdi\u00e6t*<\/li>\n<li>En eksklusiv kilde til animalsk protein: Vagtler<\/li>\n<li>En eksklusiv kilde til kulhydrater: Maroni (kastanjer)<\/li>\n<li>Gluten- og kornfri<\/li>\n<li>H\u00f8j accept<\/li>\n<li>Hudaktive n\u00e6ringsstoffer, der fremmer hudens stofskifte<br \/>\n*Eliminationsdi\u00e6t skal k\u00f8res helt stringent for at virke. Det betyder, at hunden ikke m\u00e5 f\u00e5 noget andet end den udvalgte di\u00e6t \u2013 heller ikke tyggeben og godbidder. Mens hunden er p\u00e5 eliminationsdi\u00e6t vil hudforandringerne og eventuelle inflammationer l\u00e6ges.<\/li>\n<\/ul>\n","protected":false},"featured_media":0,"comment_status":"closed","ping_status":"closed","template":"","meta":[],"product_brand":[],"product_cat":[1825,2107,2099],"product_tag":[],"class_list":{"0":"post-1701","1":"product","2":"type-product","3":"status-publish","5":"product_cat-vet-hund","6":"product_cat-vet-hund-foedevareallergi-2","7":"product_cat-vet-hund-toerkost-2","9":"first","10":"instock","11":"featured","12":"purchasable","13":"product-type-simple"},"supplier_id":null,"supplier_sku":"","barcode":null,"atum_controlled":true,"out_stock_date":null,"out_stock_threshold":null,"inheritable":false,"inbound_stock":null,"stock_on_hold":0,"sold_today":0,"sales_last_days":0,"reserved_stock":null,"customer_returns":null,"warehouse_damage":null,"lost_in_post":null,"other_logs":null,"out_stock_days":0,"lost_sales":0,"has_location":null,"update_date":"2026-01-26T00:06:57","atum_locations":[],"atum_stock_status":"instock","restock_status":false,"low_stock_amount":"","sales_update_date":"2026-01-26T00:06:57","calc_backorders":null,"_links":{"self":[{"href":"https:\/\/3d-printere.dk\/index.php\/wp-json\/wp\/v2\/product\/1701","targetHints":{"allow":["GET"]}}],"collection":[{"href":"https:\/\/3d-printere.dk\/index.php\/wp-json\/wp\/v2\/product"}],"about":[{"href":"https:\/\/3d-printere.dk\/index.php\/wp-json\/wp\/v2\/types\/product"}],"replies":[{"embeddable":true,"href":"https:\/\/3d-printere.dk\/index.php\/wp-json\/wp\/v2\/comments?post=1701"}],"wp:attachment":[{"href":"https:\/\/3d-printere.dk\/index.php\/wp-json\/wp\/v2\/media?parent=1701"}],"wp:term":[{"taxonomy":"product_brand","embeddable":true,"href":"https:\/\/3d-printere.dk\/index.php\/wp-json\/wp\/v2\/product_brand?post=1701"},{"taxonomy":"product_cat","embeddable":true,"href":"https:\/\/3d-printere.dk\/index.php\/wp-json\/wp\/v2\/product_cat?post=1701"},{"taxonomy":"product_tag","embeddable":true,"href":"https:\/\/3d-printere.dk\/index.php\/wp-json\/wp\/v2\/product_tag?post=1701"}],"curies":[{"name":"wp","href":"https:\/\/api.w.org\/{rel}","templated":true}]}}