{"id":1698,"date":"2025-12-05T15:56:27","date_gmt":"2025-12-05T14:56:27","guid":{"rendered":"https:\/\/3d-printere.dk\/index.php\/vare\/vet-hund-urinary-low-purine-metabolisk-urinsten-stofskifte-4\/"},"modified":"2025-12-05T15:56:42","modified_gmt":"2025-12-05T14:56:42","slug":"vet-hund-urinary-low-purine-metabolisk-urinsten-stofskifte-4","status":"publish","type":"product","link":"https:\/\/3d-printere.dk\/index.php\/vare\/vet-hund-urinary-low-purine-metabolisk-urinsten-stofskifte-4\/","title":{"rendered":"VET HUND Urinary Low Purine &#8211; metabolisk urinsten (stofskifte)"},"content":{"rendered":"<p>Di\u00e6tetisk fuldfoder til voksne hunde for at reducere dannelse af oxalsyre, urat og cystinsten<\/p>\n<p><strong>Indikation<\/strong><\/p>\n<ul>\n<li>Calciumoxalatsten (bl\u00e6resten)<\/li>\n<li>Uratsten (\u00f8vre urinveje)<\/li>\n<li>Xanthinsten (stof der findes i bl\u00e6resten)<\/li>\n<li>Cystinsten (type af nyresten)<\/li>\n<li>Leishmaniose og Leishmaniose-behandling med Allopurinol (middel mod urinsyregigt)<\/li>\n<li>Meget lav purin indhold (0,03%)<\/li>\n<\/ul>\n<p><strong>M\u00e5l<\/strong><br \/>\nForebyggelse af calciumoxalat-, urat-, xanthin- og cystinsten<br \/>\nM\u00e5l en urin-pH-v\u00e6rdi p\u00e5 7,0<br \/>\nStreng lav purin di\u00e6t<\/p>\n<p><strong>Ingredienser<\/strong><br \/>\nKartoffelflager, kartoffelprotein* (21%), solsikkeolie, \u00e6rteflager (4%), kaseinvallepulver (4%), rapsolie, guler\u00f8dder*, leverhydrolysat, kaliumhydrogencarbonat, monocalciumphosphat, calciumcarbonat, natriumchlorid ; *) t\u00f8rret.<\/p>\n<p><strong>Analytiske bestanddele<\/strong><br \/>\nR\u00e5protein 22,5 %, r\u00e5fedt 15,0 %, r\u00e5fiber 2,5 %, r\u00e5aske 5,0 %, calcium 0,50 %, natrium 0,2 %, kalium 1,3 %, magnesium 0,09 %, fosfor 0,40 %, chlorider 0,8 %, svovl 0,8 %. omega-6 fedtsyrer 7,0 %, omega-3 fedtsyrer 0,7 %, svovlaminosyrer (i alt): 0,64 %, hydroxyprolin: 0, 1 %, D-vitamin (i alt): 600 IE<\/p>\n<p>&nbsp;<\/p>\n<p>&nbsp;<\/p>\n<p><strong>Tils\u00e6tningsstoffer<\/strong><\/p>\n<p><strong>Vitaminer \/ kg:<br \/>\n<\/strong>Vitamin A (3a672a) 15000 IE, vitamin D3 (3a671) 550 IE, vitamin E (alle rac-alpha-tocopheryl acetate 3a700) 200 mg, vitamin B1 (thiaminmononitrat 3a821) 8 mg, vitamin 2 ariboflavin 3i ( ) 13 mg, vitamin B6 (pyridoxinhydrochlorid 3a831) 8 mg, biotin (3a880) 1100 mcg, calcium D-pantothenat (3a841) 35 mg, niacin (3a314) 105 mg, vitamin B12 35 mcg, vitamin C, calcium phalsodium (C-vitamin) 3a312) 180 mg, L-carnitin (3a910) 900 mg, taurin (3a370) 2000 mg<\/p>\n<p><strong>Sporstoffer\/kg:<\/strong><br \/>\nJern (jern(II)sulfat, monohydrat 3b103) 60 mg, kobber (kobber(II)sulfatpentahydrat 3b405) 10 mg, zink (zinkoxid 3b603) 70 mg, mangan (mangan(II)oxid 3b502) 14 mg, jod (calciumiodat, vandfrit 3b202) 1,5 mg, selen (natriumselenit 3b801) 0,2 mg<\/p>\n<p><strong>Aminosyrer\/kg:<\/strong><br \/>\nL-tryptophan (3c440) 1800 mg<\/p>\n<p>Antioxidant, tocopherolekstrakter fra vegetabilske olier 1b306(i)<\/p>\n<div class=\"js--modal sizing--content\">\n<div class=\"btn icon--cross is--small btn--grey modal--close\"><\/div>\n<\/div>\n<p>&nbsp;<\/p>\n<p><strong>Kan ikke anbefales til<\/strong><br \/>\nHvalpe og unge hunde op til 12. levem\u00e5ned<br \/>\nGraviditet, diegivende<br \/>\nStruvitsten<\/p>\n<p><img loading=\"lazy\" decoding=\"async\" class=\"alignnone size-medium wp-image-6137\" src=\"https:\/\/haps.centrumdyrehandel.dk\/wp-content\/uploads\/2024\/03\/VET-HUNDUrinary-low-purine-toerfoder-foderplan-190324-294x300.jpg\" alt=\"\" width=\"294\" height=\"300\" \/><\/p>\n<p>&nbsp;<\/p>\n<p><strong>Anbefalet varighed<\/strong><br \/>\nReduktion af dannelse af oxalatsten:<br \/>\nOp til 6 m\u00e5neder.<br \/>\nReduktion af dannelse af cystinsten: Indledningsvist op til 6 m\u00e5neder.<br \/>\nReduktion af dannelse af uratsten: Op til 6 m\u00e5neder; ved en uoprettelig forstyrrelse af urinsyremetabolismen, g\u00e6lder det hele livet.<\/p>\n<p><strong>Anbefalet foderm\u00e6ngde pr. dag<\/strong><br \/>\nM\u00e6ngden af \u200b\u200bfoder skal tilpasses hundens individuelle stofskifte og skal muligvis justeres i moderate m\u00e6ngder. Hunden skal altid have frisk vand til r\u00e5dighed.<\/p>\n","protected":false},"excerpt":{"rendered":"<p>&nbsp;<\/p>\n<p><!--more--><\/p>\n<p><span style=\"color: #339966;\">M\u00c5 KUN ANVENDES EFTER AFTALE MED EN DYRL\u00c6GE<\/span><br \/>\n<span style=\"color: #339966;\">Happy Dog VET er kun tilg\u00e6ngelig hos godkendte forhandlere<\/span><\/p>\n<p>Findes i 4 kg<\/p>\n<ul>\n<li>Lavt indhold af calcium og vitamin D, samt egenskaber, der alkaliserer urinen,<br \/>\nhj\u00e6lper med at mindske dannelse af oxalatsten<\/li>\n<li>Moderat indhold af protein og urinalkaliseringsegenskaber bidrager til at reducere dannelse af urat- og cystinsten<\/li>\n<li>Protein af h\u00f8j kvalitet fra kasein, \u00e6rter og kartoffelprotein med lavt indhold af purin og cystin\/cysteinindhold<\/li>\n<li>P\u00e5 grund af det lave purinindhold er det optimalt egnet som di\u00e6t ved Leishmaniose og under Leishmaniosebehandling (urinsyregigt)med Allopurinol<\/li>\n<\/ul>\n","protected":false},"featured_media":0,"comment_status":"closed","ping_status":"closed","template":"","meta":[],"product_brand":[],"product_cat":[15],"product_tag":[],"class_list":{"0":"post-1698","1":"product","2":"type-product","3":"status-publish","5":"product_cat-ukategoriseret","7":"first","8":"outofstock","9":"featured","10":"product-type-simple"},"supplier_id":null,"supplier_sku":"","barcode":null,"atum_controlled":true,"out_stock_date":null,"out_stock_threshold":null,"inheritable":false,"inbound_stock":null,"stock_on_hold":0,"sold_today":0,"sales_last_days":0,"reserved_stock":null,"customer_returns":null,"warehouse_damage":null,"lost_in_post":null,"other_logs":null,"out_stock_days":0,"lost_sales":0,"has_location":null,"update_date":"2026-01-26T00:06:57","atum_locations":[],"atum_stock_status":"outofstock","restock_status":false,"low_stock_amount":"","sales_update_date":"2026-01-26T00:06:57","calc_backorders":null,"_links":{"self":[{"href":"https:\/\/3d-printere.dk\/index.php\/wp-json\/wp\/v2\/product\/1698","targetHints":{"allow":["GET"]}}],"collection":[{"href":"https:\/\/3d-printere.dk\/index.php\/wp-json\/wp\/v2\/product"}],"about":[{"href":"https:\/\/3d-printere.dk\/index.php\/wp-json\/wp\/v2\/types\/product"}],"replies":[{"embeddable":true,"href":"https:\/\/3d-printere.dk\/index.php\/wp-json\/wp\/v2\/comments?post=1698"}],"wp:attachment":[{"href":"https:\/\/3d-printere.dk\/index.php\/wp-json\/wp\/v2\/media?parent=1698"}],"wp:term":[{"taxonomy":"product_brand","embeddable":true,"href":"https:\/\/3d-printere.dk\/index.php\/wp-json\/wp\/v2\/product_brand?post=1698"},{"taxonomy":"product_cat","embeddable":true,"href":"https:\/\/3d-printere.dk\/index.php\/wp-json\/wp\/v2\/product_cat?post=1698"},{"taxonomy":"product_tag","embeddable":true,"href":"https:\/\/3d-printere.dk\/index.php\/wp-json\/wp\/v2\/product_tag?post=1698"}],"curies":[{"name":"wp","href":"https:\/\/api.w.org\/{rel}","templated":true}]}}