{"id":1696,"date":"2025-12-05T15:56:27","date_gmt":"2025-12-05T14:56:27","guid":{"rendered":"https:\/\/3d-printere.dk\/index.php\/vare\/vet-hund-struvit-vaadfoder-struvitsten-urinvejssten-4\/"},"modified":"2025-12-05T15:56:40","modified_gmt":"2025-12-05T14:56:40","slug":"vet-hund-struvit-vaadfoder-struvitsten-urinvejssten-4","status":"publish","type":"product","link":"https:\/\/3d-printere.dk\/index.php\/vare\/vet-hund-struvit-vaadfoder-struvitsten-urinvejssten-4\/","title":{"rendered":"VET HUND Struvit v\u00e5dfoder &#8211; Struvitsten, urinvejssten"},"content":{"rendered":"<p>Di\u00e6tetisk fuldfoder til voksne hunde til at opl\u00f8se struvitsten og forebyggelse af struvitsten<\/p>\n<p><strong>Indikation<\/strong><\/p>\n<ul>\n<li>Opl\u00f8sning af struvit-urinvejssten<\/li>\n<li>Forebyggelse af struvit-urinvejssten<\/li>\n<\/ul>\n<p><strong>M\u00e5l<\/strong><br \/>\nOpl\u00f8sning og forebyggelse af struvitsten<br \/>\nUrin-pH-m\u00e5l for opl\u00f8sning af struvitsten og reducering af tilbagefald: 6,0 &#8211; 6,5<br \/>\nUrin-pH-m\u00e5l for forebyggelse: 6,6 &#8211; 6,8<\/p>\n<p>&nbsp;<\/p>\n<p><strong>Ingredienser<\/strong><br \/>\nK\u00f8d og animalske biprodukter fra kylling og gris, ris, pastinak, mineraler, lakseolie, cellulose, cikorierod (kilde til FOS), glucosamin, urteblanding.<\/p>\n<p><strong>Analytiske bestanddele<br \/>\n<\/strong>R\u00e5protein 7,6 %, r\u00e5fedt 4,5 %, r\u00e5fiber 0,7 %, r\u00e5aske 1,4 %, fugtighed 77 %, calcium 0,18 %, natrium 0,11 %, kalium 0,18 %, magnesium 0,02 %, fosfor 0,15 % svovl, 28 % svovl, 280 % svovl. %, omega-6 fedtsyrer 0,8 %, omega-3 fedtsyrer 0,2 %<\/p>\n<p>&nbsp;<\/p>\n<p><strong>Tils\u00e6tningsstoffer<\/strong><\/p>\n<p><strong>Vitaminer \/ kg:<br \/>\n<\/strong>Vitamin A (3a672a) 2000 IE, vitamin D3 (3a671) 200 IE, vitamin E (alle rac-alpha-tocopheryl acetate 3a700) 40 mg, vitamin B1 (thiaminmononitrat 3a821) 4,8 mg, vitamin 2 ariboflavin 3 ) 6 mg, vitamin B6 (pyridoxin hydrochlorid 3a831) 2,5 mg, biotin (3a880) 500 mcg, calcium D-pantothenat (3a841) 12 mg, niacinamid (3a315) 13,5 mg, vitamin B12 75 mcg, 3 mg cholin chloride 90 mg Taurin (3a370) 500 mg<\/p>\n<p><strong>Sporstoffer\/kg:<\/strong><br \/>\nkobber (kobber(II)sulfatpentahydrat 3b405) 2 mg, zink (zinksulfat, monohydrat 3b605) 21 mg, mangan (mangan(II)sulfat, monohydrat 3b503) 1,7 mg, jod (calcium2-iodatb, anhydro2-iodatb) ) 0,75 mg<\/p>\n<p><strong>Aminosyrer\/kg:<\/strong><br \/>\nDL-methionin (3c301) 2000 mg<\/p>\n<p>&nbsp;<\/p>\n<p><strong>Kan ikke anbefales til<\/strong><br \/>\nHvalpe og unghunde op til 12. levem\u00e5ned<br \/>\nGraviditet, diegivende<br \/>\nKronisk nyreinsufficiens (nyresvigt), metabolisk acidose (PH niveau i kropsv\u00e6ksen er for sur), hjerteinsufficiens (sv\u00e6kket hjertepumpefunktion)<br \/>\nPancreatitis (bet\u00e6ndelse i bugspytkirtlen)<br \/>\nSamtidig brug af urinsurhedsregulerende medicin<\/p>\n<p>&nbsp;<\/p>\n<p><img loading=\"lazy\" decoding=\"async\" class=\"alignnone size-medium wp-image-6199\" src=\"https:\/\/haps.centrumdyrehandel.dk\/wp-content\/uploads\/2024\/03\/VET-HUND-struvit-vaadfoder-foderplan-030424-300x209.jpg\" alt=\"\" width=\"300\" height=\"209\" \/><\/p>\n<p><strong>Anbefalet varighed<\/strong><br \/>\nFor at opl\u00f8se struvitsten, 5 til 12 uger. For at reducere risikoen for tilbagevendende struvitsten, indledningsvis op til 6 m\u00e5neder.<\/p>\n<p><strong>R\u00e5dgivning om fodring<\/strong><br \/>\nOvergangen til et passende tilskudsfoder b\u00f8r ideelt set ske gradvist med 10 % \u00e6ndringer over en periode p\u00e5 mindst 2-4 uger. Husk at kontrollere urinens pH-v\u00e6rdi regelm\u00e6ssigt.<\/p>\n<p><strong>Anbefalet foderm\u00e6ngde pr. dag<\/strong><br \/>\nM\u00e6ngden af \u200b\u200bfoder skal tilpasses hundens individuelle stofskifte og skal muligvis justeres i moderate m\u00e6ngder. Hunden skal altid have frisk vand til r\u00e5dighed. Bem\u00e6rk ved blandet fodring: 100 gr v\u00e5dfoder = 30 gr t\u00f8rfoder<\/p>\n","protected":false},"excerpt":{"rendered":"<p>&nbsp;<\/p>\n<p><!--more--><\/p>\n<p><span style=\"color: #339966;\">M\u00c5 KUN ANVENDES EFTER AFTALE MED EN DYRL\u00c6GE<\/span><br \/>\n<span style=\"color: #339966;\">Happy Dog VET er kun tilg\u00e6ngelig hos godkendte forhandlere<\/span><\/p>\n<p>Findes i 400 gr<\/p>\n<ul>\n<li>M\u00e5lrettet reduktion af phosphor- og magnesiumindhold<\/li>\n<li>Markant s\u00e6nkning af urinens pH-v\u00e6rdi<\/li>\n<li>For\u00f8gelse af urinm\u00e6ngden og skylning af urinvejene ved at fremme v\u00e6skeindtaget<\/li>\n<li>Moderat indhold af h\u00f8jkvalitetsprotein<\/li>\n<li>Med surhedsregulerende egenskaber, f.eks. methionin<\/li>\n<\/ul>\n","protected":false},"featured_media":0,"comment_status":"closed","ping_status":"closed","template":"","meta":[],"product_brand":[],"product_cat":[1825,2106,2100],"product_tag":[],"class_list":{"0":"post-1696","1":"product","2":"type-product","3":"status-publish","5":"product_cat-vet-hund","6":"product_cat-vet-hund-urinvejssten-2","7":"product_cat-vet-hund-vaadkost-2","9":"first","10":"instock","11":"featured","12":"purchasable","13":"product-type-simple"},"supplier_id":null,"supplier_sku":"","barcode":null,"atum_controlled":true,"out_stock_date":null,"out_stock_threshold":null,"inheritable":false,"inbound_stock":null,"stock_on_hold":0,"sold_today":0,"sales_last_days":0,"reserved_stock":null,"customer_returns":null,"warehouse_damage":null,"lost_in_post":null,"other_logs":null,"out_stock_days":0,"lost_sales":0,"has_location":null,"update_date":"2026-01-26T00:06:57","atum_locations":[],"atum_stock_status":"instock","restock_status":false,"low_stock_amount":"","sales_update_date":"2026-01-26T00:06:57","calc_backorders":null,"_links":{"self":[{"href":"https:\/\/3d-printere.dk\/index.php\/wp-json\/wp\/v2\/product\/1696","targetHints":{"allow":["GET"]}}],"collection":[{"href":"https:\/\/3d-printere.dk\/index.php\/wp-json\/wp\/v2\/product"}],"about":[{"href":"https:\/\/3d-printere.dk\/index.php\/wp-json\/wp\/v2\/types\/product"}],"replies":[{"embeddable":true,"href":"https:\/\/3d-printere.dk\/index.php\/wp-json\/wp\/v2\/comments?post=1696"}],"wp:attachment":[{"href":"https:\/\/3d-printere.dk\/index.php\/wp-json\/wp\/v2\/media?parent=1696"}],"wp:term":[{"taxonomy":"product_brand","embeddable":true,"href":"https:\/\/3d-printere.dk\/index.php\/wp-json\/wp\/v2\/product_brand?post=1696"},{"taxonomy":"product_cat","embeddable":true,"href":"https:\/\/3d-printere.dk\/index.php\/wp-json\/wp\/v2\/product_cat?post=1696"},{"taxonomy":"product_tag","embeddable":true,"href":"https:\/\/3d-printere.dk\/index.php\/wp-json\/wp\/v2\/product_tag?post=1696"}],"curies":[{"name":"wp","href":"https:\/\/api.w.org\/{rel}","templated":true}]}}