{"id":1686,"date":"2025-12-05T15:56:27","date_gmt":"2025-12-05T14:56:27","guid":{"rendered":"https:\/\/3d-printere.dk\/index.php\/vare\/vet-hund-renal-toerfoder-kronisk-nyresvigt-7\/"},"modified":"2025-12-05T15:56:29","modified_gmt":"2025-12-05T14:56:29","slug":"vet-hund-renal-toerfoder-kronisk-nyresvigt-7","status":"publish","type":"product","link":"https:\/\/3d-printere.dk\/index.php\/vare\/vet-hund-renal-toerfoder-kronisk-nyresvigt-7\/","title":{"rendered":"VET HUND Renal t\u00f8rfoder &#8211; Kronisk nyresvigt"},"content":{"rendered":"<p>Di\u00e6tetisk fuldfoder til hunde for at underst\u00f8tte nyrefunktionen ved akut og kronisk nyresvigt.<\/p>\n<p><strong>Indikation<\/strong><\/p>\n<ul>\n<li>Kronisk nyreinsufficiens (CNI) (nyresvigt)<\/li>\n<li>Forbig\u00e5ende nyreinsufficiens (nyresvigt)<\/li>\n<\/ul>\n<p><strong>M\u00e5l<\/strong><br \/>\nAflaste nyrerne gennem den rette tilf\u00f8relse af n\u00e6ringsstoffer<br \/>\nStabilisere og forbedre hundens generelle tilstand<br \/>\nFremme optagelsen af foderet p\u00e5 grund af den s\u00e6rdeles velsmagende opskrift<\/p>\n<p><strong>Plantebaserede ingredienser<\/strong><br \/>\nIngredienserne birkeblade og m\u00e6lkeb\u00f8tte bruges traditionelt til at rense blodet.<\/p>\n<p>&nbsp;<\/p>\n<p><strong>Ingredienser<\/strong><br \/>\nMajs, rismel, kartoffelflager, fjerkr\u00e6fedt, fedtegrever (8%), laksemel (4%), t\u00f8rrede hele \u00e6g (2%), guler\u00f8dder*, leverhydrolysat, solsikkeolie, kaliumchlorid, rapsolie, calciumcarbonat, g\u00e6r*, natriumchlorid, havalger*, h\u00f8rfr\u00f8 ( 0,15%), muslingek\u00f8d* (0,04%), marietidsel, g\u00e6r (ekstraheret)*, artiskok, m\u00e6lkeb\u00f8tte (0,015%), ingef\u00e6r, birkeblade (0,015%), br\u00e6nden\u00e6lde, kamille, koriander, rosmarin, salvie, lakridsrod, timian (t\u00f8rrede urter i alt: 0,16% ); *) t\u00f8rret<\/p>\n<p><strong>Analytiske bestanddele<\/strong><br \/>\nR\u00e5protein 16,0%, r\u00e5fedt 16,0%, r\u00e5fibre 2,0%, r\u00e5aske 4,0%, calcium 0,4%, fosfor 0,3%, natrium 0,25%, kalium 0,65%, magnesium 0,07%, omega-6 fedtsyrer 4,0%, omega-3 fedtsyrer 0,4%<\/p>\n<p>&nbsp;<\/p>\n<p><strong>Tils\u00e6tningsstoffer<\/strong><\/p>\n<p><strong>Vitaminer \/ kg:<br \/>\n<\/strong>Vitamin A (3a672a) 16000 IE, Vitamin D3 (3a671) 1000 IE, Vitamin E (alle rac-alfa-tocopherylacetat 3a700) 110 mg, Vitamin B1 (thiaminmononitrat 3a821) 4 mg, Vitamin B2 (riboflavin 3a825ii) 4 mg, Vitamin B6 (pyridoxinhydrochlorid 3a831) 4 mg, Biotin (3a880) 470 mcg, Calcium D-pantothenat (3a841) 10 mg, Niacin (3a314) 50 mg, Vitamin B12 70 mcg, Cholinchlorid (3a890) 55 mg<\/p>\n<p><strong>Sporstoffer\/kg:<\/strong><br \/>\nJern (jernsulfat, monohydrat 3b103) 75 mg, kobber (kobbersulfatpentahydrat 3b405) 15 mg, zink (zinkoxid 3b603 100 mg, aminosyre zinkchelat, hydrat 3b606 35 mg) 135 mg, mangan (manganoxid 3b502) 30 mg, jod (calciumiodat, vandfrit 3b202) 2,5 mg, selen (natriumselenit 3b801) 0,2 mg<\/p>\n<p><strong>Aminosyrer\/kg:<\/strong><br \/>\nL-tryptofan (3c440) 1000 mg<\/p>\n<p>Antioxidanter, tocopherolekstrakter af vegetabilske olier 1b306(i)<\/p>\n<p>&nbsp;<\/p>\n<p><strong>Kan ikke anbefales til<\/strong><br \/>\nHvalpe og unghunde op til 12. levem\u00e5ned<br \/>\nGraviditet, diegivende<br \/>\nPancreatitis (bet\u00e6ndelse i bugspytkirtlen)<br \/>\nHyperlipid\u00e6mi (forh\u00f8jet fedtstof i blodet)<br \/>\nFedtford\u00f8jelsesforstyrrelser<\/p>\n<p>&nbsp;<\/p>\n<p><img loading=\"lazy\" decoding=\"async\" class=\"alignnone wp-image-6105\" src=\"https:\/\/haps.centrumdyrehandel.dk\/wp-content\/uploads\/2024\/03\/VET-HUND-Renal-toerfoder-foderplan-040324-588x600.jpg\" alt=\"\" width=\"300\" height=\"306\" \/><\/p>\n<p><strong>Anbefalet varighed<\/strong><br \/>\nVed kronisk nyresvigt op til 6 m\u00e5neder. Livslang fodring er normalt n\u00f8dvendig. Hvis foderet anbefales til midlertidigt nyresvigt, er den anbefalede fodringsperiode 2 til 4 uger.<\/p>\n<p><strong>R\u00e5dgivning om fodring<\/strong><br \/>\nDet anbefales at kontrollere blodv\u00e6rdier og nyrefunktion med j\u00e6vne mellemrum.<\/p>\n<p><strong>Anbefalet foderm\u00e6ngde pr. dag<\/strong><br \/>\nM\u00e6ngden af \u200b\u200bfoder skal tilpasses hundens individuelle stofskifte og skal muligvis justeres i moderate m\u00e6ngder. Hunden skal altid have frisk vand til r\u00e5dighed.<br \/>\nBem\u00e6rk ved blandet fodring: 100 g v\u00e5dfoder \u2248 35 g t\u00f8rfoder<\/p>\n","protected":false},"excerpt":{"rendered":"<p>&nbsp;<\/p>\n<p><!--more--><\/p>\n<p><span style=\"color: #339966;\">M\u00c5 KUN ANVENDES EFTER AFTALE MED EN DYRL\u00c6GE<\/span><br \/>\n<span style=\"color: #339966;\">Happy Dog VET er kun tilg\u00e6ngelig hos godkendte forhandlere<\/span><\/p>\n<p>Findes i 1 kg, 4 kg og 12 kg<\/p>\n<ul>\n<li>Tilpasset reduktion af fosfor-, natrium- og proteinindhold i overensstemmelse med behovene<\/li>\n<li>H\u00f8j accept p\u00e5 grund af en s\u00e6rlig velsmagende opskrift<\/li>\n<li>H\u00f8j kvalitet af proteiner<\/li>\n<li>Med antioxidanter og omega-3 fedtsyrer for en yderligere positiv st\u00f8ttende effekt<\/li>\n<\/ul>\n","protected":false},"featured_media":0,"comment_status":"closed","ping_status":"closed","template":"","meta":[],"product_brand":[],"product_cat":[1825,2103,2099],"product_tag":[],"class_list":{"0":"post-1686","1":"product","2":"type-product","3":"status-publish","5":"product_cat-vet-hund","6":"product_cat-vet-hund-nyrersvigt-2","7":"product_cat-vet-hund-toerkost-2","9":"first","10":"instock","11":"featured","12":"purchasable","13":"product-type-simple"},"supplier_id":null,"supplier_sku":"","barcode":null,"atum_controlled":true,"out_stock_date":null,"out_stock_threshold":null,"inheritable":false,"inbound_stock":null,"stock_on_hold":0,"sold_today":0,"sales_last_days":0,"reserved_stock":null,"customer_returns":null,"warehouse_damage":null,"lost_in_post":null,"other_logs":null,"out_stock_days":0,"lost_sales":0,"has_location":null,"update_date":"2026-01-26T00:06:57","atum_locations":[],"atum_stock_status":"instock","restock_status":false,"low_stock_amount":"","sales_update_date":"2026-01-26T00:06:57","calc_backorders":null,"_links":{"self":[{"href":"https:\/\/3d-printere.dk\/index.php\/wp-json\/wp\/v2\/product\/1686","targetHints":{"allow":["GET"]}}],"collection":[{"href":"https:\/\/3d-printere.dk\/index.php\/wp-json\/wp\/v2\/product"}],"about":[{"href":"https:\/\/3d-printere.dk\/index.php\/wp-json\/wp\/v2\/types\/product"}],"replies":[{"embeddable":true,"href":"https:\/\/3d-printere.dk\/index.php\/wp-json\/wp\/v2\/comments?post=1686"}],"wp:attachment":[{"href":"https:\/\/3d-printere.dk\/index.php\/wp-json\/wp\/v2\/media?parent=1686"}],"wp:term":[{"taxonomy":"product_brand","embeddable":true,"href":"https:\/\/3d-printere.dk\/index.php\/wp-json\/wp\/v2\/product_brand?post=1686"},{"taxonomy":"product_cat","embeddable":true,"href":"https:\/\/3d-printere.dk\/index.php\/wp-json\/wp\/v2\/product_cat?post=1686"},{"taxonomy":"product_tag","embeddable":true,"href":"https:\/\/3d-printere.dk\/index.php\/wp-json\/wp\/v2\/product_tag?post=1686"}],"curies":[{"name":"wp","href":"https:\/\/api.w.org\/{rel}","templated":true}]}}