{"id":1679,"date":"2025-12-05T15:55:57","date_gmt":"2025-12-05T14:55:57","guid":{"rendered":"https:\/\/3d-printere.dk\/index.php\/vare\/vet-hund-intestinal-toerfoder-fordoejelsesproblemer-7\/"},"modified":"2025-12-05T15:56:11","modified_gmt":"2025-12-05T14:56:11","slug":"vet-hund-intestinal-toerfoder-fordoejelsesproblemer-7","status":"publish","type":"product","link":"https:\/\/3d-printere.dk\/index.php\/vare\/vet-hund-intestinal-toerfoder-fordoejelsesproblemer-7\/","title":{"rendered":"VET HUND Intestinal t\u00f8rfoder &#8211; Ford\u00f8jelsesproblemer"},"content":{"rendered":"<p>Di\u00e6tetisk fuldfoder til hvalpe fra 6. m\u00e5ned og voksne hunde til lindring af akutte ford\u00f8jelsesproblemer<\/p>\n<p><strong>Indikation<\/strong><br \/>\nAkutte og kroniske mave-tarm-sygdomme<\/p>\n<p><strong>M\u00e5l<\/strong><br \/>\nAt styrke tarmen til bedre ford\u00f8jelse<br \/>\nAflastning af ford\u00f8jelsessystemet<\/p>\n<p><strong>Plantebaserede ingredienser<\/strong><br \/>\nIngredienserne kamille og koriander anvendes traditionelt som supplement til den konventionelle behandling af gastrointestinale (mave\/tarm) problemer.<\/p>\n<p>&nbsp;<\/p>\n<p><strong>Ingredienser<\/strong><br \/>\nKyllingek\u00f8d* (20%), rismel (20%), ris (17,5%), kartoffelflager, risprotein* (10%), fjerkr\u00e6fedt (5%), laksemel, guler\u00f8dder*, leverhydrolysat, solsikkeolie, cellulose, monocalciumphosphat, t\u00f8rrede hele \u00e6g (0,5%), majs, kaliumklorid, rapsolie, g\u00e6r*, natriumchlorid, havalger*, h\u00f8rfr\u00f8, cikoriepulver (0,15% = 0,1% inulin), yucca schidigera*, psylliumskaller, g\u00e6r* (ekstraheret, 0,05% = 08% MOS), muslingek\u00f8d *, marietidsel, artiskok, m\u00e6lkeb\u00f8tte, ingef\u00e6r, birkeblade, br\u00e6nden\u00e6lde, kamille (0,016%), koriander (08%), rosmarin, salvie, lakridsrod, timian (t\u00f8rrede urter i alt: 0,16%); *) t\u00f8rret.<\/p>\n<p><strong>Analytiske bestanddele<\/strong><br \/>\nR\u00e5protein 26,0%, r\u00e5fedt 12,0%, r\u00e5fiber 2,5%, r\u00e5aske 7,5%, calcium 1,6%, fosfor 1,0%, natrium 0,35%, kalium 0,75%, magnesium 0,07%, omega-6 fedtsyrer 3,0% fedtsyrer, omega-3 fedtsyrer 0,3%<\/p>\n<p>&nbsp;<\/p>\n<p><strong>Tils\u00e6tningsstoffer<\/strong><\/p>\n<p><strong>Vitaminer \/ kg:<br \/>\n<\/strong>Vitamin A (3a672a) 17000 IE, vitamin D3 (3a671) 1000 IE, vitamin E (alle rac-alpha-tocopherylacetat 3a700) 125 mg, vitamin B1 (thiaminmononitrat 3a821) 4 mg, 825 vitamin B2i ) 4 mg, vitamin B6 (pyridoxinhydrochlorid 3a831) 4 mg, biotin (3a880) 490 mcg, calcium D-pantothenat (3a841) 10 mg, niacin (3a314) 50 mg, vitamin B12 70 mcg, cholin chlorid (358 mg).<\/p>\n<p><strong>Sporstoffer\/kg:<br \/>\n<\/strong>Jern (jern(II)sulfat, monohydrat 3b103) 50 mg, kobber (kobber(II)sulfatpentahydrat 3b405) 10 mg, zink (zinkoxid 3b603 75 mg, aminosyre zinkchelat, hydrat 3b66) 100 mg, mangan (mangan(II)oxid 3b502) 25 mg, jod (calciumiodat, vandfrit 3b202) 2 mg, selen (natriumselenit 3b801) 0,1 mg.<\/p>\n<p>Antioxidant, tocopherolekstrakter fra vegetabilske olier 1b306(i)<\/p>\n<p>&nbsp;<\/p>\n<p><strong>Kan ikke anbefales til<\/strong><br \/>\nAkut pancreatitis<br \/>\n(bet\u00e6ndelse i bugspytkirtlen)<br \/>\nHyperlipid\u00e6mi<br \/>\n(forh\u00f8jet fedtstof i blodet)<br \/>\nSygdomme, der kr\u00e6ver en \u00f8get reduktion af fedtindhold<br \/>\nHvalpe og unge hunde op til 6. levem\u00e5ned<br \/>\nGraviditet, diegivende<br \/>\nHunde med natriumretention<br \/>\n(hyppig vandladning)<\/p>\n<p>&nbsp;<\/p>\n<p><img loading=\"lazy\" decoding=\"async\" class=\"alignnone size-medium wp-image-6127\" src=\"https:\/\/haps.centrumdyrehandel.dk\/wp-content\/uploads\/2024\/03\/VET-HUND-intestinal-toerfoder-foderplan-040324-294x300.jpg\" alt=\"\" width=\"294\" height=\"300\" \/><\/p>\n<p><strong>Anbefalet varighed<\/strong><br \/>\nOp til 12 uger.<\/p>\n<p><strong>Anbefalet foderm\u00e6ngde pr. dag<\/strong><br \/>\nM\u00e6ngden af \u200b\u200bfoder skal tilpasses hundens individuelle stofskifte og skal muligvis justeres i moderate m\u00e6ngder. Hunden skal altid have frisk vand til r\u00e5dighed.<\/p>\n<p>* senest mellem 12-15. levem\u00e5ned skal m\u00e6ngden af foder langsomt reduceres til den anbefalede daglige m\u00e6ngde til \u201cnormale voksne hundes behov\u201d i overensstemmelse med det faldende energibehov. Bem\u00e6rk ved blandet fodring: 100 g v\u00e5dfoder \u2248 40 g t\u00f8rfoder.<\/p>\n","protected":false},"excerpt":{"rendered":"<p>&nbsp;<\/p>\n<p><!--more--><\/p>\n<p><span style=\"color: #339966;\">M\u00c5 KUN ANVENDES EFTER AFTALE MED EN DYRL\u00c6GE<\/span><br \/>\n<span style=\"color: #339966;\">Happy Dog VET er kun tilg\u00e6ngelig hos godkendte forhandlere<\/span><\/p>\n<p>Findes i 1 kg,\u00a0 4 kg og 12 kg<\/p>\n<ul>\n<li>Akut og kronisk mave-tarm sygdomme<\/li>\n<li>Forbedret optagelse af n\u00e6ringsstoffer<\/li>\n<li>Med letford\u00f8jelige ingredienser som kylling og ris<\/li>\n<li>Stabilisering af aff\u00f8ringen og styrkelse af tarmfloraen ved hj\u00e6lp af kostfibre<\/li>\n<li>Glutenfri<\/li>\n<li>Med inulin og mannanoligosaccharider* (MOS) til at genoprette tarmfloraen<\/li>\n<li>\u00d8get indhold af natrium og kalium<\/li>\n<\/ul>\n<p>* Mannanoligosaccharider (MOS) er komplekse kulhydrater, prim\u00e6rt best\u00e5ende af mannose, der findes naturligt i visse planter og g\u00e6r; de anvendes ofte som kosttilskud i dyrefoder for at fremme sund tarmfunktion og immunforsvar ved at virke pr\u00e6biotisk og binde patogene bakterier i tarmen.<\/p>\n","protected":false},"featured_media":0,"comment_status":"closed","ping_status":"closed","template":"","meta":[],"product_brand":[],"product_cat":[1825,2102,2099],"product_tag":[],"class_list":{"0":"post-1679","1":"product","2":"type-product","3":"status-publish","5":"product_cat-vet-hund","6":"product_cat-vet-hund-fordoejelsesbesvaer-2","7":"product_cat-vet-hund-toerkost-2","9":"first","10":"instock","11":"featured","12":"purchasable","13":"product-type-simple"},"supplier_id":null,"supplier_sku":"","barcode":null,"atum_controlled":true,"out_stock_date":null,"out_stock_threshold":null,"inheritable":false,"inbound_stock":null,"stock_on_hold":0,"sold_today":0,"sales_last_days":0,"reserved_stock":null,"customer_returns":null,"warehouse_damage":null,"lost_in_post":null,"other_logs":null,"out_stock_days":0,"lost_sales":0,"has_location":null,"update_date":"2026-01-26T00:06:57","atum_locations":[],"atum_stock_status":"instock","restock_status":false,"low_stock_amount":"","sales_update_date":"2026-01-26T00:06:57","calc_backorders":null,"_links":{"self":[{"href":"https:\/\/3d-printere.dk\/index.php\/wp-json\/wp\/v2\/product\/1679","targetHints":{"allow":["GET"]}}],"collection":[{"href":"https:\/\/3d-printere.dk\/index.php\/wp-json\/wp\/v2\/product"}],"about":[{"href":"https:\/\/3d-printere.dk\/index.php\/wp-json\/wp\/v2\/types\/product"}],"replies":[{"embeddable":true,"href":"https:\/\/3d-printere.dk\/index.php\/wp-json\/wp\/v2\/comments?post=1679"}],"wp:attachment":[{"href":"https:\/\/3d-printere.dk\/index.php\/wp-json\/wp\/v2\/media?parent=1679"}],"wp:term":[{"taxonomy":"product_brand","embeddable":true,"href":"https:\/\/3d-printere.dk\/index.php\/wp-json\/wp\/v2\/product_brand?post=1679"},{"taxonomy":"product_cat","embeddable":true,"href":"https:\/\/3d-printere.dk\/index.php\/wp-json\/wp\/v2\/product_cat?post=1679"},{"taxonomy":"product_tag","embeddable":true,"href":"https:\/\/3d-printere.dk\/index.php\/wp-json\/wp\/v2\/product_tag?post=1679"}],"curies":[{"name":"wp","href":"https:\/\/api.w.org\/{rel}","templated":true}]}}