{"id":1674,"date":"2025-12-05T15:55:57","date_gmt":"2025-12-05T14:55:57","guid":{"rendered":"https:\/\/3d-printere.dk\/index.php\/vare\/vet-hund-adipositas-vaadfoder-vaegtkontrol-4\/"},"modified":"2025-12-05T15:56:06","modified_gmt":"2025-12-05T14:56:06","slug":"vet-hund-adipositas-vaadfoder-vaegtkontrol-4","status":"publish","type":"product","link":"https:\/\/3d-printere.dk\/index.php\/vare\/vet-hund-adipositas-vaadfoder-vaegtkontrol-4\/","title":{"rendered":"VET HUND Adipositas v\u00e5dfoder &#8211; V\u00e6gtkontrol"},"content":{"rendered":"<p>Di\u00e6tetisk fuldfoder til voksne hunde med henblik p\u00e5 v\u00e6gtreduktion.<\/p>\n<p><strong>Indikation<\/strong><br \/>\nOverv\u00e6gt, Adipositas<\/p>\n<p><strong>M\u00e5l<\/strong><br \/>\nReduktion af overv\u00e6gt<br \/>\nForbedre og vedligeholde den fysiske tilstand<\/p>\n<p>&nbsp;<\/p>\n<p><strong>Ingredienser<\/strong><br \/>\nKyllingek\u00f8d og animalske biprodukter fra kylling, gr\u00e6skar, guler\u00f8dder, cellulose, mineraler, lakseolie, glucosamin, cikorierod (kilde til FOS), chondroitinsulfat, urteblanding.<\/p>\n<p><strong>Analytiske bestanddele<br \/>\n<\/strong>R\u00e5protein 8,6%, r\u00e5fedt 2,6%, r\u00e5fibre 2,6%, r\u00e5aske 1,7%, vandindhold 82%, calcium 0,24%, fosfor 0,21%, natrium 0,1%, omega-6 fedtsyrer 0,42%, omega-3 fedtsyrer 0,18%<\/p>\n<p>Energiv\u00e6rdi: 575 kcal\/kg<\/p>\n<p>&nbsp;<\/p>\n<p><strong>Tils\u00e6tningsstoffer<\/strong><\/p>\n<p><strong>Vitaminer \/ kg:<br \/>\n<\/strong>Vitamin D3 (3a671) 200 IE, Vitamin E (alle rac-alpha-tocopherylacetat 3a700) 20 mg, Vitamin B1 (Thia-min mononitrat 3a821) 4,8 mg, Vitamin B2 (Riboflavin 3a825i) 6 mg (Pyridoxinhydrochlorid 3a831) 2,5 mg, Biotin (3a880) 500 mcg, Calcium D-Pantothenate (3a841) 12 mg, Niacinamid (3a315) 13,5 mg, Vitamin B12 75 mcg, cholin803, (L3090 mg, cholin803,1) (L3090 mg) ) 300 mg, Taurin (3a370) 400 mg<\/p>\n<p><strong>Sporstoffer\/kg:<\/strong><br \/>\nKobber (kobber(II)sulfatpentahydrat 3b405) 2 mg, zink (zinksulfat, monohydrat 3b605) 21 mg, mangan (mangan(II)sulfat, monohydrat 3b503) 1,7 mg, jod (calcium2-iodatb, anhydro2-iodatb) ) 0,75 mg<\/p>\n<p>&nbsp;<\/p>\n<p><strong>Kan ikke anbefales til<\/strong><br \/>\nHvalpe og unge hunde op til 12. levem\u00e5ned<br \/>\nGraviditet, diegivende<br \/>\nKroniske sygdomme med \u00f8get energibehov<\/p>\n<p>&nbsp;<\/p>\n<p><img loading=\"lazy\" decoding=\"async\" class=\"alignnone wp-image-6100\" src=\"https:\/\/haps.centrumdyrehandel.dk\/wp-content\/uploads\/2024\/03\/VET-HUND-adipositas-vaadfoder-foderplan-040324-600x375.jpg\" alt=\"\" width=\"350\" height=\"219\" \/><\/p>\n<p><strong>Anbefalet varighed<\/strong><br \/>\nIndtil \u00f8nsket v\u00e6gt er opn\u00e5et &#8211; og derefter ved behov for at opretholde den ideelle v\u00e6gt.<\/p>\n<p><strong>R\u00e5dgivning om fodring<\/strong><br \/>\nDen optimale v\u00e6gttab p\u00e5 1-3% af den aktuelle kropsv\u00e6gt pr. uge skal kontrolleres regelm\u00e6ssigt. Det \u00f8gede aff\u00f8ring skyldes det h\u00f8jere indhold af kostfibre. For at undg\u00e5 ford\u00f8jelsesproblemer anbefales en langsom overgang til foder over flere dage.<\/p>\n<p><strong>Anbefalet foderm\u00e6ngde pr. dag<\/strong><br \/>\nM\u00e6ngden af \u200b\u200bfoder skal tilpasses hundens individuelle stofskifte og skal muligvis justeres i moderate m\u00e6ngder. Hunden skal altid have frisk vand til r\u00e5dighed. Bem\u00e6rk ved blandet fodring: 100 gr v\u00e5dfoder = 25 gr t\u00f8rfoder<\/p>\n","protected":false},"excerpt":{"rendered":"<p>&nbsp;<\/p>\n<p><!--more--><\/p>\n<p><span style=\"color: #339966;\">M\u00c5 KUN ANVENDES EFTER AFTALE MED EN DYRL\u00c6GE<\/span><br \/>\n<span style=\"color: #339966;\">Happy Dog VET er kun tilg\u00e6ngelig hos godkendte forhandlere<\/span><\/p>\n<p>Findes i 400 gr<\/p>\n<ul>\n<li>Reduceret energi- og kulhydratindhold<\/li>\n<li>M\u00e6ttende kostfibre<\/li>\n<li>Rig p\u00e5 protein, af h\u00f8j kvalitet, til at vedligeholde musklerne under v\u00e6gttab<\/li>\n<li>Med metaboliserende L-Carnitin<\/li>\n<li>Med glucosamin og kondroitin &#8211; til at st\u00f8tte leddene<\/li>\n<\/ul>\n","protected":false},"featured_media":0,"comment_status":"closed","ping_status":"closed","template":"","meta":[],"product_brand":[],"product_cat":[1825,2098,2100],"product_tag":[],"class_list":{"0":"post-1674","1":"product","2":"type-product","3":"status-publish","5":"product_cat-vet-hund","6":"product_cat-vet-hund-overvaegt-2","7":"product_cat-vet-hund-vaadkost-2","9":"first","10":"instock","11":"featured","12":"purchasable","13":"product-type-simple"},"supplier_id":null,"supplier_sku":"","barcode":null,"atum_controlled":true,"out_stock_date":null,"out_stock_threshold":null,"inheritable":false,"inbound_stock":null,"stock_on_hold":0,"sold_today":0,"sales_last_days":0,"reserved_stock":null,"customer_returns":null,"warehouse_damage":null,"lost_in_post":null,"other_logs":null,"out_stock_days":0,"lost_sales":0,"has_location":null,"update_date":"2026-01-26T00:06:57","atum_locations":[],"atum_stock_status":"instock","restock_status":false,"low_stock_amount":"","sales_update_date":"2026-01-26T00:06:57","calc_backorders":null,"_links":{"self":[{"href":"https:\/\/3d-printere.dk\/index.php\/wp-json\/wp\/v2\/product\/1674","targetHints":{"allow":["GET"]}}],"collection":[{"href":"https:\/\/3d-printere.dk\/index.php\/wp-json\/wp\/v2\/product"}],"about":[{"href":"https:\/\/3d-printere.dk\/index.php\/wp-json\/wp\/v2\/types\/product"}],"replies":[{"embeddable":true,"href":"https:\/\/3d-printere.dk\/index.php\/wp-json\/wp\/v2\/comments?post=1674"}],"wp:attachment":[{"href":"https:\/\/3d-printere.dk\/index.php\/wp-json\/wp\/v2\/media?parent=1674"}],"wp:term":[{"taxonomy":"product_brand","embeddable":true,"href":"https:\/\/3d-printere.dk\/index.php\/wp-json\/wp\/v2\/product_brand?post=1674"},{"taxonomy":"product_cat","embeddable":true,"href":"https:\/\/3d-printere.dk\/index.php\/wp-json\/wp\/v2\/product_cat?post=1674"},{"taxonomy":"product_tag","embeddable":true,"href":"https:\/\/3d-printere.dk\/index.php\/wp-json\/wp\/v2\/product_tag?post=1674"}],"curies":[{"name":"wp","href":"https:\/\/api.w.org\/{rel}","templated":true}]}}