{"id":1664,"date":"2025-12-05T15:55:34","date_gmt":"2025-12-05T14:55:34","guid":{"rendered":"https:\/\/3d-printere.dk\/index.php\/vare\/happy-dog-funktionel-snack-skin-coat-3\/"},"modified":"2025-12-05T15:55:51","modified_gmt":"2025-12-05T14:55:51","slug":"happy-dog-funktionel-snack-skin-coat-3","status":"publish","type":"product","link":"https:\/\/3d-printere.dk\/index.php\/vare\/happy-dog-funktionel-snack-skin-coat-3\/","title":{"rendered":"Happy Dog Funktionel Snack Skin &#038; Coat"},"content":{"rendered":"<p>Silkebl\u00f8d og skinnende pels \u2013 hvilken hundeejer \u00f8nsker sig ikke det? Beriget med de hudaktive n\u00e6ringsstoffer biotin og zink, den n\u00e6ringsrige spirulina og tilsat algeolie, der leverer essentielle fedtsyrer, st\u00f8tter den kornfri opskrift den naturlige hudfunktion og en skinnende pels.<\/p>\n<p>Fremstillet i Tyskland under den strengeste kvalitetskontrol.<\/p>\n<p>&nbsp;<\/p>\n<p><strong>Ingredienser:<\/strong><strong><br \/>\n<\/strong>Vegetabilske biprodukter*, kartoffel*, andeprotein*, g\u00e6r* (4%), hydrolyseret protein*, algeolie (2%), spirulina* (0,5%), natriumchlorid, g\u00e6r* (ekstraheret) (0,06%) ; *) t\u00f8rret.<\/p>\n<p><strong>Analytiske bestanddele<\/strong><strong><br \/>\n<\/strong>R\u00e5protein 17,5 %, r\u00e5fedt 4,5 %, r\u00e5fiber 2,0 %, r\u00e5aske 7,5 %.<\/p>\n<p>&nbsp;<\/p>\n<p><strong>Vitaminer \/kg:<\/strong><br \/>\nVitamin A (3a672a) 10700 I.E., Vitamin D3 (3a671) 630 I.E., Vitamin E (3a700i) 500 mg, Biotin (3a880) 6500 mg.<\/p>\n<p><strong>Sporstoffer\/kg:<\/strong><br \/>\nJern (3b103) 50 mg, kobber (3b405) 10 mg, zink (3b603) 60 mg, mangan (3b502) 12 mg, jod (3b202) 1,2 mg, selen (3b801) 0,2 mg.<\/p>\n<p><strong>Aminosyrer\/kg: <\/strong><br \/>\nDL-Methionin (3c301) 7500 mg. Antioxidant, tocopherolekstrakter fra vegetabilske olier 1b306(i).<\/p>\n<p><strong>Fodring:<\/strong><br \/>\n2 snacks pr. 5 kg kropsv\u00e6gt pr. dag. Stil altid frisk drikkevand til r\u00e5dighed.<\/p>\n","protected":false},"excerpt":{"rendered":"<p>&nbsp;<\/p>\n<p><!--more--><\/p>\n<p>Findes i 100 gr<\/p>\n<ul>\n<li>Runde velsmagende snacks<\/li>\n<li>Hudaktive n\u00e6ringsstoffer<\/li>\n<li>Biotin og zink<\/li>\n<li>Glutenfri<\/li>\n<li>Praktisk genluk-funktion<\/li>\n<li>17,5\/4,5\u00a0 protein\/fedt<\/li>\n<li>Anbefalet af dyrl\u00e6ger og opdr\u00e6ttere<\/li>\n<\/ul>\n","protected":false},"featured_media":1041,"comment_status":"closed","ping_status":"closed","template":"","meta":[],"product_brand":[],"product_cat":[1787,1543,2097,2062,2061,2094,2092,2089,1288,2088,2095],"product_tag":[],"class_list":{"0":"post-1664","1":"product","2":"type-product","3":"status-publish","4":"has-post-thumbnail","6":"product_cat-care-snacks","7":"product_cat-glutenfri-hund-2","8":"product_cat-kosttilskud-hund-2","9":"product_cat-maxi-hund-2","10":"product_cat-medium-hund-2","11":"product_cat-mini-hunde-2","12":"product_cat-pels-hund-2","13":"product_cat-sensible-hund-2","14":"product_cat-snacks-og-kiks-hund","15":"product_cat-voksen-hund-2","16":"product_cat-voksen-mini-hunde-2","18":"first","19":"instock","20":"featured","21":"product-type-simple"},"supplier_id":null,"supplier_sku":"","barcode":null,"atum_controlled":true,"out_stock_date":null,"out_stock_threshold":null,"inheritable":false,"inbound_stock":null,"stock_on_hold":0,"sold_today":0,"sales_last_days":0,"reserved_stock":null,"customer_returns":null,"warehouse_damage":null,"lost_in_post":null,"other_logs":null,"out_stock_days":0,"lost_sales":0,"has_location":null,"update_date":"2026-01-26T00:06:57","atum_locations":[],"atum_stock_status":"instock","restock_status":false,"low_stock_amount":"","sales_update_date":"2026-01-26T00:06:57","calc_backorders":null,"_links":{"self":[{"href":"https:\/\/3d-printere.dk\/index.php\/wp-json\/wp\/v2\/product\/1664","targetHints":{"allow":["GET"]}}],"collection":[{"href":"https:\/\/3d-printere.dk\/index.php\/wp-json\/wp\/v2\/product"}],"about":[{"href":"https:\/\/3d-printere.dk\/index.php\/wp-json\/wp\/v2\/types\/product"}],"replies":[{"embeddable":true,"href":"https:\/\/3d-printere.dk\/index.php\/wp-json\/wp\/v2\/comments?post=1664"}],"wp:featuredmedia":[{"embeddable":true,"href":"https:\/\/3d-printere.dk\/index.php\/wp-json\/wp\/v2\/media\/1041"}],"wp:attachment":[{"href":"https:\/\/3d-printere.dk\/index.php\/wp-json\/wp\/v2\/media?parent=1664"}],"wp:term":[{"taxonomy":"product_brand","embeddable":true,"href":"https:\/\/3d-printere.dk\/index.php\/wp-json\/wp\/v2\/product_brand?post=1664"},{"taxonomy":"product_cat","embeddable":true,"href":"https:\/\/3d-printere.dk\/index.php\/wp-json\/wp\/v2\/product_cat?post=1664"},{"taxonomy":"product_tag","embeddable":true,"href":"https:\/\/3d-printere.dk\/index.php\/wp-json\/wp\/v2\/product_tag?post=1664"}],"curies":[{"name":"wp","href":"https:\/\/api.w.org\/{rel}","templated":true}]}}