{"id":1654,"date":"2025-12-05T15:55:34","date_gmt":"2025-12-05T14:55:34","guid":{"rendered":"https:\/\/3d-printere.dk\/index.php\/vare\/vaadfoder-texas-4\/"},"modified":"2025-12-05T15:55:44","modified_gmt":"2025-12-05T14:55:44","slug":"vaadfoder-texas-4","status":"publish","type":"product","link":"https:\/\/3d-printere.dk\/index.php\/vare\/vaadfoder-texas-4\/","title":{"rendered":"V\u00e5dfoder Texas"},"content":{"rendered":"<p>Ren nydelse af animalsk protein fra kalkun &#8211; til \u00e6gte k\u00f8delskere. Fremstillet i Tyskland af 100% k\u00f8d og animalske biprodukter fra kalkun. Indeholder ingen kornprodukter og er fremstillet uden tilsat sukker. Anvendelsen af kalkun som eneste kilde til animalsk protein, g\u00f8r den s\u00e6rlig velegnet til fodring af sensible hunde. Sensible Pure Texas kan bruges som fuldfoder eller i kombination med Happy Dog flagefoderblanding eller Happy Dog t\u00f8rfoder.<\/p>\n<p>Fremstillet i Tyskland under den strengeste kvalitetskontrol!<\/p>\n<p>&nbsp;<\/p>\n<p><strong>Ingredienser:<\/strong><br \/>\nK\u00f8d og animalske biprodukter (70% &#8211; kalkunmuskelk\u00f8d, kalkunlever, kalkunhjerte, kalkunmave, kalkunhals)**, , mineraler; ** P\u00e5 grund af produktionsprocessen kan der v\u00e6re spor af andre proteiner. (Opskriften indeholder 29,8% vand)<\/p>\n<p><strong>Analytiske bestanddele:<\/strong><br \/>\nR\u00e5protein 10,8%, r\u00e5fedt 5,7%, r\u00e5aske 1,9%, r\u00e5fiber 0,7%, fugtighed 80,5%.<\/p>\n<p>&nbsp;<\/p>\n<p><strong>Tils\u00e6tningsstoffer:<br \/>\n<\/strong><br \/>\n<strong>Vitaminer\/kg:<\/strong><br \/>\nVitamin A 3a672a) 3000 IE, vitamin D3 (3a671) 300 I.E., vitamin E (all rac-alpha-tocopherylacetat 3a700) 12 mg, B1-vitamin (thiaminmononitrat 3a821) 2,5 mg.<\/p>\n<p>&nbsp;<\/p>\n<p><strong>Anbefalet daglig foderm\u00e6ngde (g\/dag<\/strong><strong>):<\/strong><\/p>\n<p><img loading=\"lazy\" decoding=\"async\" class=\"alignnone wp-image-5172\" src=\"https:\/\/3d-printere.dk\/wp-content\/uploads\/2025\/10\/Vaadfoder-Hund-Texas-foderplan-052022-600x440-2.jpg\" alt=\"\" width=\"500\" height=\"367\" \/><br \/>\n<strong>Bem\u00e6rk:<\/strong> V\u00e5dfoder kan gives rent eller blandes med Happy Dog Flocken Mixer. Specifikationerne er vejledende. Individuelle behov afh\u00e6nger af alder, race, v\u00e6gt og aktivitetsniveau. Fodres ved stuetemperatur. Tilbyd altid frisk drikkevand.<\/p>\n","protected":false},"excerpt":{"rendered":"<p><!--more--><\/p>\n<p>Findes i 400 gr<\/p>\n<ul>\n<li>Voksne hunde af alle racer<\/li>\n<li>Kalkun<\/li>\n<li>Kornfri<\/li>\n<li>10,8\/5,7 protein\/fedt<\/li>\n<li>Anbefalet af dyrel\u00e6ger til sensible hunde<\/li>\n<\/ul>\n","protected":false},"featured_media":1025,"comment_status":"closed","ping_status":"closed","template":"","meta":[],"product_brand":[],"product_cat":[1218,1168,2063,2062,2061,2089,2064,2066,2088],"product_tag":[],"class_list":{"0":"post-1654","1":"product","2":"type-product","3":"status-publish","4":"has-post-thumbnail","6":"product_cat-foderintolerance-hund-2","7":"product_cat-hundefoder-2","8":"product_cat-kornfri-hund-2","9":"product_cat-maxi-hund-2","10":"product_cat-medium-hund-2","11":"product_cat-sensible-hund-2","12":"product_cat-single-protein-hund-2","13":"product_cat-vaadfoder-flagefoder-hund-2","14":"product_cat-voksen-hund-2","16":"first","17":"instock","18":"featured","19":"purchasable","20":"product-type-simple"},"supplier_id":null,"supplier_sku":"","barcode":null,"atum_controlled":true,"out_stock_date":null,"out_stock_threshold":null,"inheritable":false,"inbound_stock":null,"stock_on_hold":0,"sold_today":0,"sales_last_days":0,"reserved_stock":null,"customer_returns":null,"warehouse_damage":null,"lost_in_post":null,"other_logs":null,"out_stock_days":0,"lost_sales":0,"has_location":null,"update_date":"2026-01-26T00:06:57","atum_locations":[],"atum_stock_status":"instock","restock_status":false,"low_stock_amount":"","sales_update_date":"2026-01-26T00:06:57","calc_backorders":null,"_links":{"self":[{"href":"https:\/\/3d-printere.dk\/index.php\/wp-json\/wp\/v2\/product\/1654","targetHints":{"allow":["GET"]}}],"collection":[{"href":"https:\/\/3d-printere.dk\/index.php\/wp-json\/wp\/v2\/product"}],"about":[{"href":"https:\/\/3d-printere.dk\/index.php\/wp-json\/wp\/v2\/types\/product"}],"replies":[{"embeddable":true,"href":"https:\/\/3d-printere.dk\/index.php\/wp-json\/wp\/v2\/comments?post=1654"}],"wp:featuredmedia":[{"embeddable":true,"href":"https:\/\/3d-printere.dk\/index.php\/wp-json\/wp\/v2\/media\/1025"}],"wp:attachment":[{"href":"https:\/\/3d-printere.dk\/index.php\/wp-json\/wp\/v2\/media?parent=1654"}],"wp:term":[{"taxonomy":"product_brand","embeddable":true,"href":"https:\/\/3d-printere.dk\/index.php\/wp-json\/wp\/v2\/product_brand?post=1654"},{"taxonomy":"product_cat","embeddable":true,"href":"https:\/\/3d-printere.dk\/index.php\/wp-json\/wp\/v2\/product_cat?post=1654"},{"taxonomy":"product_tag","embeddable":true,"href":"https:\/\/3d-printere.dk\/index.php\/wp-json\/wp\/v2\/product_tag?post=1654"}],"curies":[{"name":"wp","href":"https:\/\/api.w.org\/{rel}","templated":true}]}}