{"id":1649,"date":"2025-12-05T15:55:34","date_gmt":"2025-12-05T14:55:34","guid":{"rendered":"https:\/\/3d-printere.dk\/index.php\/vare\/vaadfoder-sardinia-4\/"},"modified":"2025-12-05T15:55:39","modified_gmt":"2025-12-05T14:55:39","slug":"vaadfoder-sardinia-4","status":"publish","type":"product","link":"https:\/\/3d-printere.dk\/index.php\/vare\/vaadfoder-sardinia-4\/","title":{"rendered":"V\u00e5dfoder Sardinia"},"content":{"rendered":"<p>Ren nydelse af animalsk protein fra ged &#8211; til \u00e6gte k\u00f8delskere. Fremstillet i Tyskland af 100% k\u00f8d og animalske biprodukter fra ged. Indeholder ingen kornprodukter og er fremstillet uden tilsat sukker. Anvendelsen af ged som eneste kilde til animalsk protein, g\u00f8r den s\u00e6rlig velegnet til fodring af sensible hunde. Sensible Pure Sardinia kan bruges som fuldfoder eller i kombination med Happy Dog flagefoderblanding eller Happy Dog t\u00f8rfoder.<\/p>\n<p>Fremstillet i Tyskland under den strengeste kvalitetskontrol!<\/p>\n<p>&nbsp;<\/p>\n<p><strong>Ingredienser:<\/strong><br \/>\nK\u00f8d og animalske biprodukter (70 % &#8211; gedemuskelk\u00f8d, gedehjerte, gedelunge, gedelever)*, mineraler. Der kan forekomme spor af andre proteiner som f\u00f8lge af produktionen. (Opskriften indeholder 29,8% vandindhold)<\/p>\n<p><strong>Analytiske bestanddele:<\/strong><br \/>\nR\u00e5protein 11,7%, r\u00e5fedt 6,3%, r\u00e5aske 1,1%, r\u00e5fibre 0,2%, vandindhold 79,9%<\/p>\n<p>&nbsp;<\/p>\n<p><strong>Tils\u00e6tningsstoffer:<br \/>\n<\/strong><br \/>\n<strong>Vitaminer\/kg:<\/strong><br \/>\nVitamin A (3a672a) 3000 IE, Vitamin D3 (3a671) 300 IE, Vitamin E (alle rac-alpha-tocopherylacetat 3a700) 12 mg, Vitamin B1 (thiaminmononitrat 3a821) 2,5 mg.<\/p>\n<p>&nbsp;<\/p>\n<p><strong>Anbefalet daglig foderm\u00e6ngde (g\/dag<\/strong><strong>):<\/strong><\/p>\n<p><img loading=\"lazy\" decoding=\"async\" class=\"alignnone wp-image-5108\" src=\"https:\/\/haps.centrumdyrehandel.dk\/wp-content\/uploads\/2024\/02\/Vaadfoder-Hund-Sardinia-foderplan-2024-600x440.jpg\" alt=\"\" width=\"500\" height=\"367\" \/><br \/>\n<strong>Bem\u00e6rk:<\/strong> V\u00e5dfoder kan gives rent eller blandes med Happy Dog Flocken Mixer. Specifikationerne er vejledende. Individuelle behov afh\u00e6nger af alder, race, v\u00e6gt og aktivitetsniveau. Fodres ved stuetemperatur. Tilbyd altid frisk drikkevand.<\/p>\n","protected":false},"excerpt":{"rendered":"<p><!--more--><\/p>\n<p>Findes i 400 gr<\/p>\n<ul>\n<li>Voksne hunde af alle racer<\/li>\n<li>Ged<\/li>\n<li>Kornfri<\/li>\n<li>11,7\/6,3 protein\/fedt<\/li>\n<li>Anbefalet af dyrel\u00e6ger til sensible hunde<\/li>\n<\/ul>\n","protected":false},"featured_media":0,"comment_status":"closed","ping_status":"closed","template":"","meta":[],"product_brand":[],"product_cat":[1218,1168,2063,2062,2061,2089,2064,2066,2088],"product_tag":[],"class_list":{"0":"post-1649","1":"product","2":"type-product","3":"status-publish","5":"product_cat-foderintolerance-hund-2","6":"product_cat-hundefoder-2","7":"product_cat-kornfri-hund-2","8":"product_cat-maxi-hund-2","9":"product_cat-medium-hund-2","10":"product_cat-sensible-hund-2","11":"product_cat-single-protein-hund-2","12":"product_cat-vaadfoder-flagefoder-hund-2","13":"product_cat-voksen-hund-2","15":"first","16":"instock","17":"featured","18":"purchasable","19":"product-type-simple"},"supplier_id":null,"supplier_sku":"","barcode":null,"atum_controlled":true,"out_stock_date":null,"out_stock_threshold":null,"inheritable":false,"inbound_stock":null,"stock_on_hold":0,"sold_today":0,"sales_last_days":0,"reserved_stock":null,"customer_returns":null,"warehouse_damage":null,"lost_in_post":null,"other_logs":null,"out_stock_days":0,"lost_sales":0,"has_location":null,"update_date":"2026-01-26T00:06:57","atum_locations":[],"atum_stock_status":"instock","restock_status":false,"low_stock_amount":"","sales_update_date":"2026-01-26T00:06:57","calc_backorders":null,"_links":{"self":[{"href":"https:\/\/3d-printere.dk\/index.php\/wp-json\/wp\/v2\/product\/1649","targetHints":{"allow":["GET"]}}],"collection":[{"href":"https:\/\/3d-printere.dk\/index.php\/wp-json\/wp\/v2\/product"}],"about":[{"href":"https:\/\/3d-printere.dk\/index.php\/wp-json\/wp\/v2\/types\/product"}],"replies":[{"embeddable":true,"href":"https:\/\/3d-printere.dk\/index.php\/wp-json\/wp\/v2\/comments?post=1649"}],"wp:attachment":[{"href":"https:\/\/3d-printere.dk\/index.php\/wp-json\/wp\/v2\/media?parent=1649"}],"wp:term":[{"taxonomy":"product_brand","embeddable":true,"href":"https:\/\/3d-printere.dk\/index.php\/wp-json\/wp\/v2\/product_brand?post=1649"},{"taxonomy":"product_cat","embeddable":true,"href":"https:\/\/3d-printere.dk\/index.php\/wp-json\/wp\/v2\/product_cat?post=1649"},{"taxonomy":"product_tag","embeddable":true,"href":"https:\/\/3d-printere.dk\/index.php\/wp-json\/wp\/v2\/product_tag?post=1649"}],"curies":[{"name":"wp","href":"https:\/\/api.w.org\/{rel}","templated":true}]}}