{"id":1639,"date":"2025-12-05T15:55:11","date_gmt":"2025-12-05T14:55:11","guid":{"rendered":"https:\/\/3d-printere.dk\/index.php\/vare\/vaadfoder-puppy-og-junior-lam-3\/"},"modified":"2025-12-05T15:55:23","modified_gmt":"2025-12-05T14:55:23","slug":"vaadfoder-puppy-og-junior-lam-3","status":"publish","type":"product","link":"https:\/\/3d-printere.dk\/index.php\/vare\/vaadfoder-puppy-og-junior-lam-3\/","title":{"rendered":"V\u00e5dfoder Puppy og Junior &#8211; lam"},"content":{"rendered":"<p>V\u00e5dfoder til hvalpe- og unghunde fra 8. leveuge. Ren nydelse af animalsk protein fra lam &#8211; til \u00e6gte k\u00f8delskere. V\u00e5dfoder kombinerer letford\u00f8jeligt lam med letford\u00f8jelig ris. Opskriften er glutenfri og produceres uden tilsat sukker. Med over 90% animalsk protein i det samlede proteinindhold er denne h\u00f8jkvalitets v\u00e5dfoder velegnet til hunde fra 8. leveuge. Sensible Puppy Lam &amp; Ris kan fodres som eneste ern\u00e6ring eller i kombination med et Happy Dog t\u00f8rfoder. Happy Dog Supreme Sensible Puppy Lam &amp; Ris eller Happy Dog Supreme Sensible Junior Lam &amp; Ris vil v\u00e6re et godt valg.<\/p>\n<p>Fremstillet i Tyskland under den strengeste kvalitetskontrol!<\/p>\n<p>&nbsp;<\/p>\n<p><strong>Ingredienser:<\/strong><br \/>\nK\u00f8d og animalske biprodukter (61% &#8211; heraf 8% lam) ris* (4%), \u00e6ggeskalspulver, psylliumskaller*, muslingepulver, rapsolie, lakseolie, cellulose, cikoriepulver, g\u00e6r* (ekstraheret) , krydret*, birkeblade*, kamille*\u00a0 \u00a0*) t\u00f8rret<\/p>\n<p><strong>Analytiske bestanddele:<\/strong><br \/>\nR\u00e5protein 10,1%, r\u00e5fedt 8,6%, r\u00e5aske 2,4%, r\u00e5fibre 0,4%, calcium 0,45%, fosfor 0,37%, vandindhold 77,2%.<\/p>\n<p>&nbsp;<\/p>\n<p><strong>Tils\u00e6tningsstoffer:<\/strong><br \/>\n<strong>Vitaminer\/kg:<\/strong><br \/>\nVitamin D3 (3a671)) 300 IE, Vitamin E (3a700i) 12 mg, Vitamin B1 (3a821) 2,5 mg, L-carnitin (3a910) 300 mg, Taurin (3a370) 1000 mg.<\/p>\n<p>&nbsp;<\/p>\n<p><strong>Anbefalet daglig foderm\u00e6ngde (g\/dag<\/strong><strong>):<\/strong><\/p>\n<p><img loading=\"lazy\" decoding=\"async\" class=\"alignnone wp-image-5106\" src=\"https:\/\/haps.centrumdyrehandel.dk\/wp-content\/uploads\/2024\/02\/Vaadfoder-Hund-puppy-junior-lam-og-ris-foderplan-2024-600x324.jpg\" alt=\"\" width=\"500\" height=\"270\" \/><br \/>\n<strong>Bem\u00e6rk:<\/strong> M\u00e6ngden af \u200b\u200bfoder b\u00f8r justeres gradvist, indtil den anbefalede foderm\u00e6ngde for f\u00f8lgende aldersgruppe er n\u00e5et. Efterh\u00e5nden som slutv\u00e6gten er n\u00e5et, falder energibehovet, og m\u00e6ngden af foder skal tilpasses efter foderanbefalingerne. Vej hvalpene regelm\u00e6ssigt og dokumenter deres v\u00e6gtudvikling. Det kan v\u00e6re n\u00f8dvendigt at justere m\u00e6ngden af foder individuelt. Fodre ikke for meget &#8211; v\u00e6r opm\u00e6rksom p\u00e5 den moderate v\u00e6kst. Ved tils\u00e6tning af snacks b\u00f8r foderm\u00e6ngden reduceres tilsvarende. Fordel den daglige foderration p\u00e5 flere m\u00e5ltider (3-4).Fodres ved stuetemperatur. S\u00f8rg for, at der altid er frisk drikkevand til r\u00e5dighed.<\/p>\n","protected":false},"excerpt":{"rendered":"<p><!--more--><\/p>\n<p>Findes i 400 gr<\/p>\n<ul>\n<li>Hvalpe og unghunde fra 8. leveuge<\/li>\n<li>Lam<\/li>\n<li>Kornfri<\/li>\n<li>10,1\/8,6 protein\/fedt<\/li>\n<li>Anbefalet af dyrel\u00e6ger til sensible hunde<\/li>\n<\/ul>\n","protected":false},"featured_media":1004,"comment_status":"closed","ping_status":"closed","template":"","meta":[],"product_brand":[],"product_cat":[1218,1168,1596,2063,2062,2061,2089,2066],"product_tag":[],"class_list":{"0":"post-1639","1":"product","2":"type-product","3":"status-publish","4":"has-post-thumbnail","6":"product_cat-foderintolerance-hund-2","7":"product_cat-hundefoder-2","8":"product_cat-hvalpe-og-unge-hunde-2","9":"product_cat-kornfri-hund-2","10":"product_cat-maxi-hund-2","11":"product_cat-medium-hund-2","12":"product_cat-sensible-hund-2","13":"product_cat-vaadfoder-flagefoder-hund-2","15":"first","16":"instock","17":"featured","18":"product-type-simple"},"supplier_id":null,"supplier_sku":"","barcode":null,"atum_controlled":true,"out_stock_date":null,"out_stock_threshold":null,"inheritable":false,"inbound_stock":null,"stock_on_hold":0,"sold_today":0,"sales_last_days":0,"reserved_stock":null,"customer_returns":null,"warehouse_damage":null,"lost_in_post":null,"other_logs":null,"out_stock_days":0,"lost_sales":0,"has_location":null,"update_date":"2026-01-26T00:06:58","atum_locations":[],"atum_stock_status":"instock","restock_status":false,"low_stock_amount":"","sales_update_date":"2026-01-26T00:06:58","calc_backorders":null,"_links":{"self":[{"href":"https:\/\/3d-printere.dk\/index.php\/wp-json\/wp\/v2\/product\/1639","targetHints":{"allow":["GET"]}}],"collection":[{"href":"https:\/\/3d-printere.dk\/index.php\/wp-json\/wp\/v2\/product"}],"about":[{"href":"https:\/\/3d-printere.dk\/index.php\/wp-json\/wp\/v2\/types\/product"}],"replies":[{"embeddable":true,"href":"https:\/\/3d-printere.dk\/index.php\/wp-json\/wp\/v2\/comments?post=1639"}],"wp:featuredmedia":[{"embeddable":true,"href":"https:\/\/3d-printere.dk\/index.php\/wp-json\/wp\/v2\/media\/1004"}],"wp:attachment":[{"href":"https:\/\/3d-printere.dk\/index.php\/wp-json\/wp\/v2\/media?parent=1639"}],"wp:term":[{"taxonomy":"product_brand","embeddable":true,"href":"https:\/\/3d-printere.dk\/index.php\/wp-json\/wp\/v2\/product_brand?post=1639"},{"taxonomy":"product_cat","embeddable":true,"href":"https:\/\/3d-printere.dk\/index.php\/wp-json\/wp\/v2\/product_cat?post=1639"},{"taxonomy":"product_tag","embeddable":true,"href":"https:\/\/3d-printere.dk\/index.php\/wp-json\/wp\/v2\/product_tag?post=1639"}],"curies":[{"name":"wp","href":"https:\/\/api.w.org\/{rel}","templated":true}]}}