{"id":1638,"date":"2025-12-05T15:55:11","date_gmt":"2025-12-05T14:55:11","guid":{"rendered":"https:\/\/3d-printere.dk\/index.php\/vare\/sensible-mini-xs-japan-4\/"},"modified":"2025-12-05T15:55:22","modified_gmt":"2025-12-05T14:55:22","slug":"sensible-mini-xs-japan-4","status":"publish","type":"product","link":"https:\/\/3d-printere.dk\/index.php\/vare\/sensible-mini-xs-japan-4\/","title":{"rendered":"Sensible Mini XS Japan"},"content":{"rendered":"<p>Fuldfoder, velegnet til sensible voksne hunde, op til 5 kg. voksenv\u00e6gt. Indeholder kylling, \u00f8rred og tang, afbalanceret udvalg af japanske ingredienser.<\/p>\n<p>Fremstillet i Tyskland under meget streng kvalitetskontrol!<\/p>\n<p>&nbsp;<\/p>\n<p><strong>Ingredienser:<\/strong><br \/>\nKylling* (22%), ris, rismel, olier og fedtstoffer, \u00f8rred, mel (7%), risprotein*, roetr\u00e6vler* (afsukret), h\u00f8rfr\u00f8 (2,4%), hydrolyseret protein, \u00e6blekvas* (1,3%), cellulose, kaliumchlorid, g\u00e6r*, natriumchlorid, tang* (0,27%), cikoriepulver, g\u00e6r* (ekstraheret), yucca schidigera* (0,1%), muslingek\u00f8d*, gurkemeje*, marietidsel, artiskok, m\u00e6lkeb\u00f8tte, ingef\u00e6r, birkeblade, br\u00e6nden\u00e6lde, kamille, koriander, rosmarin, salvie , lakridsrod, timian (t\u00f8rrede urter i alt: 0,15%); *t\u00f8rret<\/p>\n<p><strong>Analytiske bestanddele:<\/strong><br \/>\nR\u00e5protein 27,0%, r\u00e5fedt 16,0%, r\u00e5fiber 3,5%, r\u00e5aske 8,5%, calcium 1,5%, fosfor 0,95%, natrium 0,45%, omega-6-fedtsyrer 4,0%, omega-3-fedtsyrer 0,4%.<\/p>\n<p>&nbsp;<\/p>\n<p><strong>Tils\u00e6tningsstoffer:<\/strong><\/p>\n<p><strong>Vitaminer\/kg:<\/strong><strong><br \/>\n<\/strong>Vitamin A (3a672a) 14000 I.E., Vitamin D3 (3a671) 800 I.E., E-vitamin (alle rac-alpha-tocopherylacetat 3a700) 100 mg, vitamin B1 (thiaminmononitrat 3a821) 3 mg, vitamin B2 (riboflavin 3a825ii) 3 mg, vitamin B6 (py-ridoxinhydrochlorid 3a831) 3 mg, biotin (3a880) 395 mcg, calcium-D-pantothenat (3a841) 8 mg, niacin (3a314) 40 mg, vitamin B12 55 mcg, cholinklorid (3a890) 55 mg.<\/p>\n<p><strong>Sporstoffer \/ kg:<\/strong><br \/>\nJern (jernsulfat, monohydrat 3b103) 105 mg, kobber (kobber(II)sulfat pentahydrat 3b405) 10 mg, zink (zinkoxid 3b603 80 mg, aminosyrezinkchelat, hydrat 3b606 25 mg) 105 mg, mangan (mangan(II)oxid 3b502) 25 mg, jod (calciumjodat, vandfrit 3b202) 2 mg, selen (natriumselenit 3b801) 0,15 mg. Antioxidant, tocopherolekstrakter fra vegetabilske olier 1b306(i).<\/p>\n<p>&nbsp;<\/p>\n<p><strong>Anbefalet daglig foderm\u00e6ngde (g\/dag):<\/strong><\/p>\n<p><img loading=\"lazy\" decoding=\"async\" class=\"alignnone wp-image-5016\" src=\"https:\/\/haps.centrumdyrehandel.dk\/wp-content\/uploads\/2022\/06\/Mini-XS-Japan-0623-600x395.jpg\" alt=\"\" width=\"495\" height=\"326\" \/><\/p>\n<p><strong> Fodring:<\/strong><strong><br \/>\n<\/strong>Giv foderet t\u00f8r eller tilf\u00f8j frisk, varmt vand (ved omkring 50-60\u00b0 C) og lad det tr\u00e6kke i et par minutter. S\u00f8rg for, at der er frisk drikkevand til r\u00e5dighed p\u00e5 alle tidspunkter. Reducer m\u00e6ngden af foder, hvis du ogs\u00e5 giver din hund snacks\/godbidder. I betragtning af de metaboliske forskelle mellem de enkelte hunde, kan den angivne daglige m\u00e6ngde reduceres med op til 15\u00a0%, hvis hunden har tendens til at v\u00e6re overv\u00e6gtig.<\/p>\n","protected":false},"excerpt":{"rendered":"<p>&nbsp;<\/p>\n<p><!--more--><\/p>\n<p>Findes i 1,3 kg.<\/p>\n<ul>\n<li>Sm\u00e5 racer, op til 5 kg i voksenv\u00e6gt, normalt energibehov<\/li>\n<li>Sm\u00e5 kroketter<\/li>\n<li>Velsmagende med h\u00f8j optagelighed<\/li>\n<li>Glutenfri<\/li>\n<li>Indeholder omega-3 og omega-6<\/li>\n<li>Med yucca schidigera<\/li>\n<li>27\/16 protein\/fedt<\/li>\n<li>Anbefalet af dyrl\u00e6ger og opdr\u00e6ttere<\/li>\n<\/ul>\n","protected":false},"featured_media":0,"comment_status":"closed","ping_status":"closed","template":"","meta":[],"product_brand":[],"product_cat":[1543,1168,2092,2083,2089,2087,2086],"product_tag":[],"class_list":{"0":"post-1638","1":"product","2":"type-product","3":"status-publish","5":"product_cat-glutenfri-hund-2","6":"product_cat-hundefoder-2","7":"product_cat-pels-hund-2","8":"product_cat-reduceret-affoeringslugt-2","9":"product_cat-sensible-hund-2","10":"product_cat-toerfoder-hund-2","11":"product_cat-xs-mini-hunde-2","13":"first","14":"instock","15":"featured","16":"purchasable","17":"product-type-simple"},"supplier_id":null,"supplier_sku":"","barcode":null,"atum_controlled":true,"out_stock_date":null,"out_stock_threshold":null,"inheritable":false,"inbound_stock":null,"stock_on_hold":0,"sold_today":0,"sales_last_days":0,"reserved_stock":null,"customer_returns":null,"warehouse_damage":null,"lost_in_post":null,"other_logs":null,"out_stock_days":0,"lost_sales":0,"has_location":null,"update_date":"2026-01-26T00:06:58","atum_locations":[],"atum_stock_status":"instock","restock_status":false,"low_stock_amount":"","sales_update_date":"2026-01-26T00:06:58","calc_backorders":null,"_links":{"self":[{"href":"https:\/\/3d-printere.dk\/index.php\/wp-json\/wp\/v2\/product\/1638","targetHints":{"allow":["GET"]}}],"collection":[{"href":"https:\/\/3d-printere.dk\/index.php\/wp-json\/wp\/v2\/product"}],"about":[{"href":"https:\/\/3d-printere.dk\/index.php\/wp-json\/wp\/v2\/types\/product"}],"replies":[{"embeddable":true,"href":"https:\/\/3d-printere.dk\/index.php\/wp-json\/wp\/v2\/comments?post=1638"}],"wp:attachment":[{"href":"https:\/\/3d-printere.dk\/index.php\/wp-json\/wp\/v2\/media?parent=1638"}],"wp:term":[{"taxonomy":"product_brand","embeddable":true,"href":"https:\/\/3d-printere.dk\/index.php\/wp-json\/wp\/v2\/product_brand?post=1638"},{"taxonomy":"product_cat","embeddable":true,"href":"https:\/\/3d-printere.dk\/index.php\/wp-json\/wp\/v2\/product_cat?post=1638"},{"taxonomy":"product_tag","embeddable":true,"href":"https:\/\/3d-printere.dk\/index.php\/wp-json\/wp\/v2\/product_tag?post=1638"}],"curies":[{"name":"wp","href":"https:\/\/api.w.org\/{rel}","templated":true}]}}