{"id":1635,"date":"2025-12-05T15:55:11","date_gmt":"2025-12-05T14:55:11","guid":{"rendered":"https:\/\/3d-printere.dk\/index.php\/vare\/mini-naturcroq-snack-laks-og-ris-3\/"},"modified":"2025-12-05T15:55:19","modified_gmt":"2025-12-05T14:55:19","slug":"mini-naturcroq-snack-laks-og-ris-3","status":"publish","type":"product","link":"https:\/\/3d-printere.dk\/index.php\/vare\/mini-naturcroq-snack-laks-og-ris-3\/","title":{"rendered":"MINI NaturCroq Snack laks og ris"},"content":{"rendered":"<p>Den sukkerfri tr\u00e6ningssnack er perfekt til at bel\u00f8nne eller fork\u00e6le sm\u00e5 hunderacer. Til hunde, af sm\u00e5 racer, op til 10 kg. voksenv\u00e6gt.<\/p>\n<p>Fremstillet i Tyskland under den strengeste kvalitetskontrol.<\/p>\n<p>&nbsp;<\/p>\n<p><strong>Ingredienser:<\/strong><strong><br \/>\n<\/strong>Vegetabilske biprodukter* (herunder \u00e6blekvas (0,45%), gr\u00f8n havre*, solsikkefr\u00f8* (0,05%), karse*, persille* (samlet gr\u00f8nne urter: 0,2%)), fjerkr\u00e6protein*, fuldkornshvede, fuldkornsmajs, hvedemel, majsmel, ris (5,5%), fuldkornsbyg, laksemel (4 %), solsikkeolie, hydrolyseret protein*, g\u00e6r*, kaliumchlorid, natriumchlorid; *) t\u00f8rret.<\/p>\n<p><strong>Analytiske bestanddele<\/strong><strong><br \/>\n<\/strong>R\u00e5protein 15,5%, r\u00e5fedt 5,5%, r\u00e5fiber 1,5%, r\u00e5aske 6,5%, vandindhold 14%<\/p>\n<p>&nbsp;<\/p>\n<p><strong>Tils\u00e6tningsstoffer:<\/strong><\/p>\n<p><strong>Vitaminer \/kg:<\/strong><br \/>\nVitamin A (3a672a) 10500 IE, vitamin D3 (3a671) 600 IE.<\/p>\n<p><strong>Sporstoffer\/kg:<\/strong><br \/>\nJern (3b103) 35 mg, kobber (3b405) 8 mg, zink (3b603) 65 mg, mangan (3b502) 7 mg, jod (3b202) 2 mg, selen (3b801) 0,1 mg.<\/p>\n<p>Antioxidanter, tocopherolekstrakter fra vegetabilske olier 1b306(i).<\/p>\n<p>&nbsp;<\/p>\n<p><strong>Fodring:<\/strong><\/p>\n<p>Tilbyd et par stykker flere gang om dagen som bel\u00f8nning \u2013 eller som et lille mellemm\u00e5ltid. S\u00f8rg for at der er frisk drikkevand til r\u00e5dighed p\u00e5 alle tidspunkter.<\/p>\n","protected":false},"excerpt":{"rendered":"<p>&nbsp;<\/p>\n<p><!--more--><\/p>\n<p>Findes i poser \u00e1 100 gr<\/p>\n<ul>\n<li>Velsmagende bl\u00f8d snacks<\/li>\n<li>Laks og ris<\/li>\n<li>Letford\u00f8jelig<\/li>\n<li>Praktisk genluk-funktion<\/li>\n<li>15,5\/5,5 protein\/fedt<\/li>\n<li>Anbefalet af dyrl\u00e6ger og opdr\u00e6ttere<\/li>\n<\/ul>\n","protected":false},"featured_media":997,"comment_status":"closed","ping_status":"closed","template":"","meta":[],"product_brand":[],"product_cat":[1176,2094,2065,1288,2088,2095],"product_tag":[],"class_list":{"0":"post-1635","1":"product","2":"type-product","3":"status-publish","4":"has-post-thumbnail","6":"product_cat-fordoejelse-hund","7":"product_cat-mini-hunde-2","8":"product_cat-naturcroq-2","9":"product_cat-snacks-og-kiks-hund","10":"product_cat-voksen-hund-2","11":"product_cat-voksen-mini-hunde-2","13":"first","14":"instock","15":"featured","16":"product-type-simple"},"supplier_id":null,"supplier_sku":"","barcode":null,"atum_controlled":true,"out_stock_date":null,"out_stock_threshold":null,"inheritable":false,"inbound_stock":null,"stock_on_hold":0,"sold_today":0,"sales_last_days":0,"reserved_stock":null,"customer_returns":null,"warehouse_damage":null,"lost_in_post":null,"other_logs":null,"out_stock_days":0,"lost_sales":0,"has_location":null,"update_date":"2026-01-26T00:06:58","atum_locations":[],"atum_stock_status":"instock","restock_status":false,"low_stock_amount":"","sales_update_date":"2026-01-26T00:06:58","calc_backorders":null,"_links":{"self":[{"href":"https:\/\/3d-printere.dk\/index.php\/wp-json\/wp\/v2\/product\/1635","targetHints":{"allow":["GET"]}}],"collection":[{"href":"https:\/\/3d-printere.dk\/index.php\/wp-json\/wp\/v2\/product"}],"about":[{"href":"https:\/\/3d-printere.dk\/index.php\/wp-json\/wp\/v2\/types\/product"}],"replies":[{"embeddable":true,"href":"https:\/\/3d-printere.dk\/index.php\/wp-json\/wp\/v2\/comments?post=1635"}],"wp:featuredmedia":[{"embeddable":true,"href":"https:\/\/3d-printere.dk\/index.php\/wp-json\/wp\/v2\/media\/997"}],"wp:attachment":[{"href":"https:\/\/3d-printere.dk\/index.php\/wp-json\/wp\/v2\/media?parent=1635"}],"wp:term":[{"taxonomy":"product_brand","embeddable":true,"href":"https:\/\/3d-printere.dk\/index.php\/wp-json\/wp\/v2\/product_brand?post=1635"},{"taxonomy":"product_cat","embeddable":true,"href":"https:\/\/3d-printere.dk\/index.php\/wp-json\/wp\/v2\/product_cat?post=1635"},{"taxonomy":"product_tag","embeddable":true,"href":"https:\/\/3d-printere.dk\/index.php\/wp-json\/wp\/v2\/product_tag?post=1635"}],"curies":[{"name":"wp","href":"https:\/\/api.w.org\/{rel}","templated":true}]}}