{"id":1625,"date":"2025-12-05T15:54:48","date_gmt":"2025-12-05T14:54:48","guid":{"rendered":"https:\/\/3d-printere.dk\/index.php\/vare\/soft-snack-mini-ireland-3\/"},"modified":"2025-12-05T15:55:12","modified_gmt":"2025-12-05T14:55:12","slug":"soft-snack-mini-ireland-3","status":"publish","type":"product","link":"https:\/\/3d-printere.dk\/index.php\/vare\/soft-snack-mini-ireland-3\/","title":{"rendered":"Soft Snack MINI Ireland"},"content":{"rendered":"<p>Sund snack som bel\u00f8nning mellem m\u00e5ltiderne, til sm\u00e5 racer. Den bl\u00f8de, hjerteformede snack er ideel til at fork\u00e6le din lille hund med, eller som et mellemm\u00e5ltid. Ideel til hunde af sm\u00e5 racer, op til 10 kg. voksenv\u00e6gt, der skal undg\u00e5 korn. Soft Snack fremstilles uden tils\u00e6tning af sukker og konserveringsmidler.<\/p>\n<p>Fremstillet i Tyskland under den strengeste kvalitetskontrol.<\/p>\n<p>&nbsp;<\/p>\n<p><strong>Ingredienser:<\/strong><strong><br \/>\n<\/strong>Vegetabilske biprodukter, havremel, laksemel (10%), byg, majs, kaninprotein* (6%), hydrolyseret protein*, solsikkeolie, h\u00e6moglobin*, t\u00f8rrede hele \u00e6g, kaliumchlorid, g\u00e6r*, natriumchlorid, tang*, h\u00f8rfr\u00f8, muslingek\u00f8d*, g\u00e6r* (ekstraheret); *) t\u00f8rret.<\/p>\n<p><strong>Analytiske bestanddele<\/strong><strong><br \/>\n<\/strong>R\u00e5protein 17%, r\u00e5fedt 6%, r\u00e5fibre2%, r\u00e5aske 7,0%, vandindhold 14,0%, omega-6 fedtsyrer 2,0%, omega-3 fedtsyrer 0,2%<\/p>\n<p>&nbsp;<\/p>\n<p><strong>Tils\u00e6tningsstoffer:<\/strong><\/p>\n<p><strong>Vitaminer \/kg:<\/strong><br \/>\nVitamin A (3a672a) 12000 IE, vitamin D3 (3a671) 600 IE, biotin (3a880) 330 mcg.<\/p>\n<p><strong>Sporstoffer\/kg:<br \/>\n<\/strong>Jern (Jern(II)sulfat, monohydrat 3b103) 50 mg, Kobber (Kobber(II)-sulfat-pentahydrat 3b405) 11 mg, Zink (Zinkoxid 3b603 80 mg, Aminosyre-Zinkchelat, hydrat 3b606 15 mg) 95 mg, Mangan (Mangan(II)oxid 3b502) 22 mg, Jod (Calciumjodat, vandfri 3b202) 1,8 mg, Selen (Natriumselenit 3b801) 0,15 mg<\/p>\n<p>Antioxidationsmiddel, Tocopherolekstrakter fra planteolier 1b306(i)<\/p>\n<p>&nbsp;<\/p>\n<p><strong>Fodring:<\/strong><br \/>\nTilbyd et par stykker flere gang om dagen som bel\u00f8nning \u2013 eller som et lille mellemm\u00e5ltid. S\u00f8rg for at der er frisk drikkevand til r\u00e5dighed p\u00e5 alle tidspunkter.<\/p>\n","protected":false},"excerpt":{"rendered":"<p>&nbsp;<\/p>\n<p><!--more--><\/p>\n<p>Findes i poser \u00e1 100 gr<\/p>\n<ul>\n<li>Sm\u00e5 hjerteformede velsmagende snacks<\/li>\n<li>Laks og kanin<\/li>\n<li>Hvedefri<\/li>\n<li>Praktisk genluk-funktion<\/li>\n<li>17\/6\u00a0 protein\/fedt<\/li>\n<li>Anbefalet af dyrl\u00e6ger og opdr\u00e6ttere<\/li>\n<\/ul>\n","protected":false},"featured_media":889,"comment_status":"closed","ping_status":"closed","template":"","meta":[],"product_brand":[],"product_cat":[1436,2094,2092,2089,1288,2088,2095],"product_tag":[],"class_list":{"0":"post-1625","1":"product","2":"type-product","3":"status-publish","4":"has-post-thumbnail","6":"product_cat-hvedefri-hund-2","7":"product_cat-mini-hunde-2","8":"product_cat-pels-hund-2","9":"product_cat-sensible-hund-2","10":"product_cat-snacks-og-kiks-hund","11":"product_cat-voksen-hund-2","12":"product_cat-voksen-mini-hunde-2","14":"first","15":"instock","16":"featured","17":"product-type-simple"},"supplier_id":null,"supplier_sku":"","barcode":null,"atum_controlled":true,"out_stock_date":null,"out_stock_threshold":null,"inheritable":false,"inbound_stock":null,"stock_on_hold":0,"sold_today":0,"sales_last_days":0,"reserved_stock":null,"customer_returns":null,"warehouse_damage":null,"lost_in_post":null,"other_logs":null,"out_stock_days":0,"lost_sales":0,"has_location":null,"update_date":"2026-01-26T00:06:58","atum_locations":[],"atum_stock_status":"instock","restock_status":false,"low_stock_amount":"","sales_update_date":"2026-01-26T00:06:58","calc_backorders":null,"_links":{"self":[{"href":"https:\/\/3d-printere.dk\/index.php\/wp-json\/wp\/v2\/product\/1625","targetHints":{"allow":["GET"]}}],"collection":[{"href":"https:\/\/3d-printere.dk\/index.php\/wp-json\/wp\/v2\/product"}],"about":[{"href":"https:\/\/3d-printere.dk\/index.php\/wp-json\/wp\/v2\/types\/product"}],"replies":[{"embeddable":true,"href":"https:\/\/3d-printere.dk\/index.php\/wp-json\/wp\/v2\/comments?post=1625"}],"wp:featuredmedia":[{"embeddable":true,"href":"https:\/\/3d-printere.dk\/index.php\/wp-json\/wp\/v2\/media\/889"}],"wp:attachment":[{"href":"https:\/\/3d-printere.dk\/index.php\/wp-json\/wp\/v2\/media?parent=1625"}],"wp:term":[{"taxonomy":"product_brand","embeddable":true,"href":"https:\/\/3d-printere.dk\/index.php\/wp-json\/wp\/v2\/product_brand?post=1625"},{"taxonomy":"product_cat","embeddable":true,"href":"https:\/\/3d-printere.dk\/index.php\/wp-json\/wp\/v2\/product_cat?post=1625"},{"taxonomy":"product_tag","embeddable":true,"href":"https:\/\/3d-printere.dk\/index.php\/wp-json\/wp\/v2\/product_tag?post=1625"}],"curies":[{"name":"wp","href":"https:\/\/api.w.org\/{rel}","templated":true}]}}