{"id":1620,"date":"2025-12-05T15:54:48","date_gmt":"2025-12-05T14:54:48","guid":{"rendered":"https:\/\/3d-printere.dk\/index.php\/vare\/soft-snack-india-4\/"},"modified":"2025-12-05T15:55:02","modified_gmt":"2025-12-05T14:55:02","slug":"soft-snack-india-4","status":"publish","type":"product","link":"https:\/\/3d-printere.dk\/index.php\/vare\/soft-snack-india-4\/","title":{"rendered":"Soft Snack India"},"content":{"rendered":"<p>Sund snack som bel\u00f8nning mellem m\u00e5ltiderne. Den bl\u00f8de, hjerteformede snack er ideel til at fork\u00e6le din hund med, eller som et mellemm\u00e5ltid. Ideel til hunde af mellemstore og store racer. Soft Snack fremstilles uden tils\u00e6tning af sukker og konserveringsmidler.<\/p>\n<p>Fremstillet i Tyskland under den strengeste kvalitetskontrol.<\/p>\n<p>&nbsp;<\/p>\n<p><strong>Ingredienser:<\/strong><strong><br \/>\n<\/strong>Vegetabilske biprodukter (inklusive kokosn\u00f8d* (0,09%), gurkemeje* (0,07%), ris (15%), risprotein* (11,5%), \u00e6rteflager (3%), hydrolyseret protein (fra m\u00e6lkeprodukter), solsikke olie, g\u00e6r*, calciumcarbonat, natriumchlorid, t\u00f8rrede hele \u00e6g, traneb\u00e6r* (0,08%) *) t\u00f8rret.<\/p>\n<p><strong>Analytiske bestanddele:<\/strong><br \/>\nR\u00e5protein 12,5%, r\u00e5fedt 4,0%, r\u00e5fibre 4,0%, r\u00e5aske 5,0%, vandindhold 14%, omega-6 fedtsyrer 1,0%, omega-3 fedtsyrer 0,1%<\/p>\n<p>&nbsp;<\/p>\n<p><strong>Tils\u00e6tningsstoffer:<\/strong><br \/>\n<strong>Vitaminer\/kg:<\/strong><br \/>\nVitamin A (3a672a) 7000 IE, Vitamin D3 (3a671) 400 IE, L-carnitin (3a910) 355 mg, Taurin (3a370) 780 mg.<\/p>\n<p><strong>Sporstoffer \/ kg:<\/strong><br \/>\nJern (som 3b103) 25 mg, kobber (som 3b405) 5 mg, zink (som 3b603) 30 mg, mangan (som 3b502) 6 mg, jod (som 3b202) 0,6 mg, selen (som 3b801) 0,1 mg.<\/p>\n<p><strong>Aminosyrer\/kg:<br \/>\n<\/strong>DL-methionin (3c301) 1740 mg, L-tryptophan (3c440) 780 mg.<\/p>\n<p>Antioxidanter, tocopherolekstrakter fra vegetabilske olier 1b306(i).<\/p>\n<p>&nbsp;<\/p>\n<p><strong>Fodervejledning:<\/strong><br \/>\nTilbyd et par stykker flere gang om dagen som bel\u00f8nning \u2013 eller som et lille mellemm\u00e5ltid. S\u00f8rg for at der er frisk drikkevand til r\u00e5dighed p\u00e5 alle tidspunkter.<\/p>\n<p>&nbsp;<\/p>\n","protected":false},"excerpt":{"rendered":"<p>&nbsp;<\/p>\n<p><!--more--><\/p>\n<p>Findes i poser \u00e1 100 gr<\/p>\n<ul>\n<li>Hjerteformede velsmagende snacks<\/li>\n<li>Vegetarisk opskrift<\/li>\n<li>Ris, \u00e6rter og gurkemeje<\/li>\n<li>Hvede- og glutenfri<\/li>\n<li>Indeholder omega-3 og omega-6<\/li>\n<li>Praktisk genluk-funktion<\/li>\n<li>12,5\/4 protein\/fedt<\/li>\n<li>Anbefalet af dyrl\u00e6ger til sensible hunde<\/li>\n<\/ul>\n","protected":false},"featured_media":0,"comment_status":"closed","ping_status":"closed","template":"","meta":[],"product_brand":[],"product_cat":[1218,1543,1436,2062,2061,2092,2089,1288,2067,2088],"product_tag":[],"class_list":{"0":"post-1620","1":"product","2":"type-product","3":"status-publish","5":"product_cat-foderintolerance-hund-2","6":"product_cat-glutenfri-hund-2","7":"product_cat-hvedefri-hund-2","8":"product_cat-maxi-hund-2","9":"product_cat-medium-hund-2","10":"product_cat-pels-hund-2","11":"product_cat-sensible-hund-2","12":"product_cat-snacks-og-kiks-hund","13":"product_cat-vegetarisk-hund-2","14":"product_cat-voksen-hund-2","16":"first","17":"instock","18":"featured","19":"purchasable","20":"product-type-simple"},"supplier_id":null,"supplier_sku":"","barcode":null,"atum_controlled":true,"out_stock_date":null,"out_stock_threshold":null,"inheritable":false,"inbound_stock":null,"stock_on_hold":0,"sold_today":0,"sales_last_days":0,"reserved_stock":null,"customer_returns":null,"warehouse_damage":null,"lost_in_post":null,"other_logs":null,"out_stock_days":0,"lost_sales":0,"has_location":null,"update_date":"2026-01-26T00:06:58","atum_locations":[],"atum_stock_status":"instock","restock_status":false,"low_stock_amount":"","sales_update_date":"2026-01-26T00:06:58","calc_backorders":null,"_links":{"self":[{"href":"https:\/\/3d-printere.dk\/index.php\/wp-json\/wp\/v2\/product\/1620","targetHints":{"allow":["GET"]}}],"collection":[{"href":"https:\/\/3d-printere.dk\/index.php\/wp-json\/wp\/v2\/product"}],"about":[{"href":"https:\/\/3d-printere.dk\/index.php\/wp-json\/wp\/v2\/types\/product"}],"replies":[{"embeddable":true,"href":"https:\/\/3d-printere.dk\/index.php\/wp-json\/wp\/v2\/comments?post=1620"}],"wp:attachment":[{"href":"https:\/\/3d-printere.dk\/index.php\/wp-json\/wp\/v2\/media?parent=1620"}],"wp:term":[{"taxonomy":"product_brand","embeddable":true,"href":"https:\/\/3d-printere.dk\/index.php\/wp-json\/wp\/v2\/product_brand?post=1620"},{"taxonomy":"product_cat","embeddable":true,"href":"https:\/\/3d-printere.dk\/index.php\/wp-json\/wp\/v2\/product_cat?post=1620"},{"taxonomy":"product_tag","embeddable":true,"href":"https:\/\/3d-printere.dk\/index.php\/wp-json\/wp\/v2\/product_tag?post=1620"}],"curies":[{"name":"wp","href":"https:\/\/api.w.org\/{rel}","templated":true}]}}