{"id":1613,"date":"2025-12-05T15:54:48","date_gmt":"2025-12-05T14:54:48","guid":{"rendered":"https:\/\/3d-printere.dk\/index.php\/vare\/soft-snack-puppy-og-junior-lam-og-ris-4\/"},"modified":"2025-12-05T15:54:57","modified_gmt":"2025-12-05T14:54:57","slug":"soft-snack-puppy-og-junior-lam-og-ris-4","status":"publish","type":"product","link":"https:\/\/3d-printere.dk\/index.php\/vare\/soft-snack-puppy-og-junior-lam-og-ris-4\/","title":{"rendered":"Soft Snack Puppy og Junior &#8211; lam og ris"},"content":{"rendered":"<p>Velsmagende, letford\u00f8jelige snack til hvalpe og unghunde fra 6. uge. Den bl\u00f8de, hjerteformede snack er ideel til at fork\u00e6le sensible hvalpe\/unghunde af mellemstore og store racer med, eller som et mellemm\u00e5ltid. Soft Snack fremstilles uden tils\u00e6tning af sukker og konserveringsmidler.<\/p>\n<p>Fremstillet i Tyskland under den strengeste kvalitetskontrol.<\/p>\n<p>&nbsp;<\/p>\n<p><strong>Ingredienser:<\/strong><strong><br \/>\n<\/strong>Vegetabilske biprodukter*, lammeprotein* (13,5%), ris (13%), fedtegrever, majsmel, majs, risprotein* (3,8%), solsikkeolie, hydrolyseret protein*, kaliumchlorid, g\u00e6r*, natriumchlorid , tang*, h\u00f8rfr\u00f8, muslingek\u00f8d* (0,03%), g\u00e6r* (ekstraheret), *) t\u00f8rret<\/p>\n<p><strong>Analytiske bestanddele<\/strong><strong><br \/>\n<\/strong>R\u00e5protein 22,0%, r\u00e5fedt 6,0%, r\u00e5fibre 1,5%, r\u00e5aske 8,5%.<\/p>\n<p>&nbsp;<\/p>\n<p><strong>Tils\u00e6tningsstoffer:<\/strong><\/p>\n<p><strong>Vitaminer \/kg:<\/strong><br \/>\nA-vitamin (3a672a) 11500 IE, D3-vitamin (3a671) 600 IE, C-vitamin (3a312) 20 mg.<\/p>\n<p><strong>Sporstoffer\/kg:<\/strong><br \/>\nJern (3b103) 45 mg, kobber (3b405) 9 mg, zink (3b603, 3b606) 85 mg, mangan (3b502) 20 mg, jod (3b202) 2 mg, selen (3b801) 0,1 mg.<\/p>\n<p><strong>Aminosyrer\/kg:<\/strong><br \/>\nL-tryptophan (3c440) 600 mg.<\/p>\n<p>Antioxidant, tocopherolekstrakter fra vegetabilske olier 1b306(i)<\/p>\n<p>&nbsp;<\/p>\n<p><strong>Fodring:<\/strong><br \/>\nTilbyd et par stykker flere gang om dagen som bel\u00f8nning \u2013 eller som et lille mellemm\u00e5ltid. S\u00f8rg for at der er frisk drikkevand til r\u00e5dighed p\u00e5 alle tidspunkter.<\/p>\n","protected":false},"excerpt":{"rendered":"<p>&nbsp;<\/p>\n<p><!--more--><\/p>\n<p>Findes i poser \u00e1 100 gr<\/p>\n<ul>\n<li>Hjerteformede velsmagende snacks<\/li>\n<li>Lam og ris<\/li>\n<li>Indeholder ikke fjerkr\u00e6<\/li>\n<li>Glutenfri<\/li>\n<li>Praktisk genluk-funktion<\/li>\n<li>22\/6 protein\/fedt<\/li>\n<li>Anbefalet af dyrl\u00e6ger og opdr\u00e6ttere<\/li>\n<\/ul>\n","protected":false},"featured_media":0,"comment_status":"closed","ping_status":"closed","template":"","meta":[],"product_brand":[],"product_cat":[1218,1176,1543,1596,2089,1288],"product_tag":[],"class_list":{"0":"post-1613","1":"product","2":"type-product","3":"status-publish","5":"product_cat-foderintolerance-hund-2","6":"product_cat-fordoejelse-hund","7":"product_cat-glutenfri-hund-2","8":"product_cat-hvalpe-og-unge-hunde-2","9":"product_cat-sensible-hund-2","10":"product_cat-snacks-og-kiks-hund","12":"first","13":"instock","14":"featured","15":"purchasable","16":"product-type-simple"},"supplier_id":null,"supplier_sku":"","barcode":null,"atum_controlled":true,"out_stock_date":null,"out_stock_threshold":null,"inheritable":false,"inbound_stock":null,"stock_on_hold":0,"sold_today":0,"sales_last_days":0,"reserved_stock":null,"customer_returns":null,"warehouse_damage":null,"lost_in_post":null,"other_logs":null,"out_stock_days":0,"lost_sales":0,"has_location":null,"update_date":"2026-01-26T00:06:58","atum_locations":[],"atum_stock_status":"instock","restock_status":false,"low_stock_amount":"","sales_update_date":"2026-01-26T00:06:58","calc_backorders":null,"_links":{"self":[{"href":"https:\/\/3d-printere.dk\/index.php\/wp-json\/wp\/v2\/product\/1613","targetHints":{"allow":["GET"]}}],"collection":[{"href":"https:\/\/3d-printere.dk\/index.php\/wp-json\/wp\/v2\/product"}],"about":[{"href":"https:\/\/3d-printere.dk\/index.php\/wp-json\/wp\/v2\/types\/product"}],"replies":[{"embeddable":true,"href":"https:\/\/3d-printere.dk\/index.php\/wp-json\/wp\/v2\/comments?post=1613"}],"wp:attachment":[{"href":"https:\/\/3d-printere.dk\/index.php\/wp-json\/wp\/v2\/media?parent=1613"}],"wp:term":[{"taxonomy":"product_brand","embeddable":true,"href":"https:\/\/3d-printere.dk\/index.php\/wp-json\/wp\/v2\/product_brand?post=1613"},{"taxonomy":"product_cat","embeddable":true,"href":"https:\/\/3d-printere.dk\/index.php\/wp-json\/wp\/v2\/product_cat?post=1613"},{"taxonomy":"product_tag","embeddable":true,"href":"https:\/\/3d-printere.dk\/index.php\/wp-json\/wp\/v2\/product_tag?post=1613"}],"curies":[{"name":"wp","href":"https:\/\/api.w.org\/{rel}","templated":true}]}}