{"id":1596,"date":"2025-12-05T15:54:23","date_gmt":"2025-12-05T14:54:23","guid":{"rendered":"https:\/\/3d-printere.dk\/index.php\/vare\/sensible-mini-montana-5\/"},"modified":"2025-12-05T15:54:34","modified_gmt":"2025-12-05T14:54:34","slug":"sensible-mini-montana-5","status":"publish","type":"product","link":"https:\/\/3d-printere.dk\/index.php\/vare\/sensible-mini-montana-5\/","title":{"rendered":"Sensible MINI Montana"},"content":{"rendered":"<p>Komplet foder, velegnet til sensible voksne hunde, op til 10 kg. voksenv\u00e6gt. Indeholder hestek\u00f8d og glutenfri kartoffel.<\/p>\n<p>Fremstillet i Tyskland under den strengeste kvalitetskontrol.<\/p>\n<p>&nbsp;<\/p>\n<p><strong>Ingredienser:<\/strong><strong><br \/>\n<\/strong>Kartoffel*, hesteprotein* (15,5%), kartoffelprotein*, olier og fedtstoffer, roetr\u00e6vler* (afsukret), hydrolyseret protein, \u00e6blekvas*, g\u00e6r* (ekstraheret) *) t\u00f8rret.<\/p>\n<p><strong>Analytiske bestanddele:<\/strong><strong><br \/>\n<\/strong>R\u00e5protein 24,0%, r\u00e5fedt 12,0%, r\u00e5fibre 2,5%, r\u00e5aske 9,0%, calcium 2,0%, fosfor 1,2%, natrium 0,3%, omega-6 fedtsyrer 4,0%, omega-3 fedtsyrer 0,4%<\/p>\n<p>&nbsp;<\/p>\n<p><strong>Tils\u00e6tningsstoffer:<\/strong><\/p>\n<p><strong>Vitaminer\/kg:<\/strong><strong><br \/>\n<\/strong>Vitamin A (3a672a) 15000 IE, vitamin D3 (3a671) 900 IE, taurin (3a370) 500 mg.<\/p>\n<p><strong>Sporstoffer\/kg:<\/strong><br \/>\nJern (som 3b103) 50 mg, kobber (som 3b405) 10 mg, zink (as) 3b603 ) 60 mg, mangan (som 3b502) 11 mg, jod (som 3b202) 1,0 mg, selen (som 3b801) 0,2 mg.<\/p>\n<p><strong>Aminosyrer\/kg:<\/strong><br \/>\nDL-methionin (3c301) 3600 mg<\/p>\n<p>Antioxidanter, tocopherolekstrakter fra vegetabilske olier 1b306(i)<\/p>\n<p>&nbsp;<\/p>\n<p><strong>Anbefalet daglig foderm\u00e6ngde (g\/dag):<\/strong><\/p>\n<p><img loading=\"lazy\" decoding=\"async\" class=\"alignnone wp-image-4823\" src=\"https:\/\/3d-printere.dk\/wp-content\/uploads\/2025\/10\/Mini-montana_0623-1.jpg\" alt=\"\" width=\"174\" height=\"240\" \/><\/p>\n<p><strong>Fodring:<br \/>\n<\/strong>T\u00f8r eller tils\u00e6t varmt, ferskvand (ca. 60 \u00b0 C) og lad st\u00e5 i et par minutter. Opbevar frisk drikkevand til din r\u00e5dighed. Hvis der tils\u00e6ttes yderligere snacks eller andre supplerende produkter, skal foderm\u00e6ngden reduceres. P\u00e5 grund af individuelle forskelle i hundens metabolisme kan den givne daglige m\u00e6ngde reduceres med op til 15%.<\/p>\n","protected":false},"excerpt":{"rendered":"<p>&nbsp;<\/p>\n<p><!--more--><\/p>\n<p>Findes i 300 gr og 4 kg<\/p>\n<ul>\n<li>Sm\u00e5 racer op til 10 kg voksenv\u00e6gt \u2013 normalt energibehov<\/li>\n<li>Sm\u00e5 kroketter til sm\u00e5 hunde<\/li>\n<li>Eksklusiv animalsk single-protein<\/li>\n<li>Korn- og glutenfri<\/li>\n<li>Indeholder omega-3 og omega-6<\/li>\n<li>24\/12 protein\/fedt<\/li>\n<li>Anbefalet af dyrel\u00e6ger og opdr\u00e6ttere<\/li>\n<\/ul>\n","protected":false},"featured_media":527,"comment_status":"closed","ping_status":"closed","template":"","meta":[],"product_brand":[],"product_cat":[1218,1176,1543,1168,2063,2094,2089,2064,2087,2088,2095],"product_tag":[],"class_list":{"0":"post-1596","1":"product","2":"type-product","3":"status-publish","4":"has-post-thumbnail","6":"product_cat-foderintolerance-hund-2","7":"product_cat-fordoejelse-hund","8":"product_cat-glutenfri-hund-2","9":"product_cat-hundefoder-2","10":"product_cat-kornfri-hund-2","11":"product_cat-mini-hunde-2","12":"product_cat-sensible-hund-2","13":"product_cat-single-protein-hund-2","14":"product_cat-toerfoder-hund-2","15":"product_cat-voksen-hund-2","16":"product_cat-voksen-mini-hunde-2","18":"first","19":"instock","20":"featured","21":"purchasable","22":"product-type-simple"},"supplier_id":null,"supplier_sku":"","barcode":null,"atum_controlled":true,"out_stock_date":null,"out_stock_threshold":null,"inheritable":false,"inbound_stock":null,"stock_on_hold":0,"sold_today":0,"sales_last_days":0,"reserved_stock":null,"customer_returns":null,"warehouse_damage":null,"lost_in_post":null,"other_logs":null,"out_stock_days":0,"lost_sales":0,"has_location":null,"update_date":"2026-01-26T00:06:58","atum_locations":[],"atum_stock_status":"instock","restock_status":false,"low_stock_amount":"","sales_update_date":"2026-01-26T00:06:58","calc_backorders":null,"_links":{"self":[{"href":"https:\/\/3d-printere.dk\/index.php\/wp-json\/wp\/v2\/product\/1596","targetHints":{"allow":["GET"]}}],"collection":[{"href":"https:\/\/3d-printere.dk\/index.php\/wp-json\/wp\/v2\/product"}],"about":[{"href":"https:\/\/3d-printere.dk\/index.php\/wp-json\/wp\/v2\/types\/product"}],"replies":[{"embeddable":true,"href":"https:\/\/3d-printere.dk\/index.php\/wp-json\/wp\/v2\/comments?post=1596"}],"wp:featuredmedia":[{"embeddable":true,"href":"https:\/\/3d-printere.dk\/index.php\/wp-json\/wp\/v2\/media\/527"}],"wp:attachment":[{"href":"https:\/\/3d-printere.dk\/index.php\/wp-json\/wp\/v2\/media?parent=1596"}],"wp:term":[{"taxonomy":"product_brand","embeddable":true,"href":"https:\/\/3d-printere.dk\/index.php\/wp-json\/wp\/v2\/product_brand?post=1596"},{"taxonomy":"product_cat","embeddable":true,"href":"https:\/\/3d-printere.dk\/index.php\/wp-json\/wp\/v2\/product_cat?post=1596"},{"taxonomy":"product_tag","embeddable":true,"href":"https:\/\/3d-printere.dk\/index.php\/wp-json\/wp\/v2\/product_tag?post=1596"}],"curies":[{"name":"wp","href":"https:\/\/api.w.org\/{rel}","templated":true}]}}