{"id":1589,"date":"2025-12-05T15:54:23","date_gmt":"2025-12-05T14:54:23","guid":{"rendered":"https:\/\/3d-printere.dk\/index.php\/vare\/fit-vital-mini-light-5\/"},"modified":"2025-12-05T15:54:28","modified_gmt":"2025-12-05T14:54:28","slug":"fit-vital-mini-light-5","status":"publish","type":"product","link":"https:\/\/3d-printere.dk\/index.php\/vare\/fit-vital-mini-light-5\/","title":{"rendered":"Fit &#038; Vital MINI light"},"content":{"rendered":"<p>Fuldfoder til sm\u00e5 hunderacer, op til 10 kg. voksenv\u00e6gt, der har tendens til overv\u00e6gt. Indeholder fjerkr\u00e6, laks, havfisk, lam og \u00e6g.<br \/>\nFremstillet i Tyskland under den strengeste kvalitetskontrol.<\/p>\n<p>&nbsp;<\/p>\n<p><strong>Ingredienser:<\/strong><br \/>\nAnimalske proteiner* (fjerkr\u00e6 16%, lam 4%), majsmel, majs, ris, byg, lignocellulose (5,8%), fiskemel (5%, heraf 50% laksemel), fedtegrever, hydrolyseret protein, roetr\u00e6vler (afsukret). )*, olier og fedtstoffer, \u00e6blekvas*, kaliumchlorid, g\u00e6r*, natriumchlorid, tang*, h\u00f8rfr\u00f8 (0,16%), t\u00f8rrede hele \u00e6g (0,1%), marietidsel, muslingek\u00f8d* (0,02%), yucca schidigera*, g\u00e6r* (ekstraheret), artiskok, m\u00e6lkeb\u00f8tte, ingef\u00e6r (0,015%), birkeblade, br\u00e6nden\u00e6lde, kamille, koriander, rosmarin, salvie, lakridsrod, timian, (t\u00f8rrede urter i alt: 0,15%)g<\/p>\n<p><strong>Analytiske bestanddele:<\/strong><br \/>\nR\u00e5protein 26%, r\u00e5fedt 7,5%, r\u00e5fibre 4,5%, r\u00e5aske 7%, calcium 1,45%, fosfor 1,0%, natrium 0,35%, omega-6 fedtsyrer 1,7%, omega-3 fedtsyrer 0,2%<\/p>\n<p>&nbsp;<\/p>\n<p><strong>Tils\u00e6tningsstoffer:<\/strong><\/p>\n<p><strong>Vitaminer\/kg:<\/strong><br \/>\nVitamin A (3a672a) 17000 IE, vitamin D3 (3a671) 900 IE, L &#8211; carnitin (3a910) 500 mg.<\/p>\n<p><strong>Sporstoffer\/kg:<\/strong><br \/>\nJern (som 3b103) 50 mg, kobber (som 3b405) 10 mg, zink (som 3b603, 3b606) 100 mg, mangan (som 3b502) 25 mg, jod (som 3b202) 2 mg, selen (som 3b801) 0,1 mg.<\/p>\n<p>&nbsp;<\/p>\n<p><strong>Anbefalet daglig foderm\u00e6ngde (g\/dag):<\/strong><\/p>\n<p><strong> <img loading=\"lazy\" decoding=\"async\" class=\"alignnone wp-image-4822\" src=\"https:\/\/haps.centrumdyrehandel.dk\/wp-content\/uploads\/2022\/06\/Mini-light-0623-600x305.jpg\" alt=\"\" width=\"500\" height=\"254\" \/><\/strong><\/p>\n<p><strong>Fodring:<br \/>\n<\/strong>Giv foderet t\u00f8r eller tilf\u00f8j frisk, varmt vand (ved omkring 50-60\u00b0 C) og lad det tr\u00e6kke i et par minutter. S\u00f8rg for, at der er frisk drikkevand til r\u00e5dighed p\u00e5 alle tidspunkter. Reducer m\u00e6ngden af foder, hvis du ogs\u00e5 giver din hund snacks\/godbidder. I betragtning af forskellen mellem de enkelte hunde, kan den angivne daglige m\u00e6ngde reduceres med op til 15 %, hvis hunden har tendens til at v\u00e6re overv\u00e6gtig.<\/p>\n","protected":false},"excerpt":{"rendered":"<p>&nbsp;<\/p>\n<p><!--more--><\/p>\n<p>Findes i 300 gr og 4 kg<\/p>\n<ul>\n<li>Sm\u00e5 racer op til 10 kg voksenv\u00e6gt \u2013 normalt energibehov<\/li>\n<li>Sm\u00e5 kroketter til sm\u00e5 hunde<\/li>\n<li>Lavt indhold af kalorier og fedt<\/li>\n<li>5 forskellige proteinkilder<\/li>\n<li>Hvedefri<\/li>\n<li>26\/7,5 protein\/fedt<\/li>\n<li>Anbefalet af dyrel\u00e6ger og opdr\u00e6ttere<\/li>\n<\/ul>\n","protected":false},"featured_media":0,"comment_status":"closed","ping_status":"closed","template":"","meta":[],"product_brand":[],"product_cat":[1151,1168,1436,2094,2090,2091,2087,2088,2095],"product_tag":[],"class_list":{"0":"post-1589","1":"product","2":"type-product","3":"status-publish","5":"product_cat-fit-vital","6":"product_cat-hundefoder-2","7":"product_cat-hvedefri-hund-2","8":"product_cat-mini-hunde-2","9":"product_cat-neutraliseret-hund-2","10":"product_cat-overvaegt-hund-2","11":"product_cat-toerfoder-hund-2","12":"product_cat-voksen-hund-2","13":"product_cat-voksen-mini-hunde-2","15":"first","16":"instock","17":"featured","18":"purchasable","19":"product-type-simple"},"supplier_id":null,"supplier_sku":"","barcode":null,"atum_controlled":true,"out_stock_date":null,"out_stock_threshold":null,"inheritable":false,"inbound_stock":null,"stock_on_hold":0,"sold_today":0,"sales_last_days":0,"reserved_stock":null,"customer_returns":null,"warehouse_damage":null,"lost_in_post":null,"other_logs":null,"out_stock_days":0,"lost_sales":0,"has_location":null,"update_date":"2026-01-26T00:06:58","atum_locations":[],"atum_stock_status":"instock","restock_status":false,"low_stock_amount":"","sales_update_date":"2026-01-26T00:06:58","calc_backorders":null,"_links":{"self":[{"href":"https:\/\/3d-printere.dk\/index.php\/wp-json\/wp\/v2\/product\/1589","targetHints":{"allow":["GET"]}}],"collection":[{"href":"https:\/\/3d-printere.dk\/index.php\/wp-json\/wp\/v2\/product"}],"about":[{"href":"https:\/\/3d-printere.dk\/index.php\/wp-json\/wp\/v2\/types\/product"}],"replies":[{"embeddable":true,"href":"https:\/\/3d-printere.dk\/index.php\/wp-json\/wp\/v2\/comments?post=1589"}],"wp:attachment":[{"href":"https:\/\/3d-printere.dk\/index.php\/wp-json\/wp\/v2\/media?parent=1589"}],"wp:term":[{"taxonomy":"product_brand","embeddable":true,"href":"https:\/\/3d-printere.dk\/index.php\/wp-json\/wp\/v2\/product_brand?post=1589"},{"taxonomy":"product_cat","embeddable":true,"href":"https:\/\/3d-printere.dk\/index.php\/wp-json\/wp\/v2\/product_cat?post=1589"},{"taxonomy":"product_tag","embeddable":true,"href":"https:\/\/3d-printere.dk\/index.php\/wp-json\/wp\/v2\/product_tag?post=1589"}],"curies":[{"name":"wp","href":"https:\/\/api.w.org\/{rel}","templated":true}]}}