{"id":1580,"date":"2025-12-05T15:53:58","date_gmt":"2025-12-05T14:53:58","guid":{"rendered":"https:\/\/3d-printere.dk\/index.php\/vare\/naturcroq-grainfree-kornfri-3\/"},"modified":"2025-12-05T15:54:13","modified_gmt":"2025-12-05T14:54:13","slug":"naturcroq-grainfree-kornfri-3","status":"publish","type":"product","link":"https:\/\/3d-printere.dk\/index.php\/vare\/naturcroq-grainfree-kornfri-3\/","title":{"rendered":"NaturCroq Grainfree &#8211; kornfri"},"content":{"rendered":"<p>Komplet fuldfoder til voksne hunde, med normalt energibehov. Spr\u00f8de kroketter med letford\u00f8jelig fjerkr\u00e6 og n\u00e6rende laks, beriget med v\u00e6rdifulde lokale urter.<\/p>\n<p>Fremstillet i Tyskland under den strengeste kvalitetskontrol!<\/p>\n<p>&nbsp;<\/p>\n<p><strong>Ingredienser:<\/strong><br \/>\nKartoffel*, animalsk protein* (fra fjerkr\u00e6) (22,5%), olier og fedtstoffer, laksemel (4,0%), hydrolyseret protein, roetr\u00e6vler* (afsukret), \u00e6blekvas* (0,9%), gr\u00f8n havre * , solsikke* (0,07%), karse*, persille* (gr\u00f8nne urter i alt: 0,3%); *) t\u00f8rret.<\/p>\n<p><strong>Analytiske bestanddele:<\/strong><br \/>\nR\u00e5protein 24,0%, r\u00e5fedt 14,0%, r\u00e5fiber 2,5%, r\u00e5aske 6,0%, calcium 0,95%, fosfor 0,7%, natrium 0,2%, omega-6 fedtsyrer 1,5%, omega-3 fedtsyrer 0,2%.<\/p>\n<p>&nbsp;<\/p>\n<p><strong>Tils\u00e6tningsstoffer:<\/strong><\/p>\n<p><strong>Vitaminer \/ kg:<\/strong><br \/>\nVitamin A (3a672a) 14000 IE, vitamin D3 (3a671) 800 IE, taurin (3a370) 400 mg.<\/p>\n<p><strong>Sporstoffer\/kg:<\/strong><br \/>\nJern (jern(II)sulfatmonohydrat 3b103) 55 mg, kobber (kobber(II)sulfatpentahydrat 3b405) 12 mg, zink (zinkoxid 3b603) 70 mg, mangan (mangan (II) oxid 3b502) 14 mg, jod (calciumiodat, vandfrit 3b202) 1,5 mg, selen (natriumselenit 3b801) 0,2 mg.<\/p>\n<p>Antioxidanter, tocopherolekstrakter fra vegetabilske olier 1b306(i).<\/p>\n<p>&nbsp;<\/p>\n<p><strong>Anbefalet daglig foderm\u00e6ngde (g\/dag):<\/strong><\/p>\n<div><img loading=\"lazy\" decoding=\"async\" class=\"alignnone wp-image-4752\" src=\"https:\/\/haps.centrumdyrehandel.dk\/wp-content\/uploads\/2022\/06\/NaturCroq-kornfri-0623-600x513.jpg\" alt=\"\" width=\"499\" height=\"427\" \/><\/div>\n<div><\/div>\n<div><strong>Fodring:<\/strong><\/div>\n<div>Giv foderet t\u00f8r eller tilf\u00f8j frisk, varmt vand (ved omkring 50-60\u00b0 C) og lad det tr\u00e6kke i et par minutter. S\u00f8rg for, at der er frisk drikkevand til r\u00e5dighed p\u00e5 alle tidspunkter. Reducer m\u00e6ngden af foder, hvis du ogs\u00e5 giver din hund snacks\/godbidder. I betragtning af forskellen mellem de enkelte hunde, kan den angivne daglige m\u00e6ngde reduceres med op til 15 %, hvis hunden har tendens til at v\u00e6re overv\u00e6gtig.<\/div>\n","protected":false},"excerpt":{"rendered":"<p>&nbsp;<\/p>\n<p><!--more--><\/p>\n<p>Findes i 11 kg<\/p>\n<ul>\n<li>Voksne hunde med et normalt energibehov<\/li>\n<li>Afbalanceret udvalg af proteiner<\/li>\n<li>Kartoffel, fjerkr\u00e6 og laks<\/li>\n<li>Kornfri<\/li>\n<li>V\u00e6rdifulde lokale urter<\/li>\n<li>Anbefalet af dyrel\u00e6ger og opdr\u00e6ttere<\/li>\n<\/ul>\n","protected":false},"featured_media":580,"comment_status":"closed","ping_status":"closed","template":"","meta":[],"product_brand":[],"product_cat":[1218,1168,2063,2062,2061,2065,2087,2088],"product_tag":[],"class_list":{"0":"post-1580","1":"product","2":"type-product","3":"status-publish","4":"has-post-thumbnail","6":"product_cat-foderintolerance-hund-2","7":"product_cat-hundefoder-2","8":"product_cat-kornfri-hund-2","9":"product_cat-maxi-hund-2","10":"product_cat-medium-hund-2","11":"product_cat-naturcroq-2","12":"product_cat-toerfoder-hund-2","13":"product_cat-voksen-hund-2","15":"first","16":"instock","17":"featured","18":"product-type-simple"},"supplier_id":null,"supplier_sku":"","barcode":null,"atum_controlled":true,"out_stock_date":null,"out_stock_threshold":null,"inheritable":false,"inbound_stock":null,"stock_on_hold":0,"sold_today":0,"sales_last_days":0,"reserved_stock":null,"customer_returns":null,"warehouse_damage":null,"lost_in_post":null,"other_logs":null,"out_stock_days":0,"lost_sales":0,"has_location":null,"update_date":"2026-01-26T00:06:58","atum_locations":[],"atum_stock_status":"instock","restock_status":false,"low_stock_amount":"","sales_update_date":"2026-01-26T00:06:58","calc_backorders":null,"_links":{"self":[{"href":"https:\/\/3d-printere.dk\/index.php\/wp-json\/wp\/v2\/product\/1580","targetHints":{"allow":["GET"]}}],"collection":[{"href":"https:\/\/3d-printere.dk\/index.php\/wp-json\/wp\/v2\/product"}],"about":[{"href":"https:\/\/3d-printere.dk\/index.php\/wp-json\/wp\/v2\/types\/product"}],"replies":[{"embeddable":true,"href":"https:\/\/3d-printere.dk\/index.php\/wp-json\/wp\/v2\/comments?post=1580"}],"wp:featuredmedia":[{"embeddable":true,"href":"https:\/\/3d-printere.dk\/index.php\/wp-json\/wp\/v2\/media\/580"}],"wp:attachment":[{"href":"https:\/\/3d-printere.dk\/index.php\/wp-json\/wp\/v2\/media?parent=1580"}],"wp:term":[{"taxonomy":"product_brand","embeddable":true,"href":"https:\/\/3d-printere.dk\/index.php\/wp-json\/wp\/v2\/product_brand?post=1580"},{"taxonomy":"product_cat","embeddable":true,"href":"https:\/\/3d-printere.dk\/index.php\/wp-json\/wp\/v2\/product_cat?post=1580"},{"taxonomy":"product_tag","embeddable":true,"href":"https:\/\/3d-printere.dk\/index.php\/wp-json\/wp\/v2\/product_tag?post=1580"}],"curies":[{"name":"wp","href":"https:\/\/api.w.org\/{rel}","templated":true}]}}