{"id":1571,"date":"2025-12-05T15:53:58","date_gmt":"2025-12-05T14:53:58","guid":{"rendered":"https:\/\/3d-printere.dk\/index.php\/vare\/sensible-greece-7\/"},"modified":"2025-12-05T15:54:05","modified_gmt":"2025-12-05T14:54:05","slug":"sensible-greece-7","status":"publish","type":"product","link":"https:\/\/3d-printere.dk\/index.php\/vare\/sensible-greece-7\/","title":{"rendered":"Sensible Greece"},"content":{"rendered":"<p>Komplet foder, velegnet til sensible voksne hunde, fra 11 kg. voksenv\u00e6gt. Indeholder lam, rejer og bl\u00e6ksprutte med letford\u00f8jelige ris.<\/p>\n<p>Fremstillet i Tyskland under den strengeste kvalitetskontrol.<\/p>\n<p>&nbsp;<\/p>\n<p><strong>Ingredienser:<\/strong><br \/>\nRismel, lammeprotein* (15,0%), risprotein*, solsikkeolie, roetr\u00e6vler* (afsukret), fiskemel, hydrolyseret lever, h\u00f8rfr\u00f8, \u00e6blekvas*, rapsolie, rejer*\/** (1%), bl\u00e6ksprutter*\/** (1%), kaliumklorid, g\u00e6r*, natriumklorid, tang*, peberfrugt* (r\u00f8d og gr\u00f8n), rosmarin, tomater*, olivenblade*, courgetter*, muslingek\u00f8d* (0,05%), g\u00e6r* (ekstraheret), marietidsel, artiskok, m\u00e6lkeb\u00f8tte, ingef\u00e6r, birk, br\u00e6nden\u00e6lde, kamille, koriander, salvie, lakridsrod, timian, (gr\u00f8ntsager i alt: 0,45%, t\u00f8rrede urter i alt: 0,12%) *t\u00f8rret ** svarer til 4,0% friske rejer, svarer til 4,0% frisk bl\u00e6ksprutte.<\/p>\n<p><strong>Analytiske bestanddele:<\/strong><br \/>\nR\u00e5protein 21,0%, r\u00e5fedt 10,0%, r\u00e5fibre 3%, r\u00e5aske 7,5%, calcium 1,5%, fosfor 0,9%, natrium 0,35%, kalium 0,6%, magnesium 0,07%, omega-6-fedtsyrer 3,5%, omega-3-fedtsyrer 0,4%.<\/p>\n<p>&nbsp;<\/p>\n<p><strong>Tils\u00e6tningsstoffer:<\/strong><\/p>\n<p><strong>Vitaminer \/ kg:<\/strong><br \/>\nVitamin A (3a672a) 15000 I.E., Vitamin D3 (3a671) 900 I.E., Vitamin E (all rac-alpha-Tocopherylacetat 3a700) 110 mg, Vitamin B1 (Thiaminmononitrat 3a821) 4 mg, Vitamin B2 (Riboflavin 3a825ii) 4 mg, Vitamin B6 (Py-ridoxinhydrochlorid 3a831) 4 mg, Biotin (3a880) 430 mcg, Calcium-D-Pantothenat (3a841) 10 mg, Niacin (3a314) 45 mg, Vitamin B12 65 mcg.<\/p>\n<p><strong>Sporstoffer\/kg:<\/strong><br \/>\nJern (jern(II) sulfat-Monohydrat 3b103) 70 mg, kobber (kobber(II)-sulfat-Pentahydrat 3b405) 13 mg, Zink (Zinkoxid 3b603) 85 mg, Mangan (Mangan(II)-oxid 3b502) 16 mg, Jod (calciumiodat, vandfrit 3b202) 1,6 mg, Selen (Natriumselenit 3b801) 0,25 mg.<\/p>\n<p>Aminosyrer\/kg: L-Tryptophan (3c441) 1000 mg<\/p>\n<p>Antioxidanter, tocopherolekstrakter fra vegetabilske olier 1b306(i)<\/p>\n<p>&nbsp;<\/p>\n<p><strong>Anbefalet daglig foderm\u00e6ngde (g\/dag):<\/strong><\/p>\n<p><img loading=\"lazy\" decoding=\"async\" class=\"alignnone wp-image-4682\" src=\"https:\/\/haps.centrumdyrehandel.dk\/wp-content\/uploads\/2022\/06\/Greece-1122-600x575.jpg\" alt=\"\" width=\"501\" height=\"480\" \/><\/p>\n<p><strong>Fodring:<\/strong><br \/>\nGiv foderet t\u00f8r eller tilf\u00f8j frisk, varmt vand (ved omkring 50-60\u00b0 C) og lad det tr\u00e6kke i et par minutter. S\u00f8rg for, at der er frisk drikkevand til r\u00e5dighed p\u00e5 alle tidspunkter. Reducer m\u00e6ngden af foder, hvis du ogs\u00e5 giver din hund snacks\/godbidder. I betragtning af de metaboliske forskelle mellem de enkelte hunde, kan den angivne daglige m\u00e6ngde reduceres med op til 15\u00a0%, hvis hunden har tendens til at v\u00e6re overv\u00e6gtig.<\/p>\n","protected":false},"excerpt":{"rendered":"<p>&nbsp;<\/p>\n<p><!--more--><\/p>\n<p>Findes i 300 gr, 4 kg og 11 kg<\/p>\n<p>Fra 11 kg. voksenv\u00e6gt \u2013 normalt energibehov<\/p>\n<ul>\n<li>Velsmagende foder med h\u00f8j optagelighed<\/li>\n<li>Lam (fritg\u00e5ende), rejer og bl\u00e6ksprutte som eksklusiv proteinkilde<\/li>\n<li>Hvede- og glutenfri<\/li>\n<li>Omega-32 og omega 6.<\/li>\n<li>21\/10 Protein\/fedt<\/li>\n<li>Anbefalet af dyrel\u00e6ger og opdr\u00e6ttere<\/li>\n<\/ul>\n","protected":false},"featured_media":0,"comment_status":"closed","ping_status":"closed","template":"","meta":[],"product_brand":[],"product_cat":[1218,1543,1168,1436,2062,2061,2092,2089,2087,2088],"product_tag":[],"class_list":{"0":"post-1571","1":"product","2":"type-product","3":"status-publish","5":"product_cat-foderintolerance-hund-2","6":"product_cat-glutenfri-hund-2","7":"product_cat-hundefoder-2","8":"product_cat-hvedefri-hund-2","9":"product_cat-maxi-hund-2","10":"product_cat-medium-hund-2","11":"product_cat-pels-hund-2","12":"product_cat-sensible-hund-2","13":"product_cat-toerfoder-hund-2","14":"product_cat-voksen-hund-2","16":"first","17":"instock","18":"featured","19":"purchasable","20":"product-type-simple"},"supplier_id":null,"supplier_sku":"","barcode":null,"atum_controlled":true,"out_stock_date":null,"out_stock_threshold":null,"inheritable":false,"inbound_stock":null,"stock_on_hold":0,"sold_today":0,"sales_last_days":0,"reserved_stock":null,"customer_returns":null,"warehouse_damage":null,"lost_in_post":null,"other_logs":null,"out_stock_days":0,"lost_sales":0,"has_location":null,"update_date":"2026-01-26T00:06:58","atum_locations":[],"atum_stock_status":"instock","restock_status":false,"low_stock_amount":"","sales_update_date":"2026-01-26T00:06:58","calc_backorders":null,"_links":{"self":[{"href":"https:\/\/3d-printere.dk\/index.php\/wp-json\/wp\/v2\/product\/1571","targetHints":{"allow":["GET"]}}],"collection":[{"href":"https:\/\/3d-printere.dk\/index.php\/wp-json\/wp\/v2\/product"}],"about":[{"href":"https:\/\/3d-printere.dk\/index.php\/wp-json\/wp\/v2\/types\/product"}],"replies":[{"embeddable":true,"href":"https:\/\/3d-printere.dk\/index.php\/wp-json\/wp\/v2\/comments?post=1571"}],"wp:attachment":[{"href":"https:\/\/3d-printere.dk\/index.php\/wp-json\/wp\/v2\/media?parent=1571"}],"wp:term":[{"taxonomy":"product_brand","embeddable":true,"href":"https:\/\/3d-printere.dk\/index.php\/wp-json\/wp\/v2\/product_brand?post=1571"},{"taxonomy":"product_cat","embeddable":true,"href":"https:\/\/3d-printere.dk\/index.php\/wp-json\/wp\/v2\/product_cat?post=1571"},{"taxonomy":"product_tag","embeddable":true,"href":"https:\/\/3d-printere.dk\/index.php\/wp-json\/wp\/v2\/product_tag?post=1571"}],"curies":[{"name":"wp","href":"https:\/\/api.w.org\/{rel}","templated":true}]}}