{"id":1560,"date":"2025-12-05T15:53:33","date_gmt":"2025-12-05T14:53:33","guid":{"rendered":"https:\/\/3d-printere.dk\/index.php\/vare\/sensible-montana-6\/"},"modified":"2025-12-05T15:53:48","modified_gmt":"2025-12-05T14:53:48","slug":"sensible-montana-6","status":"publish","type":"product","link":"https:\/\/3d-printere.dk\/index.php\/vare\/sensible-montana-6\/","title":{"rendered":"Sensible Montana"},"content":{"rendered":"<p>Komplet foder, velegnet til sensible voksne hunde, fra 11 kg. voksenv\u00e6gt. Indeholder hestek\u00f8d og glutenfri kartoffel<\/p>\n<p>Fremstillet i Tyskland under den strengeste kvalitetskontrol.<\/p>\n<p>&nbsp;<\/p>\n<p><strong>Ingredienser:<br \/>\n<\/strong>Kartoffel *, hesteprotein * (17,5%), kartoffelprotein*, solsikkeolie, roetr\u00e6vler * (afsukret), leverhydrolysat, rapsolie, \u00e6blekvas * (1,3%), natriumchlorid, g\u00e6r * (ekstraheret) ); *) t\u00f8rret<\/p>\n<p><strong>Analytiske bestanddele:<br \/>\n<\/strong>R\u00e5protein 21,0%, r\u00e5fedt 10,0%, r\u00e5fibre 3%, r\u00e5aske 10%, calcium 1,6%, fosfor 1,2%, natrium 0,4%, kalium 0,9%, magnesium 0,1%, omega-6-fedtsyrer 2,5%, omega-3-fedtsyrer 0,3%<\/p>\n<p>&nbsp;<\/p>\n<p><strong>Tils\u00e6tningsstoffer:<\/strong><\/p>\n<p><strong>Vitaminer\/kg:<br \/>\n<\/strong>Vitamin A (3a672a) 15000 IE, vitamin D3 (3a671) 900 IE, vitamin E (alle rac-alpha-tocopheryl acetate 3a700) 110 mg, vitamin B1 (thiaminmononitrat 3a821) 4 mg, vitamin 2 ariboflavin 3i ( ) 4 mg, vitamin B6 (pyridoxinhydrochlorid 3a831) 4 mg, biotin (3a880) 430 mcg, calcium D-pantothenat (3a841) 10 mg, niacin (3a314) 45 mg, vitamin B12 65 mcg, taurin 500 mg traurin (3a370 mg).<\/p>\n<p><strong>Sporstoffer\/ kg:<\/strong><br \/>\nJern (jern(II)sulfat monohydrat 3b103) 70 mg, kobber (kobber (II) sulfat pentahydrat 3b405) 12 mg, zink (zink oxid 3b603) 85 mg, mangan (mangan (II) mg02 oxid, 165 calciumiodat, vandfrit 3b202) 1,5 mg, selen (natriumselenit 3b801) 0,25 mg.<\/p>\n<p><strong>Aminosyrer\/kg:<\/strong><br \/>\nDL-methionin (3c301) 3500 mg.<\/p>\n<p>Antioxidanter, tocopherolekstrakter fra vegetabilske olier 1b306(i)<\/p>\n<p>&nbsp;<\/p>\n<p><strong>Anbefalet daglig foderm\u00e6ngde (g\/dag):<\/strong><\/p>\n<p><img loading=\"lazy\" decoding=\"async\" class=\"alignnone wp-image-4687\" src=\"https:\/\/haps.centrumdyrehandel.dk\/wp-content\/uploads\/2022\/06\/Montana-1122-600x575.jpg\" alt=\"\" width=\"499\" height=\"478\" \/><\/p>\n<p><strong>Fodring:<br \/>\n<\/strong>Giv foderet t\u00f8r eller tilf\u00f8j frisk, varmt vand (ved omkring 50-60\u00b0 C) og lad det tr\u00e6kke i et par minutter. S\u00f8rg for, at der er frisk drikkevand til r\u00e5dighed p\u00e5 alle tidspunkter. Reducer m\u00e6ngden af foder, hvis du ogs\u00e5 giver din hund snacks\/godbidder. I betragtning af forskellen mellem de enkelte hunde, kan den angivne daglige m\u00e6ngde reduceres med op til 15 %, hvis hunden har tendens til at v\u00e6re overv\u00e6gtig.<\/p>\n<p>&nbsp;<\/p>\n","protected":false},"excerpt":{"rendered":"<p>&nbsp;<\/p>\n<p><!--more--><\/p>\n<p>Findes i 300 gr, 4 kg og 10 kg<\/p>\n<ul>\n<li>Fra 11 kg. voksenv\u00e6gt \u2013 normalt energibehov<\/li>\n<li>Hest som eksklusiv single protein<\/li>\n<li>Korn- og glutenfri<\/li>\n<li>Indeholder omega-3 og omega-6<\/li>\n<li>21\/10 protein\/fedt<\/li>\n<li>Anbefalet af dyrl\u00e6ger og opdr\u00e6ttere<\/li>\n<\/ul>\n","protected":false},"featured_media":0,"comment_status":"closed","ping_status":"closed","template":"","meta":[],"product_brand":[],"product_cat":[1218,1176,1543,1168,2063,2062,2061,2089,2064,2087,2088],"product_tag":[],"class_list":{"0":"post-1560","1":"product","2":"type-product","3":"status-publish","5":"product_cat-foderintolerance-hund-2","6":"product_cat-fordoejelse-hund","7":"product_cat-glutenfri-hund-2","8":"product_cat-hundefoder-2","9":"product_cat-kornfri-hund-2","10":"product_cat-maxi-hund-2","11":"product_cat-medium-hund-2","12":"product_cat-sensible-hund-2","13":"product_cat-single-protein-hund-2","14":"product_cat-toerfoder-hund-2","15":"product_cat-voksen-hund-2","17":"first","18":"instock","19":"featured","20":"purchasable","21":"product-type-simple"},"supplier_id":null,"supplier_sku":"","barcode":null,"atum_controlled":true,"out_stock_date":null,"out_stock_threshold":null,"inheritable":false,"inbound_stock":null,"stock_on_hold":0,"sold_today":0,"sales_last_days":0,"reserved_stock":null,"customer_returns":null,"warehouse_damage":null,"lost_in_post":null,"other_logs":null,"out_stock_days":0,"lost_sales":0,"has_location":null,"update_date":"2026-01-26T00:06:58","atum_locations":[],"atum_stock_status":"instock","restock_status":false,"low_stock_amount":"","sales_update_date":"2026-01-26T00:06:58","calc_backorders":null,"_links":{"self":[{"href":"https:\/\/3d-printere.dk\/index.php\/wp-json\/wp\/v2\/product\/1560","targetHints":{"allow":["GET"]}}],"collection":[{"href":"https:\/\/3d-printere.dk\/index.php\/wp-json\/wp\/v2\/product"}],"about":[{"href":"https:\/\/3d-printere.dk\/index.php\/wp-json\/wp\/v2\/types\/product"}],"replies":[{"embeddable":true,"href":"https:\/\/3d-printere.dk\/index.php\/wp-json\/wp\/v2\/comments?post=1560"}],"wp:attachment":[{"href":"https:\/\/3d-printere.dk\/index.php\/wp-json\/wp\/v2\/media?parent=1560"}],"wp:term":[{"taxonomy":"product_brand","embeddable":true,"href":"https:\/\/3d-printere.dk\/index.php\/wp-json\/wp\/v2\/product_brand?post=1560"},{"taxonomy":"product_cat","embeddable":true,"href":"https:\/\/3d-printere.dk\/index.php\/wp-json\/wp\/v2\/product_cat?post=1560"},{"taxonomy":"product_tag","embeddable":true,"href":"https:\/\/3d-printere.dk\/index.php\/wp-json\/wp\/v2\/product_tag?post=1560"}],"curies":[{"name":"wp","href":"https:\/\/api.w.org\/{rel}","templated":true}]}}