{"id":1538,"date":"2025-12-05T15:53:07","date_gmt":"2025-12-05T14:53:07","guid":{"rendered":"https:\/\/3d-printere.dk\/index.php\/vare\/fit-vital-sport-4\/"},"modified":"2025-12-05T15:53:21","modified_gmt":"2025-12-05T14:53:21","slug":"fit-vital-sport-4","status":"publish","type":"product","link":"https:\/\/3d-printere.dk\/index.php\/vare\/fit-vital-sport-4\/","title":{"rendered":"Fit &#038; Vital Sport"},"content":{"rendered":"<p>Komplet foder til voksne hunde &#8211; fra 11 kg. voksenv\u00e6gt. Ideel til hunde der skal pr\u00e6stere i sport, jagt, agility eller som brugshund.<br \/>\nFremstillet i Tyskland under den strengeste kvalitetskontrol.<\/p>\n<p>&nbsp;<\/p>\n<p><strong>Ingredienser:<\/strong><br \/>\nAnimalske proteiner * (17,5% fjerkr\u00e6, 4% lam), majsmel, majs, fjerkr\u00e6fedt, rismel, byg, h\u00e6moglobin*, fiskemel (4%, heraf 50% laksemel), fedtegrever, leverhydrolysat, solsikke olie, roetr\u00e6vler * (afsukret),\u00e6blekvas *, rapsolie, kaliumchlorid, g\u00e6r *, natriumchlorid, tang *, h\u00f8rfr\u00f8 (0,15%), t\u00f8rrede hele \u00e6g (0,1%), muslingek\u00f8d * (0,02%) , g\u00e6r * (ekstraheret), marietidsel, artiskok, m\u00e6lkeb\u00f8tte, ingef\u00e6r (0,012%), birkeblade, br\u00e6nden\u00e6lde, kamille, koriander, rosmarin, salvie, lakridsrod, timian, (t\u00f8rrede urter i alt: 0,15%); *) t\u00f8rret<\/p>\n<p><strong>Analytiske bestanddele:<\/strong><br \/>\nR\u00e5protein 28,0%, r\u00e5fedt 16,0%, r\u00e5fibre 2,5%, r\u00e5aske 6,5%, calcium 1,5%, fosfor 1,0%, natrium 0,4%, kalium 0,5%, magnesium 0,08%, omega-6 fedtsyrer 4,0%, omega-3 fedtsyrer 0,4<\/p>\n<p>&nbsp;<\/p>\n<p><strong>Tils\u00e6tningsstoffer:<\/strong><\/p>\n<p><strong>Vitaminer \/ kg:<\/strong><br \/>\nVitamin A (3a672a) 12000 IE, vitamin D3 (3a671) 1000 IE, vitamin E (3a700) 75 mg, vitamin B1 (3a821) 4 mg, vitamin B2 (3a825ii) 6 mg, vitamin B6 (3a831) 4 mg, biotin (3a880) 575 mcg, calcium D-pantothenat (3a841) 10 mg, niacin (3a314) 40 mg, vitamin B12 70 mcg, cholinchlorid (3a890) 60 mg, L &#8211; carnitin (3a9010) mg.<\/p>\n<p><strong>Sporstoffer\/kg:<\/strong><br \/>\nJern (som 3b103, 3b106) 105 mg, kobber (som 3b405, 3b406) 10 mg, zink (som 3b603, 3b606, 3b607) 105 mg, mangan (som 3b504, 3b504, 3b504, 2 mg) 3b202) 2 mg, selen (som 3b801, 3b8.12) 0,15 mg. Antioxidanter, tocopherolekstrakter fra vegetabilske olier 1b306 (i)<\/p>\n<p>&nbsp;<\/p>\n<p><strong>Anbefalet daglig foderm\u00e6ngde (g\/dag):<\/strong><\/p>\n<p><strong> <img loading=\"lazy\" decoding=\"async\" class=\"alignnone wp-image-4650\" src=\"https:\/\/haps.centrumdyrehandel.dk\/wp-content\/uploads\/2022\/06\/Fit-og-vital-Sport_0623-600x440.jpg\" alt=\"\" width=\"500\" height=\"367\" \/><\/strong><\/p>\n<p><strong>Fodring:<br \/>\n<\/strong>Giv foderet t\u00f8r eller tilf\u00f8j frisk, varmt vand (ved omkring 50-60\u00b0 C) og lad det tr\u00e6kke i et par minutter. S\u00f8rg for, at der er frisk drikkevand til r\u00e5dighed p\u00e5 alle tidspunkter. Reducer m\u00e6ngden af foder, hvis du ogs\u00e5 giver din hund snacks\/godbidder. I betragtning af forskellen mellem de enkelte hunde, kan den angivne daglige m\u00e6ngde reduceres med op til 15 %, hvis hunden har tendens til at v\u00e6re overv\u00e6gtig.<\/p>\n","protected":false},"excerpt":{"rendered":"<p>&nbsp;<\/p>\n<p><!--more--><\/p>\n<p>Findes i 14 kg.<\/p>\n<ul>\n<li>Fra 11 kg. voksenv\u00e6gt \u2013 forh\u00f8jet energibehov<\/li>\n<li>Udholdenhed og kondition<\/li>\n<li>L-Carnitin til ekstra power<\/li>\n<li>Led og knogler<\/li>\n<li>5 forskellige proteinkilder af h\u00f8j kvalitet<\/li>\n<li>Hvedefri<\/li>\n<li>28\/16 protein\/fedt<\/li>\n<li>Anbefales af dyrel\u00e6ger og opdr\u00e6ttere<\/li>\n<\/ul>\n","protected":false},"featured_media":0,"comment_status":"closed","ping_status":"closed","template":"","meta":[],"product_brand":[],"product_cat":[1200,1151,1168,1436,2062,2061],"product_tag":[],"class_list":{"0":"post-1538","1":"product","2":"type-product","3":"status-publish","5":"product_cat-aktiv-hund","6":"product_cat-fit-vital","7":"product_cat-hundefoder-2","8":"product_cat-hvedefri-hund-2","9":"product_cat-maxi-hund-2","10":"product_cat-medium-hund-2","12":"first","13":"instock","14":"featured","15":"purchasable","16":"product-type-simple"},"supplier_id":null,"supplier_sku":"","barcode":null,"atum_controlled":true,"out_stock_date":null,"out_stock_threshold":null,"inheritable":false,"inbound_stock":null,"stock_on_hold":0,"sold_today":0,"sales_last_days":0,"reserved_stock":null,"customer_returns":null,"warehouse_damage":null,"lost_in_post":null,"other_logs":null,"out_stock_days":0,"lost_sales":0,"has_location":null,"update_date":"2026-01-26T00:06:55","atum_locations":[],"atum_stock_status":"instock","restock_status":false,"low_stock_amount":"","sales_update_date":"2026-01-26T00:06:55","calc_backorders":null,"_links":{"self":[{"href":"https:\/\/3d-printere.dk\/index.php\/wp-json\/wp\/v2\/product\/1538","targetHints":{"allow":["GET"]}}],"collection":[{"href":"https:\/\/3d-printere.dk\/index.php\/wp-json\/wp\/v2\/product"}],"about":[{"href":"https:\/\/3d-printere.dk\/index.php\/wp-json\/wp\/v2\/types\/product"}],"replies":[{"embeddable":true,"href":"https:\/\/3d-printere.dk\/index.php\/wp-json\/wp\/v2\/comments?post=1538"}],"wp:attachment":[{"href":"https:\/\/3d-printere.dk\/index.php\/wp-json\/wp\/v2\/media?parent=1538"}],"wp:term":[{"taxonomy":"product_brand","embeddable":true,"href":"https:\/\/3d-printere.dk\/index.php\/wp-json\/wp\/v2\/product_brand?post=1538"},{"taxonomy":"product_cat","embeddable":true,"href":"https:\/\/3d-printere.dk\/index.php\/wp-json\/wp\/v2\/product_cat?post=1538"},{"taxonomy":"product_tag","embeddable":true,"href":"https:\/\/3d-printere.dk\/index.php\/wp-json\/wp\/v2\/product_tag?post=1538"}],"curies":[{"name":"wp","href":"https:\/\/api.w.org\/{rel}","templated":true}]}}