{"id":1531,"date":"2025-12-05T15:53:07","date_gmt":"2025-12-05T14:53:07","guid":{"rendered":"https:\/\/3d-printere.dk\/index.php\/vare\/fit-vital-mini-puppy-4\/"},"modified":"2025-12-05T15:53:14","modified_gmt":"2025-12-05T14:53:14","slug":"fit-vital-mini-puppy-4","status":"publish","type":"product","link":"https:\/\/3d-printere.dk\/index.php\/vare\/fit-vital-mini-puppy-4\/","title":{"rendered":"Fit &#038; Vital MINI Puppy"},"content":{"rendered":"<p>Komplet foder til hvalpe og unghunde af sm\u00e5 racer (op til 10 kg voksenv\u00e6gt), fra 1-12 m\u00e5neder. Indeholder v\u00e6rdifulde animalske proteiner, letford\u00f8jelig.<\/p>\n<p>Fremstillet i Tyskland under den strengeste kvalitetskontrol!<\/p>\n<p>&nbsp;<\/p>\n<p><strong>Ingredienser:<\/strong><br \/>\nAnimalske proteiner* (fjerkr\u00e6 21%, lam 5%), majsmel, ris, olier og fedtstoffer, fedtegrever, majs, fiskemel (5%, heraf 50% laksemel), roetr\u00e6vler* (afsukret), hydrolyseret protein, \u00e6blekvas*, cellulose, kaliumchlorid, g\u00e6r*, natriumchlorid, t\u00f8rrede hele \u00e6g (0,2%), tang*, h\u00f8rfr\u00f8 (0,15%), psylliumskaller, g\u00e6r* (ekstraheret), muslingek\u00f8d* (0,04%), yucca schidigera*, marietidsel, artiskok, m\u00e6lkeb\u00f8tte, ingef\u00e6r (0,015%), birkeblade, br\u00e6nden\u00e6lde, kamille, koriander, rosmarin, salvie, lakridsrod, timian (t\u00f8rrede urter i alt: 0,15%); *) t\u00f8rret.<\/p>\n<p><strong>Analytiske bestanddele:<br \/>\n<\/strong>R\u00e5protein 30%, r\u00e5fedt 16%, r\u00e5fibre 2,5%, r\u00e5aske 7,5%, calcium 1,7%, fosfor 1,1%, natrium 0,35%, omega-6 fedtsyrer 3,5%, omega-3 fedtsyrer 0,4%.<\/p>\n<p>&nbsp;<\/p>\n<p><strong>Tils\u00e6tningsstoffer:<\/strong><\/p>\n<p><strong>Vitaminer\/kg:<\/strong><br \/>\nVitamin A (3a672a) 18000 IE, Vitamin D3 (3a671) 950 IE, Vitamin E (som 3a700) 130 mg, Vitamin C (som 3a312) 30 mg.<\/p>\n<p><strong>Sporstoffer \/ kg:<\/strong><br \/>\nJern (som 3b103) 65 mg, kobber (som 3b405) 14 mg, zink (som 3b603, 3b606) 125 mg, mangan (som 3b502) 29 mg, jod (som 3b202) 2,5 mg (natrium, selenium, selenium) Selenit 3b801) 0,15 mg.<\/p>\n<p><strong>Aminosyrer \/ kg:<\/strong><br \/>\nL-Tryptophan (3c440) 900 mg. Antioxidanter, tocopherolekstrakter fra vegetabilske olier 1b306(i).<\/p>\n<p>&nbsp;<\/p>\n<p>&nbsp;<\/p>\n<p><strong>Anbefalet daglig foderm\u00e6ngde (g\/dag):<\/strong><\/p>\n<p><img loading=\"lazy\" decoding=\"async\" class=\"alignnone wp-image-4620\" src=\"https:\/\/haps.centrumdyrehandel.dk\/wp-content\/uploads\/2024\/02\/Mini-puppy-0623ok-600x305.jpg\" alt=\"\" width=\"500\" height=\"254\" \/><\/p>\n<p>Bem\u00e6rk: Giv foderet t\u00f8r eller tilf\u00f8j frisk, varmt vand (omkring 50-60\u00b0 C) og lad det tr\u00e6kke i et par minutter. S\u00f8rg for, at der er frisk drikkevand til r\u00e5dighed p\u00e5 alle tidspunkter. Reducer m\u00e6ngden af foder, hvis du ogs\u00e5 giver din hund snacks\/godbidder. I betragtning af forskellen mellem de enkelte hunde, kan den angivne daglige m\u00e6ngde reduceres med op til 15%, hvis hunden har tendens til at v\u00e6re overv\u00e6gtig. Alderen er angivet i uger (uger) eller m\u00e5neder (m\u00e5neder). M\u00e6ngden af foder er pr. dag og b\u00f8r fordeles over flere m\u00e5ltider. De individuelle behov for hunde, kan ovenn\u00e6vnte v\u00e6re 15% lavere eller h\u00f8jere. Sikre at du ikke giver for meget foder \u2013 opm\u00e6rksomhed p\u00e5 den moderate v\u00e6kst. Omkring 9 til 12 m\u00e5neders alderen, skiftes langsomt til et passende voksenfoder fra Happy Dog Fit &amp; Vital Mini-serien..<\/p>\n","protected":false},"excerpt":{"rendered":"<p>&nbsp;<\/p>\n<p><!--more--><\/p>\n<p>Findes i 300 gr og\u00a0 4 kg<\/p>\n<ul>\n<li>Sm\u00e5 racer op til 10 kg voksenv\u00e6gt &#8211; fra 1-12 m\u00e5neder<\/li>\n<li>Sm\u00e5 kroketter til sm\u00e5 hunde<\/li>\n<li>5 forskellige proteinkilder<\/li>\n<li>Hvedefri<\/li>\n<li>30\/16 protein\/fedt<\/li>\n<li>Anbefalet af dyrel\u00e6ger og opdr\u00e6ttere<\/li>\n<\/ul>\n","protected":false},"featured_media":907,"comment_status":"closed","ping_status":"closed","template":"","meta":[],"product_brand":[],"product_cat":[1151,1168,1596,1436],"product_tag":[],"class_list":{"0":"post-1531","1":"product","2":"type-product","3":"status-publish","4":"has-post-thumbnail","6":"product_cat-fit-vital","7":"product_cat-hundefoder-2","8":"product_cat-hvalpe-og-unge-hunde-2","9":"product_cat-hvedefri-hund-2","11":"first","12":"instock","13":"featured","14":"product-type-simple"},"supplier_id":null,"supplier_sku":"","barcode":null,"atum_controlled":true,"out_stock_date":null,"out_stock_threshold":null,"inheritable":false,"inbound_stock":null,"stock_on_hold":0,"sold_today":0,"sales_last_days":0,"reserved_stock":null,"customer_returns":null,"warehouse_damage":null,"lost_in_post":null,"other_logs":null,"out_stock_days":0,"lost_sales":0,"has_location":null,"update_date":"2026-01-26T00:06:55","atum_locations":[],"atum_stock_status":"instock","restock_status":false,"low_stock_amount":"","sales_update_date":"2026-01-26T00:06:55","calc_backorders":null,"_links":{"self":[{"href":"https:\/\/3d-printere.dk\/index.php\/wp-json\/wp\/v2\/product\/1531","targetHints":{"allow":["GET"]}}],"collection":[{"href":"https:\/\/3d-printere.dk\/index.php\/wp-json\/wp\/v2\/product"}],"about":[{"href":"https:\/\/3d-printere.dk\/index.php\/wp-json\/wp\/v2\/types\/product"}],"replies":[{"embeddable":true,"href":"https:\/\/3d-printere.dk\/index.php\/wp-json\/wp\/v2\/comments?post=1531"}],"wp:featuredmedia":[{"embeddable":true,"href":"https:\/\/3d-printere.dk\/index.php\/wp-json\/wp\/v2\/media\/907"}],"wp:attachment":[{"href":"https:\/\/3d-printere.dk\/index.php\/wp-json\/wp\/v2\/media?parent=1531"}],"wp:term":[{"taxonomy":"product_brand","embeddable":true,"href":"https:\/\/3d-printere.dk\/index.php\/wp-json\/wp\/v2\/product_brand?post=1531"},{"taxonomy":"product_cat","embeddable":true,"href":"https:\/\/3d-printere.dk\/index.php\/wp-json\/wp\/v2\/product_cat?post=1531"},{"taxonomy":"product_tag","embeddable":true,"href":"https:\/\/3d-printere.dk\/index.php\/wp-json\/wp\/v2\/product_tag?post=1531"}],"curies":[{"name":"wp","href":"https:\/\/api.w.org\/{rel}","templated":true}]}}