{"id":1505,"date":"2025-12-05T15:52:09","date_gmt":"2025-12-05T14:52:09","guid":{"rendered":"https:\/\/3d-printere.dk\/index.php\/vare\/vaadfoder-neuseeland-3\/"},"modified":"2025-12-05T15:52:40","modified_gmt":"2025-12-05T14:52:40","slug":"vaadfoder-neuseeland-3","status":"publish","type":"product","link":"https:\/\/3d-printere.dk\/index.php\/vare\/vaadfoder-neuseeland-3\/","title":{"rendered":"V\u00e5dfoder Neuseeland"},"content":{"rendered":"<p>Ren nydelse af animalsk protein fra lam &#8211; til \u00e6gte k\u00f8delskere. Fremstillet i Tyskland af 100% k\u00f8d og animalske biprodukter fra lam. Indeholder ingen kornprodukter og er fremstillet uden tilsat sukker. Anvendelsen af lam som eneste kilde til animalsk protein, g\u00f8r den s\u00e6rlig velegnet til fodring af sensible hunde. Sensible Pure Neuseeland kan bruges som fuldfoder eller i kombination med Happy Dog flagefoderblanding eller Happy Dog t\u00f8rfoder.<\/p>\n<p>Fremstillet i Tyskland under den strengeste kvalitetskontrol!<\/p>\n<p>&nbsp;<\/p>\n<p><strong>Ingredienser:<\/strong><br \/>\nK\u00f8d og animalske biprodukter (67 % &#8211; lammelunge, lammek\u00f8d, lammelever, lammehjerter)**, mineraler; ** P\u00e5 grund af produktionsprocessen kan der v\u00e6re spor af andre proteiner i produktet. (Opskriften indeholder 32,8 % vandindhold)<\/p>\n<p><strong>Analytiske bestanddele:<\/strong><br \/>\nR\u00e5protein 11,0 %, r\u00e5fedt 8,0 %, r\u00e5aske 2,5 %, r\u00e5fibre 0,4 %, vandindhold 76 %<\/p>\n<p>&nbsp;<\/p>\n<p><strong>Tils\u00e6tningsstoffer:<br \/>\n<\/strong><br \/>\n<strong>Vitaminer\/kg:<\/strong><br \/>\nVitamin D3 (3a671) 200 I.E., vitamin E (alle rac-alpha-tocopherylacetat 3a700) 20 mg. Sporstoffer \/ kg: Zink (zinksulfat, monohydrat 3b605) 21 mg, mangan (mangan(II)-sulfat, monohydrat 3b503) 1,7 mg, jod (calciumjodat, vandfrit 3b202) 0,75 mg<\/p>\n<p>&nbsp;<\/p>\n<p><strong>Anbefalet daglig foderm\u00e6ngde (g\/dag<\/strong><strong>):<\/strong><\/p>\n<p><img loading=\"lazy\" decoding=\"async\" class=\"alignnone wp-image-5135\" src=\"https:\/\/haps.centrumdyrehandel.dk\/wp-content\/uploads\/2022\/06\/Vaadfoder-Hund-Neuseeland-foderplan-052022-600x440.jpg\" alt=\"\" width=\"500\" height=\"367\" \/><br \/>\n<strong>Bem\u00e6rk:<\/strong> V\u00e5dfoder kan gives rent eller blandes med Happy Dog Flocken Mixer. Specifikationerne er vejledende. Individuelle behov afh\u00e6nger af alder, race, v\u00e6gt og aktivitetsniveau. Fodres ved stuetemperatur. Tilbyd altid frisk drikkevand.<\/p>\n","protected":false},"excerpt":{"rendered":"<p><!--more--><\/p>\n<p>Findes i 400 gr<\/p>\n<ul>\n<li>Voksne hunde af alle racer<\/li>\n<li>Lam<\/li>\n<li>Kornfri<\/li>\n<li>11\/8 protein\/fedt<\/li>\n<li>Anbefalet af dyrel\u00e6ger til sensible hunde<\/li>\n<\/ul>\n","protected":false},"featured_media":831,"comment_status":"closed","ping_status":"closed","template":"","meta":[],"product_brand":[],"product_cat":[1218,1168,2063,2062,2061,2064,2066],"product_tag":[],"class_list":{"0":"post-1505","1":"product","2":"type-product","3":"status-publish","4":"has-post-thumbnail","6":"product_cat-foderintolerance-hund-2","7":"product_cat-hundefoder-2","8":"product_cat-kornfri-hund-2","9":"product_cat-maxi-hund-2","10":"product_cat-medium-hund-2","11":"product_cat-single-protein-hund-2","12":"product_cat-vaadfoder-flagefoder-hund-2","14":"first","15":"instock","16":"featured","17":"product-type-simple"},"supplier_id":null,"supplier_sku":"","barcode":null,"atum_controlled":true,"out_stock_date":null,"out_stock_threshold":null,"inheritable":false,"inbound_stock":null,"stock_on_hold":0,"sold_today":0,"sales_last_days":0,"reserved_stock":null,"customer_returns":null,"warehouse_damage":null,"lost_in_post":null,"other_logs":null,"out_stock_days":0,"lost_sales":0,"has_location":null,"update_date":"2026-01-26T00:06:55","atum_locations":[],"atum_stock_status":"instock","restock_status":false,"low_stock_amount":"","sales_update_date":"2026-01-26T00:06:55","calc_backorders":null,"_links":{"self":[{"href":"https:\/\/3d-printere.dk\/index.php\/wp-json\/wp\/v2\/product\/1505","targetHints":{"allow":["GET"]}}],"collection":[{"href":"https:\/\/3d-printere.dk\/index.php\/wp-json\/wp\/v2\/product"}],"about":[{"href":"https:\/\/3d-printere.dk\/index.php\/wp-json\/wp\/v2\/types\/product"}],"replies":[{"embeddable":true,"href":"https:\/\/3d-printere.dk\/index.php\/wp-json\/wp\/v2\/comments?post=1505"}],"wp:featuredmedia":[{"embeddable":true,"href":"https:\/\/3d-printere.dk\/index.php\/wp-json\/wp\/v2\/media\/831"}],"wp:attachment":[{"href":"https:\/\/3d-printere.dk\/index.php\/wp-json\/wp\/v2\/media?parent=1505"}],"wp:term":[{"taxonomy":"product_brand","embeddable":true,"href":"https:\/\/3d-printere.dk\/index.php\/wp-json\/wp\/v2\/product_brand?post=1505"},{"taxonomy":"product_cat","embeddable":true,"href":"https:\/\/3d-printere.dk\/index.php\/wp-json\/wp\/v2\/product_cat?post=1505"},{"taxonomy":"product_tag","embeddable":true,"href":"https:\/\/3d-printere.dk\/index.php\/wp-json\/wp\/v2\/product_tag?post=1505"}],"curies":[{"name":"wp","href":"https:\/\/api.w.org\/{rel}","templated":true}]}}