{"id":1495,"date":"2025-12-05T15:52:09","date_gmt":"2025-12-05T14:52:09","guid":{"rendered":"https:\/\/3d-printere.dk\/index.php\/vare\/sensible-mini-xs-bali-3\/"},"modified":"2025-12-05T15:52:23","modified_gmt":"2025-12-05T14:52:23","slug":"sensible-mini-xs-bali-3","status":"publish","type":"product","link":"https:\/\/3d-printere.dk\/index.php\/vare\/sensible-mini-xs-bali-3\/","title":{"rendered":"Sensible Mini XS Bali"},"content":{"rendered":"<p>Fuldfoder, velegnet til sensible voksne hunde, op til 5 kg. voksenv\u00e6gt.<br \/>\nIndeholder kylling og gurkemeje, uds\u00f8gt sammens\u00e6tning i balinesisk stil.<\/p>\n<p>Fremstillet i Tyskland under meget streng kvalitetskontrol!<\/p>\n<p>&nbsp;<\/p>\n<p><strong>Ingredienser:<\/strong><br \/>\nKylling* (27%), ris, rismel, olier og fedtstoffer, risprotein*, roetr\u00e6vler* (afsukret), h\u00f8rfr\u00f8, hydrolyseret protein, \u00e6blekvas*, cellulose, kaliumchlorid, g\u00e6r*, natriumchlorid, tang*, cikoriepulver, g\u00e6r* (ekstraheret), yucca schidigera* (0,1%), muslingek\u00f8d*, gurkemeje* (0,04%), marietidsel, artiskok, m\u00e6lkeb\u00f8tte, ingef\u00e6r, birkeblade, br\u00e6nden\u00e6lde, kamille, koriander, rosmarin, salvie, lakridsrod, timian, (t\u00f8rrede urter i alt: 0,15%); *t\u00f8rret<\/p>\n<p><strong>Analytiske bestanddele:<\/strong><br \/>\nR\u00e5protein 27,0%, r\u00e5fedt 16,0%, r\u00e5fiber 3,5%, r\u00e5aske 8,0%, calcium 1,4%, fosfor 0,9%, natrium 0,45%, omega-6-fedtsyrer 3,5%, omega-3-fedtsyrer 0,4%.<\/p>\n<p>&nbsp;<\/p>\n<p><strong>Tils\u00e6tningsstoffer:<\/strong><\/p>\n<p><strong>Vitaminer\/kg:<\/strong><strong><br \/>\n<\/strong>\u00a0Vitamin A (3a672a) 14000 I.E., Vitamin D3 (3a671) 800 I.E., Vitamin E (all rac-alpha-Tocopherylacetat 3a700) 100 mg, Vitamin B1 (Thiaminmononitrat 3a821) 3 mg, Vitamin B2 (Riboflavin 3a825ii) 3 mg, Vitamin B6 (Pyri-doxinhydrochlorid 3a831) 3 mg, Biotin (3a880) 395 mcg, Calcium-D-Pantothenat (3a841) 8 mg, Niacin (3a314) 40 mg, Vitamin B12 55 mcg, Cholinchlorid (3a890) 55 mg.<\/p>\n<p><strong>Sporstoffer \/ kg:<\/strong><br \/>\nJern (E1, jern (II) sulfat, monohydrat) 105 mg, kobber (E4, kobber (II) sulfat, pentahydrat) 10 mg, zink (zinkoxid 3b603, aminosyre zinkchelat, hydrat 3b606) 125 mg, mangan (E5, mangan (II) oxid) 25 mg, iod (calciumjodat, vandfri 3b202) 2 mg, selen (E8).<\/p>\n<p>&nbsp;<\/p>\n<p><strong>Anbefalet daglig foderm\u00e6ngde (g\/dag):<\/strong><\/p>\n<p><img loading=\"lazy\" decoding=\"async\" class=\"alignnone wp-image-5015\" src=\"https:\/\/haps.centrumdyrehandel.dk\/wp-content\/uploads\/2022\/06\/Mini-XS-Bali-0623-600x395.jpg\" alt=\"\" width=\"500\" height=\"329\" \/><\/p>\n<p><strong> Fodring:<\/strong><strong><br \/>\n<\/strong>Giv foderet t\u00f8r eller tilf\u00f8j frisk, varmt vand (ved omkring 50-60\u00b0 C) og lad det tr\u00e6kke i et par minutter. S\u00f8rg for, at der er frisk drikkevand til r\u00e5dighed p\u00e5 alle tidspunkter. Reducer m\u00e6ngden af foder, hvis du ogs\u00e5 giver din hund snacks\/godbidder. I betragtning af de metaboliske forskelle mellem de enkelte hunde, kan den angivne daglige m\u00e6ngde reduceres med op til 15\u00a0%, hvis hunden har tendens til at v\u00e6re overv\u00e6gtig.<\/p>\n","protected":false},"excerpt":{"rendered":"<p>&nbsp;<\/p>\n<p><!--more--><\/p>\n<p>Findes i 1,3 kg.<\/p>\n<ul>\n<li>Sm\u00e5 racer, op til 5 kg i voksenv\u00e6gt, normalt energibehov<\/li>\n<li>Sm\u00e5 kroketter<\/li>\n<li>Velsmagende med h\u00f8j optagelighed<\/li>\n<li>Glutenfri<\/li>\n<li>Indeholder omega-3 og omega-6<\/li>\n<li>Med yucca schidigera<\/li>\n<li>27\/16 protein\/fedt<\/li>\n<li>Anbefalet af dyrl\u00e6ger og opdr\u00e6ttere<\/li>\n<\/ul>\n","protected":false},"featured_media":799,"comment_status":"closed","ping_status":"closed","template":"","meta":[],"product_brand":[],"product_cat":[1543,1168,2083,2086],"product_tag":[],"class_list":{"0":"post-1495","1":"product","2":"type-product","3":"status-publish","4":"has-post-thumbnail","6":"product_cat-glutenfri-hund-2","7":"product_cat-hundefoder-2","8":"product_cat-reduceret-affoeringslugt-2","9":"product_cat-xs-mini-hunde-2","11":"first","12":"instock","13":"featured","14":"product-type-simple"},"supplier_id":null,"supplier_sku":"","barcode":null,"atum_controlled":true,"out_stock_date":null,"out_stock_threshold":null,"inheritable":false,"inbound_stock":null,"stock_on_hold":0,"sold_today":0,"sales_last_days":0,"reserved_stock":null,"customer_returns":null,"warehouse_damage":null,"lost_in_post":null,"other_logs":null,"out_stock_days":0,"lost_sales":0,"has_location":null,"update_date":"2026-01-26T00:06:55","atum_locations":[],"atum_stock_status":"instock","restock_status":false,"low_stock_amount":"","sales_update_date":"2026-01-26T00:06:55","calc_backorders":null,"_links":{"self":[{"href":"https:\/\/3d-printere.dk\/index.php\/wp-json\/wp\/v2\/product\/1495","targetHints":{"allow":["GET"]}}],"collection":[{"href":"https:\/\/3d-printere.dk\/index.php\/wp-json\/wp\/v2\/product"}],"about":[{"href":"https:\/\/3d-printere.dk\/index.php\/wp-json\/wp\/v2\/types\/product"}],"replies":[{"embeddable":true,"href":"https:\/\/3d-printere.dk\/index.php\/wp-json\/wp\/v2\/comments?post=1495"}],"wp:featuredmedia":[{"embeddable":true,"href":"https:\/\/3d-printere.dk\/index.php\/wp-json\/wp\/v2\/media\/799"}],"wp:attachment":[{"href":"https:\/\/3d-printere.dk\/index.php\/wp-json\/wp\/v2\/media?parent=1495"}],"wp:term":[{"taxonomy":"product_brand","embeddable":true,"href":"https:\/\/3d-printere.dk\/index.php\/wp-json\/wp\/v2\/product_brand?post=1495"},{"taxonomy":"product_cat","embeddable":true,"href":"https:\/\/3d-printere.dk\/index.php\/wp-json\/wp\/v2\/product_cat?post=1495"},{"taxonomy":"product_tag","embeddable":true,"href":"https:\/\/3d-printere.dk\/index.php\/wp-json\/wp\/v2\/product_tag?post=1495"}],"curies":[{"name":"wp","href":"https:\/\/api.w.org\/{rel}","templated":true}]}}