{"id":1491,"date":"2025-12-05T15:52:09","date_gmt":"2025-12-05T14:52:09","guid":{"rendered":"https:\/\/3d-printere.dk\/index.php\/vare\/vaadfoder-i-sovs-kitten-junior-land-ente-and-3\/"},"modified":"2025-12-05T15:52:18","modified_gmt":"2025-12-05T14:52:18","slug":"vaadfoder-i-sovs-kitten-junior-land-ente-and-3","status":"publish","type":"product","link":"https:\/\/3d-printere.dk\/index.php\/vare\/vaadfoder-i-sovs-kitten-junior-land-ente-and-3\/","title":{"rendered":"V\u00e5dfoder i sovs Kitten &#038; Junior Land-Ente (and)"},"content":{"rendered":"<p>De l\u00e6kre bidder med and og sauce, fork\u00e6ler sm\u00e5 killinger. Den velsmagende og kornfri \u201cHappy Cat k\u00f8d i sovs\u201d er let ford\u00f8jelig og n\u00f8je tilpasset kattekillingers behov. Derudover indeholder foderet alt, hvad killingen har brug for og bidrager naturligt til kroppens immunforsvar.<\/p>\n<p>&nbsp;<\/p>\n<p><strong>Ingredienser:<br \/>\n<\/strong>K\u00f8d og animalske biprodukter (blandt andet 30 % fjerkr\u00e6, hvoraf 10 % er and), vegetabilske biprodukter (blandt andet 0,3 % \u00e6blefibre), mineraler, fr\u00f8 (blandt andet 0,03 % h\u00f8rfr\u00f8), inulin (0,1 %).<\/p>\n<p><strong>Analytiske bestanddele:<br \/>\n<\/strong>R\u00e5protein 8,5 %, r\u00e5fedt 5,5 %, r\u00e5aske 0,5%, r\u00e5fibre 2,0 %, vandindhold 82 %, calcium 0,28 %, fosfor 0,19 %<\/p>\n<p>&nbsp;<\/p>\n<p><strong>Tils\u00e6tningsstoffer:<\/strong><\/p>\n<p><strong>Vitaminer\/kg:<br \/>\n<\/strong>Vitamin D3 (3a671) 250 I.E., Vitamin E (3a700i) 15 mg, Biotin (3a880) 20 mcg, Taurin (3a370) 445 mg.<\/p>\n<p><strong>Sporstoffer\/kg:<br \/>\n<\/strong>Mangan (3b503) 1 mg, Zink (3b605) 15 mg, Kobber (3b405) 1 mg.<\/p>\n<p>&nbsp;<\/p>\n<p><strong>Anbefalet daglig foderm\u00e6ngde (g\/dag):<\/strong><\/p>\n<p><img loading=\"lazy\" decoding=\"async\" class=\"alignnone wp-image-6667\" src=\"https:\/\/haps.centrumdyrehandel.dk\/wp-content\/uploads\/2022\/06\/Kitten-land-enteVaadfoder-230424-600x309.jpg\" alt=\"\" width=\"501\" height=\"258\" \/><\/p>\n<p>Anbefalet daglig foderm\u00e6ngde ved eksklusiv fodring. 1 pose svarer til cirka 20 g t\u00f8rfoder. Det individuelle behov afh\u00e6nger af alder, race og aktivitetsniveau. S\u00f8rg altid for friskt vand i en sk\u00e5l, der st\u00e5r v\u00e6k fra madsk\u00e5len. Serv\u00e9r ved stuetemperatur. Vej killinger regelm\u00e6ssigt og dokumenter v\u00e6gtudviklingen. Opdel den daglige foderm\u00e6ngde i flere m\u00e5ltider. Skift til en passende Happy Cat voksenfoder fra 12. m\u00e5ned.<\/p>\n","protected":false},"excerpt":{"rendered":"<p>&nbsp;<\/p>\n<p>&nbsp;<\/p>\n<p><!--more--><\/p>\n<p>Findes i 85 gr<\/p>\n<ul>\n<li>Komplet foder til killinger<\/li>\n<li>Kornfri<\/li>\n<li>Bidrager naturligt til kroppens immunforsvar<\/li>\n<li>Ideel til neutraliserede juniorkatte<\/li>\n<li>8,5\/5,5 protein\/fedt<\/li>\n<li>Anbefalet af dyrl\u00e6ger og opdr\u00e6ttere<\/li>\n<li>Praktisk pose til let afrivning<\/li>\n<\/ul>\n","protected":false},"featured_media":786,"comment_status":"closed","ping_status":"closed","template":"","meta":[],"product_brand":[],"product_cat":[1410,2080,1933,2081,2082],"product_tag":[],"class_list":{"0":"post-1491","1":"product","2":"type-product","3":"status-publish","4":"has-post-thumbnail","6":"product_cat-happy-cat-vaadfoder","7":"product_cat-happy-cat-young-killinger-2","8":"product_cat-kattefoder-2","9":"product_cat-killingefoder-2","10":"product_cat-kornfri-kat-2","12":"first","13":"instock","14":"featured","15":"product-type-simple"},"supplier_id":null,"supplier_sku":"","barcode":null,"atum_controlled":true,"out_stock_date":null,"out_stock_threshold":null,"inheritable":false,"inbound_stock":null,"stock_on_hold":0,"sold_today":0,"sales_last_days":0,"reserved_stock":null,"customer_returns":null,"warehouse_damage":null,"lost_in_post":null,"other_logs":null,"out_stock_days":0,"lost_sales":0,"has_location":null,"update_date":"2026-01-26T00:06:55","atum_locations":[],"atum_stock_status":"instock","restock_status":false,"low_stock_amount":"","sales_update_date":"2026-01-26T00:06:55","calc_backorders":null,"_links":{"self":[{"href":"https:\/\/3d-printere.dk\/index.php\/wp-json\/wp\/v2\/product\/1491","targetHints":{"allow":["GET"]}}],"collection":[{"href":"https:\/\/3d-printere.dk\/index.php\/wp-json\/wp\/v2\/product"}],"about":[{"href":"https:\/\/3d-printere.dk\/index.php\/wp-json\/wp\/v2\/types\/product"}],"replies":[{"embeddable":true,"href":"https:\/\/3d-printere.dk\/index.php\/wp-json\/wp\/v2\/comments?post=1491"}],"wp:featuredmedia":[{"embeddable":true,"href":"https:\/\/3d-printere.dk\/index.php\/wp-json\/wp\/v2\/media\/786"}],"wp:attachment":[{"href":"https:\/\/3d-printere.dk\/index.php\/wp-json\/wp\/v2\/media?parent=1491"}],"wp:term":[{"taxonomy":"product_brand","embeddable":true,"href":"https:\/\/3d-printere.dk\/index.php\/wp-json\/wp\/v2\/product_brand?post=1491"},{"taxonomy":"product_cat","embeddable":true,"href":"https:\/\/3d-printere.dk\/index.php\/wp-json\/wp\/v2\/product_cat?post=1491"},{"taxonomy":"product_tag","embeddable":true,"href":"https:\/\/3d-printere.dk\/index.php\/wp-json\/wp\/v2\/product_tag?post=1491"}],"curies":[{"name":"wp","href":"https:\/\/api.w.org\/{rel}","templated":true}]}}