{"id":1480,"date":"2025-12-05T15:51:39","date_gmt":"2025-12-05T14:51:39","guid":{"rendered":"https:\/\/3d-printere.dk\/index.php\/vare\/naturcroq-junior-4\/"},"modified":"2025-12-05T15:51:58","modified_gmt":"2025-12-05T14:51:58","slug":"naturcroq-junior-4","status":"publish","type":"product","link":"https:\/\/3d-printere.dk\/index.php\/vare\/naturcroq-junior-4\/","title":{"rendered":"NaturCroq Junior"},"content":{"rendered":"<p>Komplet foder til hvalpe af alle racer fra den 7. m\u00e5ned, med et tilpasset energi- og protein indhold. Indeholder animalsk protein af h\u00f8j kvalitet (fjerkr\u00e6 oksek\u00f8d og fisk), fuldkorn samt vitaminer, mineraler og sporstoffer. Det yderst velsmagende foder indeholder ogs\u00e5 v\u00e6rdifulde lokale urter.<\/p>\n<p>Fremstillet i Tyskland under den strengeste kvalitetskontrol!<\/p>\n<p>&nbsp;<\/p>\n<p><strong>Ingredienser:<\/strong><br \/>\nFjerkr\u00e6protein*, hvedemel, majsmel, rismel, fuldkornsmajs, fedtegrever, k\u00f8dmel, fjerkr\u00e6fedt, oksek\u00f8d, fiskemel, hydrolyseret lever, roetr\u00e6vler* (afsukret), \u00e6blekvas* (1,0%), g\u00e6r*, fuldkornsbyg, natriumchlorid, guler\u00f8dder*, gr\u00f8n havre*, solsikke* (0,09%), karse*, persille*, (gr\u00f8nne urter)i alt: 0,3%); *t\u00f8rret<\/p>\n<p><strong>Analytiske bestanddele:<\/strong><br \/>\nR\u00e5protein 26,0%, r\u00e5fedt 13,0%, r\u00e5fiber 2,5%, r\u00e5aske 7,0%, calcium 1,6%, fosfor 1,0%, natrium 0,30%, kalium 0,5%, magnesium 0,11%, omega-6 fedtsyrer 2,0%, omega-3 fedtsyrer 0,2%<\/p>\n<p>&nbsp;<\/p>\n<p><strong>Tils\u00e6tningsstoffer:<\/strong><\/p>\n<p><strong>Vitaminer \/ kg:<\/strong><br \/>\nVitamin A (3a672a) 18000 IE, Vitamin D3 (3a671) 1000 IE, Vitamin E (alle rac-alfa-tocopherylacetat 3a700) 130 mg, Vitamin B1 (thiaminmononitrat 3a821) 4 mg, Vitamin B2 (riboflavin 3a825ii) 4 mg, Vitamin B6 (pyridoxinhydrochlorid 3a831) 4 mg, Biotin (3a880) 500 mcg, Calcium D-pantothenat (3a841) 10 mg, Niacin (3a314) 55 mg, Folinsyre (3a316) 4 mg, Vitamin B12 75 mcg.<\/p>\n<p><strong>Sporstoffer\/kg:<\/strong><br \/>\nJern (jernsulfat, monohydrat 3b103) 60 mg, kobber (kobber(II)sulfatpentahydrat 3b405) 13 mg, zink (zinkoxid 3b603) 100 mg, mangan (mangan(II)oxid 3b502) 10 mg, jod (calciumiodat, vandfrit 3b202) 2,7 mg, selen (natriumselenit 3b801) 0,18 mg.<\/p>\n<p>&nbsp;<\/p>\n<p><strong>Anbefalet daglig foderm\u00e6ngde (g\/dag):<\/strong><\/p>\n<p><img loading=\"lazy\" decoding=\"async\" class=\"alignnone wp-image-4588\" src=\"https:\/\/haps.centrumdyrehandel.dk\/wp-content\/uploads\/2022\/06\/NaturCroq-junior-0623-600x405.jpg\" alt=\"\" width=\"500\" height=\"338\" \/><\/p>\n<div><strong>Fodring:<\/strong><\/div>\n<div>Giv foderet t\u00f8r eller tilf\u00f8j frisk, varmt vand (ved omkring 50-60\u00b0 C) og lad det tr\u00e6kke i et par minutter. S\u00f8rg for, at der er frisk drikkevand til r\u00e5dighed p\u00e5 alle tidspunkter. Reducer m\u00e6ngden af foder, hvis du ogs\u00e5 giver din hund snacks\/godbidder. Alderen er angivet i uger (uger) eller m\u00e5neder (m\u00e5neder). M\u00e6ngden af foder er pr. dag og b\u00f8r fordeles over flere m\u00e5ltider. De individuelle behov for hunde, kan ovenn\u00e6vnte v\u00e6re 15 % lavere eller h\u00f8jere. Sikre du ikke giver for meget foder \u2013 opm\u00e6rksomhed p\u00e5 den moderate v\u00e6kst. Fra den 18. m\u00e5ned b\u00f8r der langsomt skiftes til NaturCroq voksen foder.<\/div>\n","protected":false},"excerpt":{"rendered":"<p>&nbsp;<\/p>\n<p><!--more--><\/p>\n<p>Findes i 15 kg<\/p>\n<ul>\n<li>Hvalpe af alle racer<\/li>\n<li>7. til ca. 18. m\u00e5ned<\/li>\n<li>Fjerkr\u00e6, oksek\u00f8d og fisk<\/li>\n<li>V\u00e6rdifulde lokale urter<\/li>\n<li>Uden kunstige farve-, aroma og konserveringsmidler<\/li>\n<li>Uden soja og sukker<\/li>\n<li>Uden genteknologi (GMO)<\/li>\n<li>26\/13 protein\/fedt<\/li>\n<li>Anbefalet af dyrel\u00e6ger og opdr\u00e6ttere<\/li>\n<\/ul>\n","protected":false},"featured_media":0,"comment_status":"closed","ping_status":"closed","template":"","meta":[],"product_brand":[],"product_cat":[1176,1168,1596,2062,2061,2065],"product_tag":[],"class_list":{"0":"post-1480","1":"product","2":"type-product","3":"status-publish","5":"product_cat-fordoejelse-hund","6":"product_cat-hundefoder-2","7":"product_cat-hvalpe-og-unge-hunde-2","8":"product_cat-maxi-hund-2","9":"product_cat-medium-hund-2","10":"product_cat-naturcroq-2","12":"first","13":"instock","14":"featured","15":"purchasable","16":"product-type-simple"},"supplier_id":null,"supplier_sku":"","barcode":null,"atum_controlled":true,"out_stock_date":null,"out_stock_threshold":null,"inheritable":false,"inbound_stock":null,"stock_on_hold":0,"sold_today":0,"sales_last_days":0,"reserved_stock":null,"customer_returns":null,"warehouse_damage":null,"lost_in_post":null,"other_logs":null,"out_stock_days":0,"lost_sales":0,"has_location":null,"update_date":"2026-01-26T00:06:55","atum_locations":[],"atum_stock_status":"instock","restock_status":false,"low_stock_amount":"","sales_update_date":"2026-01-26T00:06:55","calc_backorders":null,"_links":{"self":[{"href":"https:\/\/3d-printere.dk\/index.php\/wp-json\/wp\/v2\/product\/1480","targetHints":{"allow":["GET"]}}],"collection":[{"href":"https:\/\/3d-printere.dk\/index.php\/wp-json\/wp\/v2\/product"}],"about":[{"href":"https:\/\/3d-printere.dk\/index.php\/wp-json\/wp\/v2\/types\/product"}],"replies":[{"embeddable":true,"href":"https:\/\/3d-printere.dk\/index.php\/wp-json\/wp\/v2\/comments?post=1480"}],"wp:attachment":[{"href":"https:\/\/3d-printere.dk\/index.php\/wp-json\/wp\/v2\/media?parent=1480"}],"wp:term":[{"taxonomy":"product_brand","embeddable":true,"href":"https:\/\/3d-printere.dk\/index.php\/wp-json\/wp\/v2\/product_brand?post=1480"},{"taxonomy":"product_cat","embeddable":true,"href":"https:\/\/3d-printere.dk\/index.php\/wp-json\/wp\/v2\/product_cat?post=1480"},{"taxonomy":"product_tag","embeddable":true,"href":"https:\/\/3d-printere.dk\/index.php\/wp-json\/wp\/v2\/product_tag?post=1480"}],"curies":[{"name":"wp","href":"https:\/\/api.w.org\/{rel}","templated":true}]}}