{"id":1472,"date":"2025-12-05T15:51:39","date_gmt":"2025-12-05T14:51:39","guid":{"rendered":"https:\/\/3d-printere.dk\/index.php\/vare\/soft-snack-toscana-3\/"},"modified":"2025-12-05T15:51:49","modified_gmt":"2025-12-05T14:51:49","slug":"soft-snack-toscana-3","status":"publish","type":"product","link":"https:\/\/3d-printere.dk\/index.php\/vare\/soft-snack-toscana-3\/","title":{"rendered":"Soft Snack Toscana"},"content":{"rendered":"<p>Sund snack som bel\u00f8nning mellem m\u00e5ltiderne. Den bl\u00f8de, hjerteformede snack er ideel til at fork\u00e6le din hund med, eller som et mellemm\u00e5ltid. Ideel til hunde af mellemstore og store racer. Soft Snack fremstilles uden tils\u00e6tning af sukker og konserveringsmidler.<\/p>\n<p>Fremstillet i Tyskland under den strengeste kvalitetskontrol.<\/p>\n<p>&nbsp;<\/p>\n<p><strong>Ingredienser:<\/strong><strong><br \/>\n<\/strong>Vegetabilske biprodukter, andeprotein* (16,5%), majsmel, majs, ris, laksemel (3,5%), hydrolyseret protein, solsikkeolie, kaliumchlorid, g\u00e6r*, natriumchlorid, tang*, h\u00f8rfr\u00f8, t\u00f8rrede hele \u00e6g , muslingek\u00f8d*, g\u00e6r* (ekstraheret).<\/p>\n<p><strong>Analytiske bestanddele<\/strong><strong><br \/>\n<\/strong>R\u00e5protein 17,5%, r\u00e5fedt 6,0%, r\u00e5fibre 2,0%, r\u00e5aske 7,0%, vandindhold 14,0 %.<\/p>\n<p>&nbsp;<\/p>\n<p><strong>Tils\u00e6tningsstoffer:<\/strong><\/p>\n<p><strong>Vitaminer \/kg:<\/strong><br \/>\nVitamin A (3a672a) 12000 IE, vitamin D3 (3a671) 600 IE.<\/p>\n<p><strong>Sporstoffer\/kg:<\/strong><br \/>\nJern (jern(II)sulfat, monohydrat 3b103) 50 mg, kobber (kobber(II)sulfatpentahydrat 3b405) sulfat , zink (zinkoxid 3b603 80 mg, aminosyre zinkchelat, hydrat 3b606 15 mg) 95 mg, mangan (mangan (II) oxid 3b502) 21 mg, jod (calciumiodat, vandfrit 3b202, 8b202 selenit (3b202) selenit (8b202) selenit. ) 0,15 mg.<\/p>\n<p>Antioxidanter, tocopherolekstrakter fra vegetabilske olier 1b306(i)<\/p>\n<p>&nbsp;<\/p>\n<p><strong>Fodring:<\/strong><br \/>\nTilbyd et par stykker flere gang om dagen som bel\u00f8nning \u2013 eller som et lille mellemm\u00e5ltid. S\u00f8rg for at der er frisk drikkevand til r\u00e5dighed p\u00e5 alle tidspunkter.<\/p>\n","protected":false},"excerpt":{"rendered":"<p>&nbsp;<\/p>\n<p>Findes i poser \u00e1 100 gr<\/p>\n<ul>\n<li>Hjerteformede velsmagende snacks<\/li>\n<li>And og laks<\/li>\n<li>Neutraliserede hunde<\/li>\n<li>Glutenfri<\/li>\n<li>Praktisk genluk-funktion<\/li>\n<li>17,5\/6 protein\/fedt<\/li>\n<li>Anbefalet af dyrl\u00e6ger og opdr\u00e6ttere<\/li>\n<\/ul>\n","protected":false},"featured_media":725,"comment_status":"closed","ping_status":"closed","template":"","meta":[],"product_brand":[],"product_cat":[1436,2062,2061,1288],"product_tag":[],"class_list":{"0":"post-1472","1":"product","2":"type-product","3":"status-publish","4":"has-post-thumbnail","6":"product_cat-hvedefri-hund-2","7":"product_cat-maxi-hund-2","8":"product_cat-medium-hund-2","9":"product_cat-snacks-og-kiks-hund","11":"first","12":"instock","13":"featured","14":"product-type-simple"},"supplier_id":null,"supplier_sku":"","barcode":null,"atum_controlled":true,"out_stock_date":null,"out_stock_threshold":null,"inheritable":false,"inbound_stock":null,"stock_on_hold":0,"sold_today":0,"sales_last_days":0,"reserved_stock":null,"customer_returns":null,"warehouse_damage":null,"lost_in_post":null,"other_logs":null,"out_stock_days":0,"lost_sales":0,"has_location":null,"update_date":"2026-01-26T00:06:55","atum_locations":[],"atum_stock_status":"instock","restock_status":false,"low_stock_amount":"","sales_update_date":"2026-01-26T00:06:55","calc_backorders":null,"_links":{"self":[{"href":"https:\/\/3d-printere.dk\/index.php\/wp-json\/wp\/v2\/product\/1472","targetHints":{"allow":["GET"]}}],"collection":[{"href":"https:\/\/3d-printere.dk\/index.php\/wp-json\/wp\/v2\/product"}],"about":[{"href":"https:\/\/3d-printere.dk\/index.php\/wp-json\/wp\/v2\/types\/product"}],"replies":[{"embeddable":true,"href":"https:\/\/3d-printere.dk\/index.php\/wp-json\/wp\/v2\/comments?post=1472"}],"wp:featuredmedia":[{"embeddable":true,"href":"https:\/\/3d-printere.dk\/index.php\/wp-json\/wp\/v2\/media\/725"}],"wp:attachment":[{"href":"https:\/\/3d-printere.dk\/index.php\/wp-json\/wp\/v2\/media?parent=1472"}],"wp:term":[{"taxonomy":"product_brand","embeddable":true,"href":"https:\/\/3d-printere.dk\/index.php\/wp-json\/wp\/v2\/product_brand?post=1472"},{"taxonomy":"product_cat","embeddable":true,"href":"https:\/\/3d-printere.dk\/index.php\/wp-json\/wp\/v2\/product_cat?post=1472"},{"taxonomy":"product_tag","embeddable":true,"href":"https:\/\/3d-printere.dk\/index.php\/wp-json\/wp\/v2\/product_tag?post=1472"}],"curies":[{"name":"wp","href":"https:\/\/api.w.org\/{rel}","templated":true}]}}