{"id":1461,"date":"2025-12-05T15:51:09","date_gmt":"2025-12-05T14:51:09","guid":{"rendered":"https:\/\/3d-printere.dk\/index.php\/vare\/minkas-urinary-care-4\/"},"modified":"2025-12-05T15:51:29","modified_gmt":"2025-12-05T14:51:29","slug":"minkas-urinary-care-4","status":"publish","type":"product","link":"https:\/\/3d-printere.dk\/index.php\/vare\/minkas-urinary-care-4\/","title":{"rendered":"Minkas Urinary Care"},"content":{"rendered":"<p>Happy Cat Minkas Urinary Care med fjerkr\u00e6 er et komplet foder til voksne katte. Indeholder letford\u00f8jelig protein og et reduceret\u00a0 indhold af magnesium og fosfor der birdrager til at s\u00e6nke urin-pH-v\u00e6rdien og beskytter urinvejene.<\/p>\n<p>Happy Cat\u00b4s \u201c<a href=\"https:\/\/haps.centrumdyrehandel.dk\/happy-dog-natural-life-concept\/\" target=\"_blank\" rel=\"noopener\">Natural Life Concept<\/a>\u201d \u00a0findes i alle Happy Cat Minkas produkter.<\/p>\n<p>Fremstillet i Tyskland under den strengeste kvalitetskontrol.<\/p>\n<p>&nbsp;<\/p>\n<p><strong>Ingredienser: <\/strong><br \/>\nFjerkr\u00e6protein** (27%), majs, majsmel, fedtegrever, fjerkr\u00e6fedt, fiskemel, roetr\u00e6vler* (afsukret), lignocellulose, solsikkeolie, \u00e6blekvas*, kaliumchlorid, natriumchlorid, rapsolie, yucca schidigera* (0,04%); *t\u00f8rret, **t\u00f8rret, proportionelt hydrolyseret<\/p>\n<p><strong>Analytiske bestanddele:<\/strong><br \/>\nR\u00e5protein 32,0%, r\u00e5fedt 12,0%, r\u00e5fiber 2,5%, r\u00e5aske 7,0%, calcium 1,1%, fosfor 0,8%, natrium 0,4%, kalium 0,6%, magnesium 0,08%, omega-6-fedtsyrer 2,5%, omega-3- fedtsyrer 0,25%.<\/p>\n<p>&nbsp;<\/p>\n<p><strong>Tils\u00e6tningsstoffer:<\/strong><\/p>\n<p><strong>Vitaminer\/kg:<\/strong><br \/>\nVitamin A (3a672a) 15000 I.E., Vitamin D3 (3a671) 1250 I.E., Vitamin E (all-rac-alpha-Tocopherylacetat 3a700) 75 mg, Taurin (3a370) 1000 mg; Antioxidanter, Tocopherol-ekstrakter fra vegetabilske olier 1b306(i).<\/p>\n<p><strong>Sporstoffer\/kg:<br \/>\n<\/strong>Jern (jern(II)sulfat, monohydrat 3b103) 130 mg, Kobber (kobber(II)sulfat-pentahydrat 3b405) 12 mg, Zink (zinkoxid 3b603) 100 mg, Mangan (mangan(II)oxid 3b502) 15 mg, Jod (calciumjodat, vandfri 3b202) 1,5 mg, Selen (natriumselenit 3b801) 0,15 mg<\/p>\n<p><strong>Aminosyrer\/kg:<br \/>\n<\/strong>DL-methionin (3c301) 5000 mg.<\/p>\n<p>&nbsp;<\/p>\n<p><strong>Anbefalet daglig foderm\u00e6ngde (g\/dag):<\/strong><\/p>\n<p><img loading=\"lazy\" decoding=\"async\" class=\"alignnone wp-image-6718\" src=\"https:\/\/haps.centrumdyrehandel.dk\/wp-content\/uploads\/2022\/06\/Minkas-urinary-care-240424-600x395.jpg\" alt=\"\" width=\"497\" height=\"327\" \/><\/p>\n<p>S\u00f8rg for, at der er frisk drikkevand til r\u00e5dighed p\u00e5 alle tidspunkter, i en god afstand fra fodersk\u00e5len. I betragtning af forskellen mellem de enkelte katte, kan den angivne daglige m\u00e6ngde reduceres med op til 15 %. Opdel den daglige m\u00e6ngde af foder, i flere m\u00e5ltider.<\/p>\n<p>YDERLIGERE OPLYSNINGER: Det anbefales at s\u00f8ge r\u00e5d fra en dyrl\u00e6ge inden brug eller f\u00f8r forl\u00e6ngelse af fodringsperioden og forts\u00e6tte med regelm\u00e6ssig kontrol af nyrefunktionen.<\/p>\n","protected":false},"excerpt":{"rendered":"<p>&nbsp;<\/p>\n<p><!--more--><\/p>\n<p>Findes i 1,5 kg og 10 kg<\/p>\n<ul>\n<li>Komplet foder til voksne katte<\/li>\n<li>Fjerkr\u00e6<\/li>\n<li>Reduceret magnesium og fosfor indhold<\/li>\n<li>PH kontrol<\/li>\n<li>Beskytter urinvejene<\/li>\n<li>Til sensible katte<\/li>\n<li>Reduceret aff\u00f8ringslugt<\/li>\n<li>32\/12 protein\/fedt<\/li>\n<li>Anbefalet af dyrl\u00e6ger og opdr\u00e6ttere<\/li>\n<\/ul>\n","protected":false},"featured_media":686,"comment_status":"closed","ping_status":"closed","template":"","meta":[],"product_brand":[],"product_cat":[1403,1933,2070,2071,2073,2084,2074],"product_tag":[],"class_list":{"0":"post-1461","1":"product","2":"type-product","3":"status-publish","4":"has-post-thumbnail","6":"product_cat-happy-cat-minkas-2","7":"product_cat-kattefoder-2","8":"product_cat-maxi-kat-2","9":"product_cat-medium-kat-2","10":"product_cat-toerfoder-kat-2","11":"product_cat-urinveje-kat-2","12":"product_cat-voksen-kat-2","14":"first","15":"instock","16":"featured","17":"product-type-simple"},"supplier_id":null,"supplier_sku":"","barcode":null,"atum_controlled":true,"out_stock_date":null,"out_stock_threshold":null,"inheritable":false,"inbound_stock":null,"stock_on_hold":0,"sold_today":0,"sales_last_days":0,"reserved_stock":null,"customer_returns":null,"warehouse_damage":null,"lost_in_post":null,"other_logs":null,"out_stock_days":0,"lost_sales":0,"has_location":null,"update_date":"2026-01-26T00:06:56","atum_locations":[],"atum_stock_status":"instock","restock_status":false,"low_stock_amount":"","sales_update_date":"2026-01-26T00:06:56","calc_backorders":null,"_links":{"self":[{"href":"https:\/\/3d-printere.dk\/index.php\/wp-json\/wp\/v2\/product\/1461","targetHints":{"allow":["GET"]}}],"collection":[{"href":"https:\/\/3d-printere.dk\/index.php\/wp-json\/wp\/v2\/product"}],"about":[{"href":"https:\/\/3d-printere.dk\/index.php\/wp-json\/wp\/v2\/types\/product"}],"replies":[{"embeddable":true,"href":"https:\/\/3d-printere.dk\/index.php\/wp-json\/wp\/v2\/comments?post=1461"}],"wp:featuredmedia":[{"embeddable":true,"href":"https:\/\/3d-printere.dk\/index.php\/wp-json\/wp\/v2\/media\/686"}],"wp:attachment":[{"href":"https:\/\/3d-printere.dk\/index.php\/wp-json\/wp\/v2\/media?parent=1461"}],"wp:term":[{"taxonomy":"product_brand","embeddable":true,"href":"https:\/\/3d-printere.dk\/index.php\/wp-json\/wp\/v2\/product_brand?post=1461"},{"taxonomy":"product_cat","embeddable":true,"href":"https:\/\/3d-printere.dk\/index.php\/wp-json\/wp\/v2\/product_cat?post=1461"},{"taxonomy":"product_tag","embeddable":true,"href":"https:\/\/3d-printere.dk\/index.php\/wp-json\/wp\/v2\/product_tag?post=1461"}],"curies":[{"name":"wp","href":"https:\/\/api.w.org\/{rel}","templated":true}]}}