{"id":1423,"date":"2025-12-05T15:50:07","date_gmt":"2025-12-05T14:50:07","guid":{"rendered":"https:\/\/3d-printere.dk\/index.php\/vare\/naturcroq-lamm-reis-lam-og-ris-6\/"},"modified":"2025-12-05T15:50:30","modified_gmt":"2025-12-05T14:50:30","slug":"naturcroq-lamm-reis-lam-og-ris-6","status":"publish","type":"product","link":"https:\/\/3d-printere.dk\/index.php\/vare\/naturcroq-lamm-reis-lam-og-ris-6\/","title":{"rendered":"NaturCroq Lamm &#038; Reis &#8211; lam og ris"},"content":{"rendered":"<p>Komplet fuldfoder til voksne hunde, med normalt energibehov. Spr\u00f8de kroketter med veltilberedte ris og sunde fuldkornsprodukter, velegnet til sensible hunde.<\/p>\n<p>Fremstillet i Tyskland under den strengeste kvalitetskontrol!<\/p>\n<p>&nbsp;<\/p>\n<p><strong>Ingredienser:<\/strong><br \/>\nFjerkr\u00e6protein*, hvedemel, fuldkornshvede, fuldkornsmajs, majsmel, lammeprotein* (8,5%), rismel (8,5%), fuldkornsbyg, fjerkr\u00e6fedt, oksek\u00f8dsfedt, hydrolyseret lever, fiskemel, roetr\u00e6vler* (afsukret), solsikkeolie (0, 9%), \u00e6blekvas* (0,7%), g\u00e6r*, kaliumchlorid, rapsolie (0,2%), natriumchlorid, gr\u00f8n havre*, solsikke* (0,08%), karse*, persille*, (gr\u00f8nne urter i alt: 0,3% ); *t\u00f8rret<\/p>\n<p><strong>Analytiske bestanddele:<\/strong><br \/>\nR\u00e5protein 22,0%, r\u00e5fedt 9,0%, r\u00e5fiber 3,0%, r\u00e5aske 6,5%, calcium 1,5%, fosfor 1,0%, natrium 0,25%, kalium 0,6%, magnesium 0,12%, omega-6 fedtsyrer 2,2%, omega-3 fedtsyrer 0,2%.<\/p>\n<p>&nbsp;<\/p>\n<p><strong>Tils\u00e6tningsstoffer:<\/strong><\/p>\n<p><strong>Vitaminer \/ kg:<\/strong><br \/>\nVitamin A (3a672a) 18000 IE, vitamin D3 (3a671) 1000 IE, vitamin E (alle rac-alpha-tocopherylacetat 3a700) 130 mg, vitamin B1 (thiaminmononitrat 3a821) 4 mg, vitamin B25i (825 vitamin B2i) 4 mg, vitamin B6 (pyridoxinhydrochlorid 3a831) 4 mg, biotin (3a880) 500 mcg, calcium D-pantothenat (3a841) 10 mg, niacin (3a314) 55 mg, vitamin B12 75 mcg.<\/p>\n<p><strong>Sporstoffer\/kg:<\/strong><br \/>\nJern (jern(II)sulfatmonohydrat 3b103) 55 mg, kobber (kobber(II)sulfatpentahydrat 3b405) 12 mg, zink (zinkoxid 3b603) 95 mg, mangan (mangan(II)oxid) 9502 mg, jod (calciumiodat, vandfrit 3b202) 2,5 mg, selen (natriumselenit 3b801) 0,17 mg.<\/p>\n<p>Antioxidanter, tocopherolekstrakter fra vegetabilske olier 1b306(i).<\/p>\n<p>&nbsp;<\/p>\n<p><strong>Anbefalet daglig foderm\u00e6ngde (g\/dag):<\/strong><\/p>\n<div><img loading=\"lazy\" decoding=\"async\" class=\"alignnone wp-image-4754\" src=\"https:\/\/haps.centrumdyrehandel.dk\/wp-content\/uploads\/2022\/06\/NaturCroq-lam-og-ris-0623-600x513.jpg\" alt=\"\" width=\"501\" height=\"428\" \/><\/div>\n<div><\/div>\n<div><strong>Fodring:<\/strong><\/div>\n<div>Giv foderet t\u00f8r eller tilf\u00f8j frisk, varmt vand (ved omkring 50-60\u00b0 C) og lad det tr\u00e6kke i et par minutter. S\u00f8rg for, at der er frisk drikkevand til r\u00e5dighed p\u00e5 alle tidspunkter. Reducer m\u00e6ngden af foder, hvis du ogs\u00e5 giver din hund snacks\/godbidder. I betragtning af forskellen mellem de enkelte hunde, kan den angivne daglige m\u00e6ngde reduceres med op til 15 %, hvis hunden har tendens til at v\u00e6re overv\u00e6gtig.<\/div>\n","protected":false},"excerpt":{"rendered":"<p>&nbsp;<\/p>\n<p><!--more--><\/p>\n<p>Findes i 1 kg, 4 kg, 11 kg og 15 kg<\/p>\n<ul>\n<li>Voksne hunde med et normalt energibehov<\/li>\n<li>Afbalanceret udvalg af proteiner<\/li>\n<li>Lam, fjerkr\u00e6 og ris<\/li>\n<li>V\u00e6rdifulde lokale urter<\/li>\n<li>Anbefalet af dyrel\u00e6ger og opdr\u00e6ttere<\/li>\n<\/ul>\n","protected":false},"featured_media":570,"comment_status":"closed","ping_status":"closed","template":"","meta":[],"product_brand":[],"product_cat":[1176,1168,2062,2061,2065],"product_tag":[],"class_list":{"0":"post-1423","1":"product","2":"type-product","3":"status-publish","4":"has-post-thumbnail","6":"product_cat-fordoejelse-hund","7":"product_cat-hundefoder-2","8":"product_cat-maxi-hund-2","9":"product_cat-medium-hund-2","10":"product_cat-naturcroq-2","12":"first","13":"instock","14":"featured","15":"product-type-simple"},"supplier_id":null,"supplier_sku":"","barcode":null,"atum_controlled":true,"out_stock_date":null,"out_stock_threshold":null,"inheritable":false,"inbound_stock":null,"stock_on_hold":0,"sold_today":0,"sales_last_days":0,"reserved_stock":null,"customer_returns":null,"warehouse_damage":null,"lost_in_post":null,"other_logs":null,"out_stock_days":0,"lost_sales":0,"has_location":null,"update_date":"2026-01-26T00:06:56","atum_locations":[],"atum_stock_status":"instock","restock_status":false,"low_stock_amount":"","sales_update_date":"2026-01-26T00:06:56","calc_backorders":null,"_links":{"self":[{"href":"https:\/\/3d-printere.dk\/index.php\/wp-json\/wp\/v2\/product\/1423","targetHints":{"allow":["GET"]}}],"collection":[{"href":"https:\/\/3d-printere.dk\/index.php\/wp-json\/wp\/v2\/product"}],"about":[{"href":"https:\/\/3d-printere.dk\/index.php\/wp-json\/wp\/v2\/types\/product"}],"replies":[{"embeddable":true,"href":"https:\/\/3d-printere.dk\/index.php\/wp-json\/wp\/v2\/comments?post=1423"}],"wp:featuredmedia":[{"embeddable":true,"href":"https:\/\/3d-printere.dk\/index.php\/wp-json\/wp\/v2\/media\/570"}],"wp:attachment":[{"href":"https:\/\/3d-printere.dk\/index.php\/wp-json\/wp\/v2\/media?parent=1423"}],"wp:term":[{"taxonomy":"product_brand","embeddable":true,"href":"https:\/\/3d-printere.dk\/index.php\/wp-json\/wp\/v2\/product_brand?post=1423"},{"taxonomy":"product_cat","embeddable":true,"href":"https:\/\/3d-printere.dk\/index.php\/wp-json\/wp\/v2\/product_cat?post=1423"},{"taxonomy":"product_tag","embeddable":true,"href":"https:\/\/3d-printere.dk\/index.php\/wp-json\/wp\/v2\/product_tag?post=1423"}],"curies":[{"name":"wp","href":"https:\/\/api.w.org\/{rel}","templated":true}]}}