{"id":1411,"date":"2025-12-05T15:50:07","date_gmt":"2025-12-05T14:50:07","guid":{"rendered":"https:\/\/3d-printere.dk\/index.php\/vare\/fit-vital-medium-adult-5\/"},"modified":"2025-12-05T15:50:16","modified_gmt":"2025-12-05T14:50:16","slug":"fit-vital-medium-adult-5","status":"publish","type":"product","link":"https:\/\/3d-printere.dk\/index.php\/vare\/fit-vital-medium-adult-5\/","title":{"rendered":"Fit &#038; Vital Medium Adult"},"content":{"rendered":"<p>Komplet foder til voksne hunde &#8211; fra 11 kg. voksenv\u00e6gt. Den let ford\u00f8jelige opskrift d\u00e6kker alle behov hos voksne mellemstore hunde, med normalt energibehov.<\/p>\n<p>Fremstillet i Tyskland under den strengeste kvalitetskontrol.<\/p>\n<p>&nbsp;<\/p>\n<p><strong>Ingredienser:<\/strong><br \/>\nAnimalske proteiner* (14\u2009% fjerkr\u00e6, 4\u2009% lam), majs, majsmel, rismel, byg,<br \/>\nfiskemel (5%, heraf 50% laksemel), fjerkr\u00e6fedt, h\u00e6moglobin *, leverhydrolysat, solsikkeolie, roetr\u00e6vler * (afsukret), \u00e6blekvas *, kaliumchlorid, rapsolie, g\u00e6r *, natriumchlorid, tang *, h\u00f8rfr\u00f8 (0,16%), t\u00f8rrede hele \u00e6g (0,12%), muslingek\u00f8d * (0,02%), g\u00e6r * (ekstraheret), marietidsel, artiskok, m\u00e6lkeb\u00f8tte, ingef\u00e6r (0,013%), birkeblade, br\u00e6nden\u00e6lde, kamille, koriander, rosmarin, salvie, lakridsrod, timian, (t\u00f8rrede urter i alt: 0,16%), *) t\u00f8rret.<\/p>\n<p><strong>Analytiske bestanddele:<\/strong><br \/>\nR\u00e5protein 24,0%, r\u00e5fedt 13,0%, r\u00e5fibre 2,5%, r\u00e5aske 6,5%, calcium 1,4%, fosfor 0,95%, natrium 0,4%, kalium 0,5%, magnesium 0,1%, omega-6-fedtsyrer 3,0%, omega-3-fedtsyrer 0,3%.<\/p>\n<p>&nbsp;<\/p>\n<p><strong>Tils\u00e6tningsstoffer:<\/strong><\/p>\n<p><strong>Vitaminer \/ kg:<\/strong><br \/>\nVitaminer\/kg: Vitamin A (3a672a) 14000 IE, vitamin D3 (3a671) 800 IE, vitamin E (alle rac-alpha-tocopherylacetat 3a700) 100 mg, vitamin B1 (thiaminmononitrat 3a821) 3 mg, vitamin B2 3a825ii) 3 mg, vitamin B6 (pyridoxin hydrochlorid 3a831) 3 mg, biotin (3a880) 395 mcg, calcium D-pantothenat (3a841) 8 mg, niacin (3a314) 40 mg, vitamin B12 55 mcg, 5 cholin chloride (3a825 mcg) mg.<\/p>\n<p><strong>Sporstoffer\/kg:<\/strong><br \/>\nJern (jern (II) sulfat, monohydrat 3b103) 105 mg, kobber (kobber (II) sulfat pentahydrat 3b405) 10 mg, zink (zink oxid 3b603 80 mg, aminosyre zink chelat, hydrat 3b 6b ) 105 mg, mangan (mangan (II) oxid 3b502) 25 mg, jod (calciumiodat, vandfri 3b202) 2 mg, selen (natriumselenit 3b801) 0,15 mg.<\/p>\n<p>Antioxidanter, tocopherolekstrakter1b306s (i vegetabilske olier).<\/p>\n<p>&nbsp;<\/p>\n<p><strong>Anbefalet daglig foderm\u00e6ngde (g\/dag):<\/strong><\/p>\n<p><img loading=\"lazy\" decoding=\"async\" class=\"alignnone wp-image-4664\" src=\"https:\/\/haps.centrumdyrehandel.dk\/wp-content\/uploads\/2022\/06\/Fit-og-vital-Medium-Adult-foderplan-0623-600x229.jpg\" alt=\"\" width=\"499\" height=\"221\" \/><\/p>\n<p><strong>Fodring:<br \/>\n<\/strong>Giv foderet t\u00f8r eller tilf\u00f8j frisk, varmt vand (ved omkring 50-60\u00b0 C) og\u00a0lad det tr\u00e6kke i et par minutter. S\u00f8rg for, at der er frisk drikkevand til\u00a0r\u00e5dighed p\u00e5 alle tidspunkter. Reducer m\u00e6ngden af foder, hvis du ogs\u00e5\u00a0giver din hund snacks\/godbidder. I betragtning af forskellen mellem\u00a0de enkelte hunde, kan den angivne daglige m\u00e6ngde reduceres med op\u00a0til 15\u00a0%, hvis hunden har tendens til at v\u00e6re overv\u00e6gtig.<\/p>\n","protected":false},"excerpt":{"rendered":"<p>&nbsp;<\/p>\n<p><!--more--><\/p>\n<p>Findes i 300 gr, 4 kg og 12 kg<\/p>\n<ul>\n<li>Fra 11. kg voksenv\u00e6gt \u2013 normalt energibehov<\/li>\n<li>Letford\u00f8jelig og velsmagende<\/li>\n<li>5 forskellige proteinkilder af h\u00f8j kvalitet<\/li>\n<li>Hvedefri<\/li>\n<li>Indeholder omega-3 og omega-6 fedtsyrer<\/li>\n<li>24\/13 protein\/fedt<\/li>\n<li>Anbefalet af dyrel\u00e6ger og opdr\u00e6ttere<\/li>\n<\/ul>\n","protected":false},"featured_media":533,"comment_status":"closed","ping_status":"closed","template":"","meta":[],"product_brand":[],"product_cat":[1151,1168,1436,2061],"product_tag":[],"class_list":{"0":"post-1411","1":"product","2":"type-product","3":"status-publish","4":"has-post-thumbnail","6":"product_cat-fit-vital","7":"product_cat-hundefoder-2","8":"product_cat-hvedefri-hund-2","9":"product_cat-medium-hund-2","11":"first","12":"instock","13":"featured","14":"product-type-simple"},"supplier_id":null,"supplier_sku":"","barcode":null,"atum_controlled":true,"out_stock_date":null,"out_stock_threshold":null,"inheritable":false,"inbound_stock":null,"stock_on_hold":0,"sold_today":0,"sales_last_days":0,"reserved_stock":null,"customer_returns":null,"warehouse_damage":null,"lost_in_post":null,"other_logs":null,"out_stock_days":0,"lost_sales":0,"has_location":null,"update_date":"2026-01-26T00:06:56","atum_locations":[],"atum_stock_status":"instock","restock_status":false,"low_stock_amount":"","sales_update_date":"2026-01-26T00:06:56","calc_backorders":null,"_links":{"self":[{"href":"https:\/\/3d-printere.dk\/index.php\/wp-json\/wp\/v2\/product\/1411","targetHints":{"allow":["GET"]}}],"collection":[{"href":"https:\/\/3d-printere.dk\/index.php\/wp-json\/wp\/v2\/product"}],"about":[{"href":"https:\/\/3d-printere.dk\/index.php\/wp-json\/wp\/v2\/types\/product"}],"replies":[{"embeddable":true,"href":"https:\/\/3d-printere.dk\/index.php\/wp-json\/wp\/v2\/comments?post=1411"}],"wp:featuredmedia":[{"embeddable":true,"href":"https:\/\/3d-printere.dk\/index.php\/wp-json\/wp\/v2\/media\/533"}],"wp:attachment":[{"href":"https:\/\/3d-printere.dk\/index.php\/wp-json\/wp\/v2\/media?parent=1411"}],"wp:term":[{"taxonomy":"product_brand","embeddable":true,"href":"https:\/\/3d-printere.dk\/index.php\/wp-json\/wp\/v2\/product_brand?post=1411"},{"taxonomy":"product_cat","embeddable":true,"href":"https:\/\/3d-printere.dk\/index.php\/wp-json\/wp\/v2\/product_cat?post=1411"},{"taxonomy":"product_tag","embeddable":true,"href":"https:\/\/3d-printere.dk\/index.php\/wp-json\/wp\/v2\/product_tag?post=1411"}],"curies":[{"name":"wp","href":"https:\/\/api.w.org\/{rel}","templated":true}]}}