{"id":1379,"date":"2025-10-15T12:00:03","date_gmt":"2025-10-15T10:00:03","guid":{"rendered":"https:\/\/3d-printere.dk\/index.php\/vare\/foderskaal-katte\/"},"modified":"2025-10-15T12:00:11","modified_gmt":"2025-10-15T10:00:11","slug":"foderskaal-katte","status":"publish","type":"product","link":"https:\/\/3d-printere.dk\/index.php\/vare\/foderskaal-katte\/","title":{"rendered":"Fodersk\u00e5l katte"},"content":{"rendered":"<div class=\"h3 product-detail-description-title\">\n<ul>\n<li>Ideel til Happy Cat t\u00f8r- og v\u00e5dfoder samt vand<\/li>\n<li>T\u00e5ler opvaskemaskine, men er ogs\u00e5 nem at reng\u00f8re i h\u00e5nden<\/li>\n<li>Materiale: Keramik<\/li>\n<li>M\u00e5l: \u00d8 11 cm<\/li>\n<\/ul>\n<\/div>\n","protected":false},"excerpt":{"rendered":"<p>&nbsp;<\/p>\n<p><!--more--><\/p>\n<p><strong>Happy Cat Keramik-Katteska\u030al<\/strong><br \/>\nFra denne stilfulde ska\u030al i moderne design smager Happy Cat-kattefoder dobbelt s\u00e5 godt.<\/p>\n","protected":false},"featured_media":0,"comment_status":"closed","ping_status":"closed","template":"","meta":[],"product_brand":[],"product_cat":[2030],"product_tag":[],"class_list":{"0":"post-1379","1":"product","2":"type-product","3":"status-publish","5":"product_cat-tilbehoer","6":"pa_posestoerrelse-a1s10katteskaala6s4names10katteskaals5values10almindeligs8positioni0s10is_visiblei1s12is_variationi1s11is_taxonomyi0","8":"first","9":"onbackorder","10":"taxable","11":"shipping-taxable","12":"product-type-simple"},"supplier_id":null,"supplier_sku":"","barcode":null,"atum_controlled":true,"out_stock_date":"2025-10-15 12:00:11","out_stock_threshold":null,"inheritable":false,"inbound_stock":null,"stock_on_hold":0,"sold_today":0,"sales_last_days":0,"reserved_stock":null,"customer_returns":null,"warehouse_damage":null,"lost_in_post":null,"other_logs":null,"out_stock_days":102,"lost_sales":0,"has_location":null,"update_date":"2026-01-26T00:06:56","atum_locations":[],"atum_stock_status":"onbackorder","restock_status":false,"low_stock_amount":"","sales_update_date":"2026-01-26T00:06:56","calc_backorders":0,"_links":{"self":[{"href":"https:\/\/3d-printere.dk\/index.php\/wp-json\/wp\/v2\/product\/1379","targetHints":{"allow":["GET"]}}],"collection":[{"href":"https:\/\/3d-printere.dk\/index.php\/wp-json\/wp\/v2\/product"}],"about":[{"href":"https:\/\/3d-printere.dk\/index.php\/wp-json\/wp\/v2\/types\/product"}],"replies":[{"embeddable":true,"href":"https:\/\/3d-printere.dk\/index.php\/wp-json\/wp\/v2\/comments?post=1379"}],"wp:attachment":[{"href":"https:\/\/3d-printere.dk\/index.php\/wp-json\/wp\/v2\/media?parent=1379"}],"wp:term":[{"taxonomy":"product_brand","embeddable":true,"href":"https:\/\/3d-printere.dk\/index.php\/wp-json\/wp\/v2\/product_brand?post=1379"},{"taxonomy":"product_cat","embeddable":true,"href":"https:\/\/3d-printere.dk\/index.php\/wp-json\/wp\/v2\/product_cat?post=1379"},{"taxonomy":"product_tag","embeddable":true,"href":"https:\/\/3d-printere.dk\/index.php\/wp-json\/wp\/v2\/product_tag?post=1379"}],"curies":[{"name":"wp","href":"https:\/\/api.w.org\/{rel}","templated":true}]}}