{"id":1375,"date":"2025-10-15T12:00:03","date_gmt":"2025-10-15T10:00:03","guid":{"rendered":"https:\/\/3d-printere.dk\/index.php\/vare\/laag-til-fodertoende\/"},"modified":"2025-10-15T12:00:11","modified_gmt":"2025-10-15T10:00:11","slug":"laag-til-fodertoende","status":"publish","type":"product","link":"https:\/\/3d-printere.dk\/index.php\/vare\/laag-til-fodertoende\/","title":{"rendered":"L\u00e5g til fodert\u00f8nde"},"content":{"rendered":"<p><strong>Tilg\u00e6ngelige st\u00f8rrelser:<\/strong><\/p>\n<ul>\n<li>Til 20-liters beholder, diameter ca. 32 cm<\/li>\n<li>Til 43-liters beholder, diameter ca. 40 cm<\/li>\n<\/ul>\n","protected":false},"excerpt":{"rendered":"<p>&nbsp;<\/p>\n<p><!--more--><\/p>\n<p><strong>Happy Dog | Happy Cat l\u00e5g til fodert\u00f8nde<\/strong><br \/>\nL\u00e5g til vores popul\u00e6re Happy Dog | Happy Cat foderbeholdere \u2013 kan bestilles separat.<\/p>\n","protected":false},"featured_media":0,"comment_status":"closed","ping_status":"closed","template":"","meta":[],"product_brand":[],"product_cat":[2030],"product_tag":[],"class_list":{"0":"post-1375","1":"product","2":"type-product","3":"status-publish","5":"product_cat-tilbehoer","6":"pa_posestoerrelse-a1s20laag-til-fodertoendea6s4names20laag-til-fodertoendes5values12lille","7":"pa_posestoerrelse-stors8positioni0s10is_visiblei1s12is_variationi1s11is_taxonomyi0","9":"first","10":"onbackorder","11":"taxable","12":"shipping-taxable","13":"product-type-simple"},"supplier_id":null,"supplier_sku":"","barcode":null,"atum_controlled":true,"out_stock_date":"2025-10-15 12:00:11","out_stock_threshold":null,"inheritable":false,"inbound_stock":null,"stock_on_hold":0,"sold_today":0,"sales_last_days":0,"reserved_stock":null,"customer_returns":null,"warehouse_damage":null,"lost_in_post":null,"other_logs":null,"out_stock_days":102,"lost_sales":0,"has_location":null,"update_date":"2026-01-26T00:06:56","atum_locations":[],"atum_stock_status":"onbackorder","restock_status":false,"low_stock_amount":"","sales_update_date":"2026-01-26T00:06:56","calc_backorders":0,"_links":{"self":[{"href":"https:\/\/3d-printere.dk\/index.php\/wp-json\/wp\/v2\/product\/1375","targetHints":{"allow":["GET"]}}],"collection":[{"href":"https:\/\/3d-printere.dk\/index.php\/wp-json\/wp\/v2\/product"}],"about":[{"href":"https:\/\/3d-printere.dk\/index.php\/wp-json\/wp\/v2\/types\/product"}],"replies":[{"embeddable":true,"href":"https:\/\/3d-printere.dk\/index.php\/wp-json\/wp\/v2\/comments?post=1375"}],"wp:attachment":[{"href":"https:\/\/3d-printere.dk\/index.php\/wp-json\/wp\/v2\/media?parent=1375"}],"wp:term":[{"taxonomy":"product_brand","embeddable":true,"href":"https:\/\/3d-printere.dk\/index.php\/wp-json\/wp\/v2\/product_brand?post=1375"},{"taxonomy":"product_cat","embeddable":true,"href":"https:\/\/3d-printere.dk\/index.php\/wp-json\/wp\/v2\/product_cat?post=1375"},{"taxonomy":"product_tag","embeddable":true,"href":"https:\/\/3d-printere.dk\/index.php\/wp-json\/wp\/v2\/product_tag?post=1375"}],"curies":[{"name":"wp","href":"https:\/\/api.w.org\/{rel}","templated":true}]}}