{"id":1367,"date":"2025-10-15T12:00:03","date_gmt":"2025-10-15T10:00:03","guid":{"rendered":"https:\/\/3d-printere.dk\/index.php\/vare\/fodertoende\/"},"modified":"2025-10-15T12:00:10","modified_gmt":"2025-10-15T10:00:10","slug":"fodertoende","status":"publish","type":"product","link":"https:\/\/3d-printere.dk\/index.php\/vare\/fodertoende\/","title":{"rendered":"Fodert\u00f8nde"},"content":{"rendered":"<ul>\n<li><strong>20 liters bl\u00e5 variant<\/strong> med b\u00e6reh\u00e5ndtag, h\u00f8jde ca. 31 cm, diameter ca. 32 cm, kapacitet ca. 8 kg t\u00f8rfoder<\/li>\n<li><strong>43 liters bl\u00e5 variant<\/strong> med sidemonterede b\u00e6reh\u00e5ndtag \u00f8verst p\u00e5 spanden, h\u00f8jde ca. 51 cm, diameter ca. 40 cm, kapacitet ca. 14 kg t\u00f8rfoder<\/li>\n<\/ul>\n","protected":false},"excerpt":{"rendered":"<p>&nbsp;<\/p>\n<p><!--more--><\/p>\n<p><strong>Happy Dog | Happy Cat Fodert\u00f8nde<\/strong><br \/>\nPraktisk fodert\u00f8nde &#8211; ideel til opbevaring af t\u00f8rfoder.<\/p>\n<p><strong>Findes i forskellige st\u00f8rrelser:<\/strong><\/p>\n<ul>\n<li>20 liter eller 43 liter kapacitet<\/li>\n<li>Fremstillet af robust plastik med genlukkeligt l\u00e5g<\/li>\n<li>F\u00f8devaregodkendt og egnet til opbevaring af dyrefoder<\/li>\n<li>Med dekorativt motiv<\/li>\n<\/ul>\n","protected":false},"featured_media":0,"comment_status":"closed","ping_status":"closed","template":"","meta":[],"product_brand":[],"product_cat":[2030],"product_tag":[],"class_list":{"0":"post-1367","1":"product","2":"type-product","3":"status-publish","5":"product_cat-tilbehoer","6":"pa_posestoerrelse-a1s11fodertoendea6s4names11fodertoendes5values12lille","7":"pa_posestoerrelse-stors8positioni0s10is_visiblei1s12is_variationi1s11is_taxonomyi0","9":"first","10":"onbackorder","11":"taxable","12":"shipping-taxable","13":"product-type-simple"},"supplier_id":null,"supplier_sku":"","barcode":null,"atum_controlled":true,"out_stock_date":"2025-10-15 12:00:10","out_stock_threshold":null,"inheritable":false,"inbound_stock":null,"stock_on_hold":0,"sold_today":0,"sales_last_days":0,"reserved_stock":null,"customer_returns":null,"warehouse_damage":null,"lost_in_post":null,"other_logs":null,"out_stock_days":102,"lost_sales":0,"has_location":null,"update_date":"2026-01-26T00:06:56","atum_locations":[],"atum_stock_status":"onbackorder","restock_status":false,"low_stock_amount":"","sales_update_date":"2026-01-26T00:06:56","calc_backorders":0,"_links":{"self":[{"href":"https:\/\/3d-printere.dk\/index.php\/wp-json\/wp\/v2\/product\/1367","targetHints":{"allow":["GET"]}}],"collection":[{"href":"https:\/\/3d-printere.dk\/index.php\/wp-json\/wp\/v2\/product"}],"about":[{"href":"https:\/\/3d-printere.dk\/index.php\/wp-json\/wp\/v2\/types\/product"}],"replies":[{"embeddable":true,"href":"https:\/\/3d-printere.dk\/index.php\/wp-json\/wp\/v2\/comments?post=1367"}],"wp:attachment":[{"href":"https:\/\/3d-printere.dk\/index.php\/wp-json\/wp\/v2\/media?parent=1367"}],"wp:term":[{"taxonomy":"product_brand","embeddable":true,"href":"https:\/\/3d-printere.dk\/index.php\/wp-json\/wp\/v2\/product_brand?post=1367"},{"taxonomy":"product_cat","embeddable":true,"href":"https:\/\/3d-printere.dk\/index.php\/wp-json\/wp\/v2\/product_cat?post=1367"},{"taxonomy":"product_tag","embeddable":true,"href":"https:\/\/3d-printere.dk\/index.php\/wp-json\/wp\/v2\/product_tag?post=1367"}],"curies":[{"name":"wp","href":"https:\/\/api.w.org\/{rel}","templated":true}]}}