{"id":1365,"date":"2025-10-15T12:00:03","date_gmt":"2025-10-15T10:00:03","guid":{"rendered":"https:\/\/3d-printere.dk\/index.php\/vare\/maalebaegre-2\/"},"modified":"2025-10-15T12:00:10","modified_gmt":"2025-10-15T10:00:10","slug":"maalebaegre-2","status":"publish","type":"product","link":"https:\/\/3d-printere.dk\/index.php\/vare\/maalebaegre-2\/","title":{"rendered":"M\u00e5leb\u00e6gre"},"content":{"rendered":"<p><strong>Stort m\u00e5leb\u00e6ger<\/strong><br \/>\nVelegnet til opm\u00e5ling af Happy Dog t\u00f8rfoder. H\u00f8jde: 120 mm, skalaen g\u00e5r op til 200 g.<\/p>\n<p><strong>Lille m\u00e5leb\u00e6ger<\/strong><br \/>\nVelegnet til b\u00e5de Happy Cat og Happy Dog mini t\u00f8rfoder. H\u00f8jde: 70 mm. Skalaen g\u00e5r op til 120 g (Happy Cat) og 100 g (Happy Dog Mini).<\/p>\n","protected":false},"excerpt":{"rendered":"<p>&nbsp;<\/p>\n<p><!--more--><\/p>\n<p><strong>Happy Dog | Happy Cat M\u00e5leb\u00e6ger<\/strong><br \/>\nIdeelt til opm\u00e5ling af t\u00f8rfoder. F\u00e5s i to forskellige varianter:<\/p>\n<ul>\n<li><strong>Diameter:<\/strong> 95 mm<\/li>\n<li><strong>Tofarvet tryk<\/strong><\/li>\n<li><strong>Materiale:<\/strong> PP transparent<\/li>\n<\/ul>\n","protected":false},"featured_media":0,"comment_status":"closed","ping_status":"closed","template":"","meta":[],"product_brand":[],"product_cat":[2030],"product_tag":[],"class_list":{"0":"post-1365","1":"product","2":"type-product","3":"status-publish","5":"product_cat-tilbehoer","7":"first","8":"onbackorder","9":"taxable","10":"shipping-taxable","11":"purchasable","12":"product-type-simple"},"supplier_id":null,"supplier_sku":"","barcode":null,"atum_controlled":true,"out_stock_date":"2025-10-15 12:00:09","out_stock_threshold":null,"inheritable":false,"inbound_stock":null,"stock_on_hold":0,"sold_today":0,"sales_last_days":0,"reserved_stock":null,"customer_returns":null,"warehouse_damage":null,"lost_in_post":null,"other_logs":null,"out_stock_days":102,"lost_sales":0,"has_location":null,"update_date":"2026-01-26T00:06:56","atum_locations":[],"atum_stock_status":"onbackorder","restock_status":false,"low_stock_amount":"","sales_update_date":"2026-01-26T00:06:56","calc_backorders":0,"_links":{"self":[{"href":"https:\/\/3d-printere.dk\/index.php\/wp-json\/wp\/v2\/product\/1365","targetHints":{"allow":["GET"]}}],"collection":[{"href":"https:\/\/3d-printere.dk\/index.php\/wp-json\/wp\/v2\/product"}],"about":[{"href":"https:\/\/3d-printere.dk\/index.php\/wp-json\/wp\/v2\/types\/product"}],"replies":[{"embeddable":true,"href":"https:\/\/3d-printere.dk\/index.php\/wp-json\/wp\/v2\/comments?post=1365"}],"wp:attachment":[{"href":"https:\/\/3d-printere.dk\/index.php\/wp-json\/wp\/v2\/media?parent=1365"}],"wp:term":[{"taxonomy":"product_brand","embeddable":true,"href":"https:\/\/3d-printere.dk\/index.php\/wp-json\/wp\/v2\/product_brand?post=1365"},{"taxonomy":"product_cat","embeddable":true,"href":"https:\/\/3d-printere.dk\/index.php\/wp-json\/wp\/v2\/product_cat?post=1365"},{"taxonomy":"product_tag","embeddable":true,"href":"https:\/\/3d-printere.dk\/index.php\/wp-json\/wp\/v2\/product_tag?post=1365"}],"curies":[{"name":"wp","href":"https:\/\/api.w.org\/{rel}","templated":true}]}}