{"id":1359,"date":"2025-10-15T12:00:03","date_gmt":"2025-10-15T10:00:03","guid":{"rendered":"https:\/\/3d-printere.dk\/index.php\/vare\/foderskaal-hvalpe-2\/"},"modified":"2025-10-15T12:00:09","modified_gmt":"2025-10-15T10:00:09","slug":"foderskaal-hvalpe-2","status":"publish","type":"product","link":"https:\/\/3d-printere.dk\/index.php\/vare\/foderskaal-hvalpe-2\/","title":{"rendered":"Fodersk\u00e5l hvalpe"},"content":{"rendered":"<p>F\u00e5s i to st\u00f8rrelser:<\/p>\n<ul>\n<li style=\"list-style-type: none;\">\n<ul>\n<li><strong>Lille:<\/strong> 29 cm i diameter og 1,4 liter kapacitet<\/li>\n<li><strong>Stor:<\/strong> 38 cm i diameter og 4 liter kapacitet<\/li>\n<\/ul>\n<\/li>\n<li>Happy Dog-logo indgraveret p\u00e5 forh\u00f8jningen i midten<\/li>\n<\/ul>\n","protected":false},"excerpt":{"rendered":"<p>&nbsp;<\/p>\n<p><!--more--><\/p>\n<p>Happy Dog Rustfri St\u00e5l Hvalpesk\u00e5l<\/p>\n<ul>\n<li><strong>Materiale:<\/strong> Rustfrit st\u00e5l<\/li>\n<li><strong>T\u00e5ler opvaskemaskine<\/strong><\/li>\n<li>Forh\u00f8jning forhindrer, at hvalpe l\u00f8ber igennem eller s\u00e6tter sig i sk\u00e5len<\/li>\n<li>Stor diameter giver rigelig plads til flere hvalpe<\/li>\n<li>Lav kant g\u00f8r det nemt og behageligt for hvalpene at spise<\/li>\n<\/ul>\n","protected":false},"featured_media":0,"comment_status":"closed","ping_status":"closed","template":"","meta":[],"product_brand":[],"product_cat":[2030],"product_tag":[],"class_list":{"0":"post-1359","1":"product","2":"type-product","3":"status-publish","5":"product_cat-tilbehoer","7":"first","8":"onbackorder","9":"taxable","10":"shipping-taxable","11":"purchasable","12":"product-type-simple"},"supplier_id":null,"supplier_sku":"","barcode":null,"atum_controlled":true,"out_stock_date":"2025-10-15 12:00:09","out_stock_threshold":null,"inheritable":false,"inbound_stock":null,"stock_on_hold":0,"sold_today":0,"sales_last_days":0,"reserved_stock":null,"customer_returns":null,"warehouse_damage":null,"lost_in_post":null,"other_logs":null,"out_stock_days":102,"lost_sales":0,"has_location":null,"update_date":"2026-01-26T00:06:56","atum_locations":[],"atum_stock_status":"onbackorder","restock_status":false,"low_stock_amount":"","sales_update_date":"2026-01-26T00:06:56","calc_backorders":0,"_links":{"self":[{"href":"https:\/\/3d-printere.dk\/index.php\/wp-json\/wp\/v2\/product\/1359","targetHints":{"allow":["GET"]}}],"collection":[{"href":"https:\/\/3d-printere.dk\/index.php\/wp-json\/wp\/v2\/product"}],"about":[{"href":"https:\/\/3d-printere.dk\/index.php\/wp-json\/wp\/v2\/types\/product"}],"replies":[{"embeddable":true,"href":"https:\/\/3d-printere.dk\/index.php\/wp-json\/wp\/v2\/comments?post=1359"}],"wp:attachment":[{"href":"https:\/\/3d-printere.dk\/index.php\/wp-json\/wp\/v2\/media?parent=1359"}],"wp:term":[{"taxonomy":"product_brand","embeddable":true,"href":"https:\/\/3d-printere.dk\/index.php\/wp-json\/wp\/v2\/product_brand?post=1359"},{"taxonomy":"product_cat","embeddable":true,"href":"https:\/\/3d-printere.dk\/index.php\/wp-json\/wp\/v2\/product_cat?post=1359"},{"taxonomy":"product_tag","embeddable":true,"href":"https:\/\/3d-printere.dk\/index.php\/wp-json\/wp\/v2\/product_tag?post=1359"}],"curies":[{"name":"wp","href":"https:\/\/api.w.org\/{rel}","templated":true}]}}