{"id":1333,"date":"2025-10-15T11:59:42","date_gmt":"2025-10-15T09:59:42","guid":{"rendered":"https:\/\/3d-printere.dk\/index.php\/vare\/sensible-neuseeland-5\/"},"modified":"2025-10-15T11:59:58","modified_gmt":"2025-10-15T09:59:58","slug":"sensible-neuseeland-5","status":"publish","type":"product","link":"https:\/\/3d-printere.dk\/index.php\/vare\/sensible-neuseeland-5\/","title":{"rendered":"Sensible Neuseeland"},"content":{"rendered":"<p>Komplet foder, velegnet til sensible voksne hunde, fra 11 kg. voksenv\u00e6gt med velsmagende lam, veltilberedte ris og v\u00e6rdifulde newzealandske muslinger.<\/p>\n<p>Fremstillet i Tyskland under den strengeste kvalitetskontrol.<\/p>\n<p>&nbsp;<\/p>\n<p><strong>Ingredienser:<\/strong><br \/>\nLammeprotein* (20%), ris, majsmel, majs, risprotein*, animalsk fedt (herunder fjerkr\u00e6), roetr\u00e6vler* (afsukret), leverhydrolysat, solsikkeolie, \u00e6blekvas*, kaliumchlorid, rapsolie, g\u00e6r*, natriumchlorid, tang*, h\u00f8rfr\u00f8, muslingek\u00f8d* (0,05%), marietidsel, g\u00e6r* (ekstraheret), artiskok, m\u00e6lkeb\u00f8tte, ingef\u00e6r, birkeblade, br\u00e6nden\u00e6lde, kamille, koriander, rosmarin, salvie, lakridsrod, timian (t\u00f8rrede urter i alt 0,17%); *t\u00f8rret<\/p>\n<p><strong>Analytiske bestanddele:<\/strong><br \/>\nR\u00e5protein 21%, r\u00e5fedt 12%, r\u00e5fibre 3%, r\u00e5aske 8%, calcium 1,6%, fosfor 1,05%, natrium 0,35%, kalium 0,6%, magnesium 0,09%, omega-6-fedtsyrer 3,5%, omega-% 3 fedtsyrer 0,4%<\/p>\n<p>&nbsp;<\/p>\n<p><strong>Tils\u00e6tningsstoffer:<\/strong><\/p>\n<p><strong>Vitaminer \/ kg:<\/strong><br \/>\nVitamin A (3a672a) 15000 IE, vitamin D3 (3a671) 1000 IE, vitamin E (alle rac-alfa-tocopherylacetat 3a700) 130 mg, vitamin B1 (thiaminmononitrat 3a821) 5 mg, vitamin B2 (riboflavin 3a825ii) 5 mg, vitamin B6 (pyridoxinhydrochlorid 3a831) 4 mg, biotin (3a880) 530 mcg, calcium D-pantothenat (3a841) 10 mg, niacin (3a314) 55 mg, vitamin B12 80 mcg, cholinchlorid (3a890) 60 mg, Taurin (3a370) 500 mg.<\/p>\n<p><strong>Sporstoffer\/kg:<\/strong><br \/>\nJern (jern (II) sulfat, monohydrat 3b103) 54 mg, kobber (kobber(II)sulfatpentahydrat 3b405) 11 mg, zink (zinkoxid 3b603 80 mg, aminosyre zinkchelat, hydrat 3b606 30 mg) 110 mg, mangan (mangan(II)oxid 3b502) 28 mg, jod (calciumiodat, vandfrit 3b202) 2 mg, selen (natriumselenit 3b801) 0,1 mg.<\/p>\n<p>Antioxidantekstrakter af tocopherol fra vegetabilske olier 1b306(i)<\/p>\n<p>&nbsp;<\/p>\n<p><strong>Anbefalet daglig foderm\u00e6ngde (g\/dag):<\/strong><\/p>\n<p><img loading=\"lazy\" decoding=\"async\" class=\"alignnone wp-image-4673\" src=\"https:\/\/3d-printere.dk\/wp-content\/uploads\/2025\/10\/Sensible-Neuseeland-foderplan-052022-1-600x440.jpg\" alt=\"\" width=\"497\" height=\"364\" \/><\/p>\n<p><strong>Fodring:<br \/>\n<\/strong>Giv foderet t\u00f8r eller tilf\u00f8j frisk, varmt vand (ved omkring 50-60\u00b0 C) og lad det tr\u00e6kke i et par minutter. S\u00f8rg for, at der er frisk drikkevand til r\u00e5dighed p\u00e5 alle tidspunkter. Reducer m\u00e6ngden af foder, hvis du ogs\u00e5 giver din hund snacks\/godbidder. I betragtning af forskellen mellem de enkelte hunde, kan den angivne daglige m\u00e6ngde reduceres med op til 15\u00a0%, hvis hunden har tendens til at v\u00e6re overv\u00e6gtig.<\/p>\n","protected":false},"excerpt":{"rendered":"<p>&nbsp;<\/p>\n<p><!--more--><\/p>\n<p>Findes i 300 gr, 4 kg, 11 kg og 12,5 kg<\/p>\n<ul>\n<li>Fra 11 kg. voksenv\u00e6gt \u2013 normalt energibehov<\/li>\n<li>Letford\u00f8jelig<\/li>\n<li>Lam (fritg\u00e5ende) som eksklusiv proteinkilde<\/li>\n<li>Indeholder omega-6 og omega-3<\/li>\n<li>Hvedefri<\/li>\n<li>21\/12 Protein\/fedt<\/li>\n<li>Anbefalet af dyrel\u00e6ger og opdr\u00e6ttere<\/li>\n<\/ul>\n","protected":false},"featured_media":0,"comment_status":"closed","ping_status":"closed","template":"","meta":[],"product_brand":[],"product_cat":[1176,1177,1178,1232,1233,1609,1607,1608],"product_tag":[],"class_list":{"0":"post-1333","1":"product","2":"type-product","3":"status-publish","5":"product_cat-fordoejelse-hund","6":"product_cat-hundefoder-fordoejelse-hund","7":"product_cat-hvedefri-hund-hundefoder-fordoejelse-hund","8":"product_cat-maxi-hund-hvedefri-hund-hundefoder-fordoejelse-hund","9":"product_cat-medium-hund-maxi-hund-hvedefri-hund-hundefoder-fordoejelse-hund","10":"product_cat-sensible-hund-voksen-hund-toerfoder-hund-medium-hund-maxi-hund-hvedefri-hund-hundefoder-fordoejelse-hund","11":"product_cat-toerfoder-hund-medium-hund-maxi-hund-hvedefri-hund-hundefoder-fordoejelse-hund","12":"product_cat-voksen-hund-toerfoder-hund-medium-hund-maxi-hund-hvedefri-hund-hundefoder-fordoejelse-hund","14":"first","15":"onbackorder","16":"taxable","17":"shipping-taxable","18":"purchasable","19":"product-type-simple"},"supplier_id":null,"supplier_sku":"","barcode":null,"atum_controlled":true,"out_stock_date":"2025-10-15 11:59:58","out_stock_threshold":null,"inheritable":false,"inbound_stock":null,"stock_on_hold":0,"sold_today":0,"sales_last_days":0,"reserved_stock":null,"customer_returns":null,"warehouse_damage":null,"lost_in_post":null,"other_logs":null,"out_stock_days":102,"lost_sales":0,"has_location":null,"update_date":"2026-01-26T00:06:53","atum_locations":[],"atum_stock_status":"onbackorder","restock_status":false,"low_stock_amount":"","sales_update_date":"2026-01-26T00:06:53","calc_backorders":0,"_links":{"self":[{"href":"https:\/\/3d-printere.dk\/index.php\/wp-json\/wp\/v2\/product\/1333","targetHints":{"allow":["GET"]}}],"collection":[{"href":"https:\/\/3d-printere.dk\/index.php\/wp-json\/wp\/v2\/product"}],"about":[{"href":"https:\/\/3d-printere.dk\/index.php\/wp-json\/wp\/v2\/types\/product"}],"replies":[{"embeddable":true,"href":"https:\/\/3d-printere.dk\/index.php\/wp-json\/wp\/v2\/comments?post=1333"}],"wp:attachment":[{"href":"https:\/\/3d-printere.dk\/index.php\/wp-json\/wp\/v2\/media?parent=1333"}],"wp:term":[{"taxonomy":"product_brand","embeddable":true,"href":"https:\/\/3d-printere.dk\/index.php\/wp-json\/wp\/v2\/product_brand?post=1333"},{"taxonomy":"product_cat","embeddable":true,"href":"https:\/\/3d-printere.dk\/index.php\/wp-json\/wp\/v2\/product_cat?post=1333"},{"taxonomy":"product_tag","embeddable":true,"href":"https:\/\/3d-printere.dk\/index.php\/wp-json\/wp\/v2\/product_tag?post=1333"}],"curies":[{"name":"wp","href":"https:\/\/api.w.org\/{rel}","templated":true}]}}