{"id":1287,"date":"2025-10-15T11:59:42","date_gmt":"2025-10-15T09:59:42","guid":{"rendered":"https:\/\/3d-printere.dk\/index.php\/vare\/vaadfoder-i-sovs-voralpen-rind-oksekoed-2\/"},"modified":"2025-10-15T11:59:46","modified_gmt":"2025-10-15T09:59:46","slug":"vaadfoder-i-sovs-voralpen-rind-oksekoed-2","status":"publish","type":"product","link":"https:\/\/3d-printere.dk\/index.php\/vare\/vaadfoder-i-sovs-voralpen-rind-oksekoed-2\/","title":{"rendered":"V\u00e5dfoder i sovs Voralpen-Rind (oksek\u00f8d)"},"content":{"rendered":"<p>Det velsmagende og kornfri v\u00e5dfoder med oksek\u00f8d og en l\u00e6kker sovs, er ideel til kr\u00e6sne katte. Bidrager til et optimal v\u00e6ske indtag. \u201cHappy Cat k\u00f8d i sovs\u201d med oksek\u00f8d er ogs\u00e5 ideel til neutraliserede katte.<\/p>\n<p>Happy Cat\u00b4s &#8220;<a href=\"https:\/\/haps.centrumdyrehandel.dk\/happy-dog-natural-life-concept\/\" target=\"_blank\" rel=\"noopener\">Natural Life Concept<\/a>&#8221; og \u201c<a href=\"https:\/\/haps.centrumdyrehandel.dk\/all-in-one-konceptet\/\" target=\"_blank\" rel=\"noopener\">All in one<\/a>\u201d , findes i alle Happy Cat V\u00e5dfoder produkter.<\/p>\n<p>Fremstillet i Tyskland under den strengeste kvalitetskontrol.<\/p>\n<p>&nbsp;<\/p>\n<p><strong>Ingredienser:<\/strong><strong><br \/>\n<\/strong>K\u00f8d og animalske biprodukter (blandt andet 20 % fjerkr\u00e6), k\u00f8d og animalske biprodukter fra oksek\u00f8d (10 %), vegetabilske biprodukter (blandt andet 0,3 % \u00e6blefibre), mineraler, fr\u00f8 (blandt andet 0,03 % h\u00f8rfr\u00f8), inulin (0,1 %).<\/p>\n<p><strong>Analytiske bestanddele:<\/strong><strong><br \/>\n<\/strong>R\u00e5protein 8,0 %, r\u00e5fedt 4,5 %, r\u00e5aske 0,3 %, r\u00e5fibre 2,0 %, vandindhold 82,0 %.<\/p>\n<p>&nbsp;<\/p>\n<p><strong>Tils\u00e6tningsstoffer:<\/strong><\/p>\n<p><strong>Vitaminer\/kg:<\/strong><strong><br \/>\n<\/strong>Vitamin D3 (3a671) 250 I.E., Vitamin E (3a700i) 15 mg, Biotin (3a880) 20 mcg, Taurin (3a370) 445 mg.<\/p>\n<p><strong>Sporstoffer\/kg:<\/strong><strong><br \/>\n<\/strong>Mangan (3b503) 1 mg, Zink (3b605) 15 mg, Kobber (3b405) 1 mg.<\/p>\n<p>&nbsp;<\/p>\n<p><strong>Anbefalet daglig foderm\u00e6ngde (g\/dag):<\/strong><\/p>\n<p><img loading=\"lazy\" decoding=\"async\" class=\"alignnone wp-image-6672\" src=\"https:\/\/3d-printere.dk\/wp-content\/uploads\/2025\/10\/Voralpen-Rind-Vaadfoder-230424-1-600x309.jpg\" alt=\"\" width=\"501\" height=\"258\" \/><\/p>\n<p>Anbefalet daglig foderm\u00e6ngde ved eksklusiv fodring. 1 pose svarer til cirka 20 g t\u00f8rfoder. Det individuelle behov afh\u00e6nger af alder, race og aktivitetsniveau. S\u00f8rg altid for friskt vand i en sk\u00e5l, der st\u00e5r v\u00e6k fra madsk\u00e5len. Serv\u00e9r ved stuetemperatur.<\/p>\n","protected":false},"excerpt":{"rendered":"<p>&nbsp;<\/p>\n<p><!--more--><\/p>\n<p>Findes i 85 gr<\/p>\n<ul>\n<li>Komplet foder til voksne katte<\/li>\n<li>Oksek\u00f8d<\/li>\n<li>Kornfri<\/li>\n<li>Ideel til kr\u00e6sne katte<\/li>\n<li>Ideel til neutraliserede katte<\/li>\n<li>8\/4,5 protein\/fedt<\/li>\n<li>Anbefalet af dyrl\u00e6ger og opdr\u00e6ttere<\/li>\n<li>Praktisk pose til let afrivning<\/li>\n<\/ul>\n","protected":false},"featured_media":0,"comment_status":"closed","ping_status":"closed","template":"","meta":[],"product_brand":[],"product_cat":[1410,1411,1412,1413,1414,1415,1416,1417],"product_tag":[],"class_list":{"0":"post-1287","1":"product","2":"type-product","3":"status-publish","5":"product_cat-happy-cat-vaadfoder","6":"product_cat-kattefoder-happy-cat-vaadfoder","7":"product_cat-kornfri-kat-kattefoder-happy-cat-vaadfoder","8":"product_cat-maxi-kat-kornfri-kat-kattefoder-happy-cat-vaadfoder","9":"product_cat-medium-kat-maxi-kat-kornfri-kat-kattefoder-happy-cat-vaadfoder","10":"product_cat-neutraliseret-kat-medium-kat-maxi-kat-kornfri-kat-kattefoder-happy-cat-vaadfoder","11":"product_cat-sensible-neutraliseret-kat-medium-kat-maxi-kat-kornfri-kat-kattefoder-happy-cat-vaadfoder","12":"product_cat-voksen-kat-sensible-neutraliseret-kat-medium-kat-maxi-kat-kornfri-kat-kattefoder-happy-cat-vaadfoder","14":"first","15":"onbackorder","16":"taxable","17":"shipping-taxable","18":"purchasable","19":"product-type-simple"},"supplier_id":null,"supplier_sku":"","barcode":null,"atum_controlled":true,"out_stock_date":"2025-10-15 11:59:45","out_stock_threshold":null,"inheritable":false,"inbound_stock":null,"stock_on_hold":0,"sold_today":0,"sales_last_days":0,"reserved_stock":null,"customer_returns":null,"warehouse_damage":null,"lost_in_post":null,"other_logs":null,"out_stock_days":102,"lost_sales":0,"has_location":null,"update_date":"2026-01-26T00:06:53","atum_locations":[],"atum_stock_status":"onbackorder","restock_status":false,"low_stock_amount":"","sales_update_date":"2026-01-26T00:06:53","calc_backorders":0,"_links":{"self":[{"href":"https:\/\/3d-printere.dk\/index.php\/wp-json\/wp\/v2\/product\/1287","targetHints":{"allow":["GET"]}}],"collection":[{"href":"https:\/\/3d-printere.dk\/index.php\/wp-json\/wp\/v2\/product"}],"about":[{"href":"https:\/\/3d-printere.dk\/index.php\/wp-json\/wp\/v2\/types\/product"}],"replies":[{"embeddable":true,"href":"https:\/\/3d-printere.dk\/index.php\/wp-json\/wp\/v2\/comments?post=1287"}],"wp:attachment":[{"href":"https:\/\/3d-printere.dk\/index.php\/wp-json\/wp\/v2\/media?parent=1287"}],"wp:term":[{"taxonomy":"product_brand","embeddable":true,"href":"https:\/\/3d-printere.dk\/index.php\/wp-json\/wp\/v2\/product_brand?post=1287"},{"taxonomy":"product_cat","embeddable":true,"href":"https:\/\/3d-printere.dk\/index.php\/wp-json\/wp\/v2\/product_cat?post=1287"},{"taxonomy":"product_tag","embeddable":true,"href":"https:\/\/3d-printere.dk\/index.php\/wp-json\/wp\/v2\/product_tag?post=1287"}],"curies":[{"name":"wp","href":"https:\/\/api.w.org\/{rel}","templated":true}]}}