{"id":1274,"date":"2025-10-15T11:59:22","date_gmt":"2025-10-15T09:59:22","guid":{"rendered":"https:\/\/3d-printere.dk\/index.php\/vare\/care-magen-darm-mave-og-tarm-2\/"},"modified":"2025-10-15T11:59:37","modified_gmt":"2025-10-15T09:59:37","slug":"care-magen-darm-mave-og-tarm-2","status":"publish","type":"product","link":"https:\/\/3d-printere.dk\/index.php\/vare\/care-magen-darm-mave-og-tarm-2\/","title":{"rendered":"Care Magen &#038; Darm (mave og tarm)"},"content":{"rendered":"<p>Komplet foder, glutenfri med let ford\u00f8jelig and og ris samt mild kamille og lakridsrod, bidrager til ford\u00f8jelsessystemet. Et reduceret fiberindhold bidrager til balance i ford\u00f8jelsessystemet og g\u00f8r derfor foderet s\u00e6rligt let ford\u00f8jelig. Happy Cat Care Magen &amp; Darm (mave og tarm) er specielt udviklet til sensible katte med ubalance i mave og tarm.<\/p>\n<p>Happy Cat\u00b4s &#8220;<a href=\"https:\/\/haps.centrumdyrehandel.dk\/happy-dog-natural-life-concept\/\" target=\"_blank\" rel=\"noopener\">Natural Life Concept<\/a>&#8221; og \u201c<a href=\"https:\/\/haps.centrumdyrehandel.dk\/all-in-one-konceptet\/\" target=\"_blank\" rel=\"noopener\">All in one<\/a>\u201d , findes i alle Happy Cat Care produkter.<\/p>\n<p>Fremstillet i Tyskland under den strengeste kvalitetskontrol.<\/p>\n<p>&nbsp;<\/p>\n<p><strong>Ingredienser:<\/strong><br \/>\nRis (33%), andeprotein* (24%), fedtegrever, olier og fedtstoffer, risprotein*, kartoffel*, hydrolyseret protein*, lignocellulose, roetr\u00e6vler* (afsukret), kaliumchlorid, \u00e6blekvas (0,4)%), g\u00e6r*, natriumchlorid, havalger*, cikoriepulver (0,16% = 0,1% inulin), h\u00f8rfr\u00f8 (0,16%), yucca schidigera* (0,13%), marietidsel, g\u00e6r* (ekstraheret, 0,02% = 0 ,0032% MOS), artiskok, m\u00e6lkeb\u00f8tte, ingef\u00e6r, birk, br\u00e6nden\u00e6lde, kamille (0,016%), koriander, rosmarin, salvie, lakridsrod (0,008%), timian (t\u00f8rrede urter i alt: 0,16%); *t\u00f8rret.<\/p>\n<p><strong>Analytiske bestanddele:<\/strong><br \/>\nR\u00e5protein 34,0%, r\u00e5fedt 14,0%, r\u00e5fiber 2,5%, r\u00e5aske 8,0%, calcium 1,3%, fosfor 0,95%, natrium 0,6%, kalium 0,65%, magnesium 0,07%, omega-6 fedtsyrer 3,0%, omega-3 fedtsyrer 0,3%.<\/p>\n<p>&nbsp;<\/p>\n<p><strong>Tils\u00e6tningsstoffer<\/strong><\/p>\n<p><strong>Vitaminer \/ kg:<\/strong><br \/>\nVitamin A (3a672a) 17000 I.E., Vitamin D3 (3a671) 900 I.E., Vitamin E (3a700i) 125 mg, Vitamin B1 (3a821) 4 mg, Vitamin B2 (3a825ii) 4 mg, Vitamin B6 (3a831) 4 mg, Biotin (3a880) 485 mcg, Calcium-D-pantotenat (3a841) 10 mg, Niacin (3a314) 50 mg, Vitamin B12 (3a835) 70 mcg, Vitamin C (3a312) 30 mg, Cholinchlorid (3a890) 55 mg, Taurin (3a370) 1000 mg.<\/p>\n<p><strong>Sporstoffer \/ kg:<\/strong><br \/>\nJern (3b103) 50 mg, kobber (3b405) 10 mg, zink (3b603, 3b606) 100 mg, mangan (3b502) 25 mg, jod (3b202) 2 mg, selen (3b801) 0,1 mg.<\/p>\n<p><strong>Aminosyrer \/ kg:<\/strong><br \/>\nDL-Methionin (3c301) 4000 mg. Antioxidanter, tocopherolekstrakter fra vegetabilske olier 1b306(i).<\/p>\n<p>&nbsp;<\/p>\n<p><strong>Anbefalet daglig foderm\u00e6ngde (g\/dag):<\/strong><\/p>\n<p><img loading=\"lazy\" decoding=\"async\" class=\"alignnone wp-image-6629\" src=\"https:\/\/3d-printere.dk\/wp-content\/uploads\/2025\/10\/Happy-Cat-Care-mave-og-tarm-220424-1-600x395.jpg\" alt=\"\" width=\"500\" height=\"329\" \/><\/p>\n<p>S\u00f8rg for, at der er frisk drikkevand til r\u00e5dighed p\u00e5 alle tidspunkter, i en god afstand fra fodersk\u00e5len. I betragtning af forskellen mellem de enkelte katte, kan den angivne daglige m\u00e6ngde reduceres med op til 15 %. Opdel den daglige m\u00e6ngde af foder, i flere m\u00e5ltider.<\/p>\n","protected":false},"excerpt":{"rendered":"<p><!--more--><\/p>\n<p>Findes i 1,3 kg og 4 kg<\/p>\n<ul>\n<li>Komplet foder<\/li>\n<li>Glutenfri<\/li>\n<li>Bidrager til mave og tarm<\/li>\n<li>Balance i ford\u00f8jelsessystemet<\/li>\n<li>Letford\u00f8jelig<\/li>\n<li>Til sensible katte<\/li>\n<li>3 slags krokettemix<\/li>\n<li>34\/14 protein\/fedt<\/li>\n<li>Anbefalet af dyrl\u00e6ger og opdr\u00e6ttere<\/li>\n<\/ul>\n","protected":false},"featured_media":0,"comment_status":"closed","ping_status":"closed","template":"","meta":[],"product_brand":[],"product_cat":[1316,1317,1967,1961,1962,1963,1964,1965,1966],"product_tag":[],"class_list":{"0":"post-1274","1":"product","2":"type-product","3":"status-publish","5":"product_cat-foderintolerance-kat","6":"product_cat-glutenfri-kat-foderintolerance-kat","7":"product_cat-happy-cat-care-voksen-kat-toerfoder-kat-sensible-medium-kat-maxi-kat-kattefoder-glutenfri-kat-foderintolerance-kat","8":"product_cat-kattefoder-glutenfri-kat-foderintolerance-kat","9":"product_cat-maxi-kat-kattefoder-glutenfri-kat-foderintolerance-kat","10":"product_cat-medium-kat-maxi-kat-kattefoder-glutenfri-kat-foderintolerance-kat","11":"product_cat-sensible-medium-kat-maxi-kat-kattefoder-glutenfri-kat-foderintolerance-kat","12":"product_cat-toerfoder-kat-sensible-medium-kat-maxi-kat-kattefoder-glutenfri-kat-foderintolerance-kat","13":"product_cat-voksen-kat-toerfoder-kat-sensible-medium-kat-maxi-kat-kattefoder-glutenfri-kat-foderintolerance-kat","15":"first","16":"onbackorder","17":"taxable","18":"shipping-taxable","19":"purchasable","20":"product-type-simple"},"supplier_id":null,"supplier_sku":"","barcode":null,"atum_controlled":true,"out_stock_date":"2025-10-15 11:59:36","out_stock_threshold":null,"inheritable":false,"inbound_stock":null,"stock_on_hold":0,"sold_today":0,"sales_last_days":0,"reserved_stock":null,"customer_returns":null,"warehouse_damage":null,"lost_in_post":null,"other_logs":null,"out_stock_days":102,"lost_sales":0,"has_location":null,"update_date":"2026-01-26T00:06:53","atum_locations":[],"atum_stock_status":"onbackorder","restock_status":false,"low_stock_amount":"","sales_update_date":"2026-01-26T00:06:53","calc_backorders":0,"_links":{"self":[{"href":"https:\/\/3d-printere.dk\/index.php\/wp-json\/wp\/v2\/product\/1274","targetHints":{"allow":["GET"]}}],"collection":[{"href":"https:\/\/3d-printere.dk\/index.php\/wp-json\/wp\/v2\/product"}],"about":[{"href":"https:\/\/3d-printere.dk\/index.php\/wp-json\/wp\/v2\/types\/product"}],"replies":[{"embeddable":true,"href":"https:\/\/3d-printere.dk\/index.php\/wp-json\/wp\/v2\/comments?post=1274"}],"wp:attachment":[{"href":"https:\/\/3d-printere.dk\/index.php\/wp-json\/wp\/v2\/media?parent=1274"}],"wp:term":[{"taxonomy":"product_brand","embeddable":true,"href":"https:\/\/3d-printere.dk\/index.php\/wp-json\/wp\/v2\/product_brand?post=1274"},{"taxonomy":"product_cat","embeddable":true,"href":"https:\/\/3d-printere.dk\/index.php\/wp-json\/wp\/v2\/product_cat?post=1274"},{"taxonomy":"product_tag","embeddable":true,"href":"https:\/\/3d-printere.dk\/index.php\/wp-json\/wp\/v2\/product_tag?post=1274"}],"curies":[{"name":"wp","href":"https:\/\/api.w.org\/{rel}","templated":true}]}}