{"id":1203,"date":"2025-10-15T11:59:03","date_gmt":"2025-10-15T09:59:03","guid":{"rendered":"https:\/\/3d-printere.dk\/index.php\/vare\/vet-kat-struvit-toerfoder-struvitsten-urinvejssten\/"},"modified":"2025-10-15T11:59:13","modified_gmt":"2025-10-15T09:59:13","slug":"vet-kat-struvit-toerfoder-struvitsten-urinvejssten","status":"publish","type":"product","link":"https:\/\/3d-printere.dk\/index.php\/vare\/vet-kat-struvit-toerfoder-struvitsten-urinvejssten\/","title":{"rendered":"VET KAT Struvit t\u00f8rfoder &#8211; Struvitsten, urinvejssten"},"content":{"rendered":"<p>Di\u00e6tetisk fuldfoder til voksne katte til at opl\u00f8se struvitsten og forebyggelse af struvitsten<\/p>\n<p><strong>Indikation<\/strong><\/p>\n<ul>\n<li>Opl\u00f8sning af struvit-urinvejssten<\/li>\n<li>Forebyggelse af struvit-urinvejssten<\/li>\n<\/ul>\n<p><strong>M\u00e5l<\/strong><br \/>\nOpl\u00f8sning og forebyggelse af struvitsten<br \/>\nUrin-pH-m\u00e5l for opl\u00f8sning af struvitsten og reducering af tilbagefald: 6,0 &#8211; 6,5<br \/>\nUrin-pH-m\u00e5l for forebyggelse: 6,6 &#8211; 6,8<\/p>\n<p><strong>Plantebaserede ingredienser<\/strong><br \/>\nDe medf\u00f8lgende ingredienser, m\u00e6lkeb\u00f8tte og br\u00e6nden\u00e6lde, anvendes traditionelt som et supplement til den konventionelle behandling af urinvejene.<\/p>\n<p>&nbsp;<\/p>\n<p><strong>Ingredienser<\/strong><br \/>\nGreve, ris, rismel, fjerkr\u00e6fedt, kartoffelflager, kartoffelprotein*, fjerkr\u00e6protein**, guler\u00f8dder*, solsikkeolie, fiskehydrolysat*, cellulose, calciumcarbonat, h\u00f8rfr\u00f8, kaliumchlorid, rapsolie, majs, g\u00e6r*, natriumchlorid, tang*, g\u00e6r* (ekstraheret), cikoriepulver, yucca schidigera, muslingek\u00f8d*, marietidsel, artiskok, m\u00e6lkeb\u00f8tte (0,008%), ingef\u00e6r, birk, br\u00e6nden\u00e6lde (0,008%), kamille, koriander, rosmarin, salvie , lakridsrod, timian (t\u00f8rrede urter i alt 0,07%); *) t\u00f8rret, **) t\u00f8rret, delvist hydrolyseret<\/p>\n<p><strong>Analytiske bestanddele<\/strong><br \/>\nR\u00e5protein 36,0%, r\u00e5fedt 15,0%, r\u00e5fiber 2,5%, r\u00e5aske 5,0%, calcium 0,45%, fosfor 0,4%, natrium 0,4%, kalium 0,7%, magnesium0,06 %, chlorid 0,9%, 0,6%, svovl 0,9%. omega-6 fedtsyrer 3,5%, omega-3 fedtsyrer 0,4%<\/p>\n<p>&nbsp;<\/p>\n<p><strong>Tils\u00e6tningsstoffer<\/strong><\/p>\n<p><strong>Vitaminer \/ kg:<br \/>\n<\/strong>Vitamin A (3a672a) 18000 IE, vitamin D3 (3a671) 1000 IE, vitamin E (alle rac-alpha-tocopherylacetat 3a700) 130 mg, vitamin B1 (thiaminmononitrat 3a821) 4 mg, vitamin B25i (825 vitamin B2i) ) 4 mg, vitamin B6 (pyridoxinhydrochlorid 3a831) 4 mg, biotin (3a880) 500 mcg, calcium D-pantothenat (3a841) 10 mg, niacin (3a314) 50 mg, vitamin B12 75 mcg, cholin chlorid (328 mg 90) , taurin (3a370) 2000 mg<\/p>\n<p><strong>Sporstoffer\/kg:<br \/>\n<\/strong>Jern (jern(II)sulfat, monohydrat 3b103) 45 mg, kobber (kobber(II)sulfatpentahydrat 3b405) 10 mg, zink (zinkoxid 3b603 70 mg, aminosyre zinkchelat, hydrat 3b606) 80 mg, mangan (mangan (II) oxid 3b502) 20 mg, jod (calciumiodat, vandfri 3b202) 1,5 mg, selen (natriumselenit 3b801) 0,15 mg<\/p>\n<p><strong>Aminosyrer\/kg:<\/strong><br \/>\nDL-methionin (3c301) 10000 mg<\/p>\n<p><strong>Andre zootekniske tils\u00e6tningsstoffer\/kg:<\/strong><br \/>\nAmmoniumchlorid (4d8) 250 mg<\/p>\n<p>Antioxidant, tocopherolekstrakter fra vegetabilske olier 1b306(i)<\/p>\n<p>&nbsp;<\/p>\n<p><strong>Kan ikke anbefales til<\/strong><br \/>\nKillinger og unge katte op til 10. levem\u00e5ned<br \/>\nGraviditet, diegivende<br \/>\nKronisk nyreinsufficiens (nyresvigt), metabolisk acidose (PH niveau i kropsv\u00e6ksen er for sur), hjerteinsufficiens (sv\u00e6kket hjertepumpefunktion)<br \/>\nPancreatitis (bet\u00e6ndelse i bugspytkirtlen)<br \/>\nSamtidig brug af urinsurhedsregulerende medicin<\/p>\n<p>&nbsp;<\/p>\n<p><img loading=\"lazy\" decoding=\"async\" class=\"alignnone size-medium wp-image-6235\" src=\"https:\/\/3d-printere.dk\/wp-content\/uploads\/2025\/10\/VET-KAT-struvit-toerfoder-foderplan-030424-1.jpg\" alt=\"\" width=\"300\" height=\"183\" \/><\/p>\n<p><strong>Anbefalet varighed<\/strong><br \/>\nFor at opl\u00f8se struvitsten, 5 til 12 uger. For at reducere risikoen for tilbagevendende struvitsten, indledningsvis op til 6 m\u00e5neder.<\/p>\n<p><strong>R\u00e5dgivning om fodring<\/strong><br \/>\nEn gradvis overgang til et passende efterf\u00f8lgende foder b\u00f8r ideelt set foretages i intervaller af 10%, spredt over en periode p\u00e5 mindst 2-4 uger. Som forebyggelse kan di\u00e6ten permanent blandes 1:1 (halvdelen af rationen hver) med et voksen t\u00f8rfoder fra Happy Cat-sortimentet.<\/p>\n<p><strong>Anbefalet foderm\u00e6ngde pr. dag<\/strong><br \/>\nM\u00e6ngden af \u200b\u200bfoder skal tilpasses kattens individuelle stofskifte og skal muligvis justeres i moderate m\u00e6ngder. Katten skal altid have frisk vand til r\u00e5dighed. Ved blandet fodring bem\u00e6rk: 100 g v\u00e5dfoder \u2248 21 g t\u00f8rfoder.<\/p>\n","protected":false},"excerpt":{"rendered":"<p>&nbsp;<\/p>\n<p><!--more--><\/p>\n<p><span style=\"color: #339966;\">M\u00c5 KUN ANVENDES EFTER AFTALE MED EN DYRL\u00c6GE<\/span><br \/>\n<span style=\"color: #339966;\">Happy Cat VET er kun tilg\u00e6ngelig hos godkendte forhandlere<\/span><\/p>\n<p>Findes i 1 kg og 4 kg<\/p>\n<ul>\n<li>M\u00e5lrettet reduktion af phosphor- og magnesiumindhold<\/li>\n<li>Markant s\u00e6nkning af urinens pH-v\u00e6rdi<\/li>\n<li>For\u00f8gelse af urinm\u00e6ngden og skylning af urinvejene ved at fremme v\u00e6ske indtaget<\/li>\n<li>Moderat indhold af h\u00f8jkvalitetsprotein<\/li>\n<li>Med surhedsregulerende egenskaber, f.eks. methionin<\/li>\n<\/ul>\n","protected":false},"featured_media":0,"comment_status":"closed","ping_status":"closed","template":"","meta":[],"product_brand":[],"product_cat":[1869,1881,1882],"product_tag":[],"class_list":{"0":"post-1203","1":"product","2":"type-product","3":"status-publish","5":"product_cat-vet-kat-2","6":"product_cat-vet-kat-toerkost-vet-kat-2","7":"product_cat-vet-kat-urinvejssten","8":"pa_posestoerrelse-4-kgs8positioni0s10is_visiblei1s12is_variationi1s11is_taxonomyi0","9":"pa_posestoerrelse-a1s15posestoerrelsera6s4names15posestoerrelsers5values254-x-1-kg-1-kasse","11":"first","12":"onbackorder","13":"taxable","14":"shipping-taxable","15":"product-type-simple"},"supplier_id":null,"supplier_sku":"","barcode":null,"atum_controlled":true,"out_stock_date":"2025-10-15 11:59:13","out_stock_threshold":null,"inheritable":false,"inbound_stock":null,"stock_on_hold":0,"sold_today":0,"sales_last_days":0,"reserved_stock":null,"customer_returns":null,"warehouse_damage":null,"lost_in_post":null,"other_logs":null,"out_stock_days":102,"lost_sales":0,"has_location":null,"update_date":"2026-01-26T00:06:55","atum_locations":[],"atum_stock_status":"onbackorder","restock_status":false,"low_stock_amount":"","sales_update_date":"2026-01-26T00:06:55","calc_backorders":0,"_links":{"self":[{"href":"https:\/\/3d-printere.dk\/index.php\/wp-json\/wp\/v2\/product\/1203","targetHints":{"allow":["GET"]}}],"collection":[{"href":"https:\/\/3d-printere.dk\/index.php\/wp-json\/wp\/v2\/product"}],"about":[{"href":"https:\/\/3d-printere.dk\/index.php\/wp-json\/wp\/v2\/types\/product"}],"replies":[{"embeddable":true,"href":"https:\/\/3d-printere.dk\/index.php\/wp-json\/wp\/v2\/comments?post=1203"}],"wp:attachment":[{"href":"https:\/\/3d-printere.dk\/index.php\/wp-json\/wp\/v2\/media?parent=1203"}],"wp:term":[{"taxonomy":"product_brand","embeddable":true,"href":"https:\/\/3d-printere.dk\/index.php\/wp-json\/wp\/v2\/product_brand?post=1203"},{"taxonomy":"product_cat","embeddable":true,"href":"https:\/\/3d-printere.dk\/index.php\/wp-json\/wp\/v2\/product_cat?post=1203"},{"taxonomy":"product_tag","embeddable":true,"href":"https:\/\/3d-printere.dk\/index.php\/wp-json\/wp\/v2\/product_tag?post=1203"}],"curies":[{"name":"wp","href":"https:\/\/api.w.org\/{rel}","templated":true}]}}