{"id":1202,"date":"2025-10-15T11:59:03","date_gmt":"2025-10-15T09:59:03","guid":{"rendered":"https:\/\/3d-printere.dk\/index.php\/vare\/vet-kat-hepatic-toerfoder-leversygdomme-2\/"},"modified":"2025-10-15T11:59:13","modified_gmt":"2025-10-15T09:59:13","slug":"vet-kat-hepatic-toerfoder-leversygdomme-2","status":"publish","type":"product","link":"https:\/\/3d-printere.dk\/index.php\/vare\/vet-kat-hepatic-toerfoder-leversygdomme-2\/","title":{"rendered":"VET KAT Hepatic t\u00f8rfoder &#8211; Leversygdomme"},"content":{"rendered":"<p>Di\u00e6tetisk fuldfoder til voksne katte for at underst\u00f8tte leverfunktionen ved kronisk leversvigt og for at reducere kobberoplagring i leveren.<\/p>\n<p><strong>Indikation<\/strong><\/p>\n<ul>\n<li>Ved leversygdomme<br \/>\nVed leverrelaterede encephalopatier (bet\u00e6ndelse i hjernen)<br \/>\nVed tilf\u00e6lde af portosystemisk shunt (leversygdom)<\/li>\n<\/ul>\n<p><strong>M\u00e5l<\/strong><br \/>\nAt underst\u00f8tte leverfunktionen hos katte med leversygdomme.<\/p>\n<p><strong>Plantebaserede ingredienser<\/strong><br \/>\nDe indeholdende marietidselfr\u00f8 anvendes traditionelt til at sk\u00e5ne leveren.<\/p>\n<p><strong>Ingredienser<\/strong><br \/>\nRismel (16%), kartoffelflager, fedtegrever (11%), byg, kartoffelprotein* (7%), majsmel, fjerkr\u00e6protein** (5,5%), fjerkr\u00e6fedt, oksek\u00f8dsfedt, k\u00f8dmel (4%) , roetr\u00e6vler* (afsukret), havfiskmel (3%), solsikkeolie, h\u00f8rfr\u00f8, cellulose, t\u00f8rrede hele \u00e6g (1,5%), marietidselfr\u00f8 (0,25%), cikorierod* (0,2%); *) t\u00f8rret, **) t\u00f8rret, delvist hydrolyseret.<\/p>\n<p><strong>Analytiske bestanddele<\/strong><br \/>\nR\u00e5protein 28,5%, r\u00e5fedt 18,0%, r\u00e5fiber 3,0%, r\u00e5aske 5,5%, calcium 1,0%, fosfor 0,75%, natrium 0,2%, kalium 0,6%, magnesium 0,08%, omega-6 fedtsyrer, 7,5%, omega-3 fedtsyrer 0,8 %, kobber (i alt) 3,5 mg\/kg<\/p>\n<p>&nbsp;<\/p>\n<p>&nbsp;<\/p>\n<p><strong>Tils\u00e6tningsstoffer<\/strong><\/p>\n<p><strong>Vitaminer \/ kg:<br \/>\n<\/strong>Vitamin A (3a672a) 20000 IE, vitamin D3 (3a671) 1200 IE, vitamin E (alle rac-alpha-tocopherylacetat 3a700) 120 mg, vitamin B1 (thiaminmononitrat 3a821) 15 mg, riboflavini B2 ) 20 mg, vitamin B6 (pyridoxinhydrochlorid 3a831) 5 mg, biotin (3a880) 1250 mcg, calcium D-pantothenat (3a841) 50 mg, niacin (3a314) 125 mg, vitamin B12 100 mcg, vitamin C, pho-l-natrium-calcium 3a312) 50 mg, L-carnitin (3a910) 1000 mg, taurin (3a370) 4300 mg<\/p>\n<p><strong>Sporstoffer\/kg:<br \/>\n<\/strong>Zink (aminosyre zinkchelat, hydrat 3b606) 130 mg, mangan (mangan (II) oxid 3b502) 10 mg, selen (natriumselenit 3b801) 0,1 mg<\/p>\n<p><strong>Aminosyrer\/kg:<\/strong><br \/>\nDL-methionin (3c301) 4300 mg<\/p>\n<p>Antioxidant, tocopherolekstrakter fra vegetabilske olier 1b306(i)<\/p>\n<div class=\"js--modal sizing--content\">\n<div class=\"btn icon--cross is--small btn--grey modal--close\"><\/div>\n<\/div>\n<p>&nbsp;<\/p>\n<p><strong>Kan ikke anbefales til<\/strong><br \/>\nKillinger og unge katte op til 10. levem\u00e5ned<br \/>\nGraviditet, diegivende<br \/>\nLeverlipidose (fedtlever)<br \/>\nHyperlipid\u00e6mi (forh\u00f8jet fedtstof i blodet)<br \/>\nAkut pancreatitis<br \/>\n(bet\u00e6ndelse i bugspytkirtlen)<\/p>\n<p>&nbsp;<\/p>\n<p><img loading=\"lazy\" decoding=\"async\" class=\"alignnone size-medium wp-image-6229\" src=\"https:\/\/3d-printere.dk\/wp-content\/uploads\/2025\/10\/VET-KAT-hepatic-toerfoder-foderplan-030424-1.jpg\" alt=\"\" width=\"300\" height=\"183\" \/><\/p>\n<p><strong>Anbefalet varighed<\/strong><br \/>\nI f\u00f8rste omgang op til 4 m\u00e5neder.<\/p>\n<p><strong>Anbefalet foderm\u00e6ngde pr. dag<\/strong><br \/>\nM\u00e6ngden af \u200b\u200bfoder skal tilpasses kattens individuelle stofskifte og skal muligvis justeres i moderate m\u00e6ngder. Katten skal altid have frisk vand til r\u00e5dighed.<\/p>\n","protected":false},"excerpt":{"rendered":"<p>&nbsp;<\/p>\n<p><!--more--><\/p>\n<p><span style=\"color: #339966;\">M\u00c5 KUN ANVENDES EFTER AFTALE MED EN DYRL\u00c6GE<\/span><br \/>\n<span style=\"color: #339966;\">Happy Cat VET er kun tilg\u00e6ngelig hos godkendte forhandlere<\/span><\/p>\n<p>Findes i 1 kg<\/p>\n<ul>\n<li>Begr\u00e6nset kobberindhold<\/li>\n<li>Moderat proteinindhold med letford\u00f8jelige proteinkilder<\/li>\n<li>H\u00f8j ford\u00f8jelighed af proteinet i tyndtarmen for at mindske ammoniakbelastningen p\u00e5 leveren<\/li>\n<li>Antioxidativ beskyttelse<\/li>\n<\/ul>\n","protected":false},"featured_media":0,"comment_status":"closed","ping_status":"closed","template":"","meta":[],"product_brand":[],"product_cat":[15],"product_tag":[],"class_list":{"0":"post-1202","1":"product","2":"type-product","3":"status-publish","5":"product_cat-ukategoriseret","7":"first","8":"onbackorder","9":"taxable","10":"shipping-taxable","11":"product-type-simple"},"supplier_id":null,"supplier_sku":"","barcode":null,"atum_controlled":true,"out_stock_date":"2025-10-15 11:59:13","out_stock_threshold":null,"inheritable":false,"inbound_stock":null,"stock_on_hold":0,"sold_today":0,"sales_last_days":0,"reserved_stock":null,"customer_returns":null,"warehouse_damage":null,"lost_in_post":null,"other_logs":null,"out_stock_days":102,"lost_sales":0,"has_location":null,"update_date":"2026-01-26T00:06:55","atum_locations":[],"atum_stock_status":"onbackorder","restock_status":false,"low_stock_amount":"","sales_update_date":"2026-01-26T00:06:55","calc_backorders":0,"_links":{"self":[{"href":"https:\/\/3d-printere.dk\/index.php\/wp-json\/wp\/v2\/product\/1202","targetHints":{"allow":["GET"]}}],"collection":[{"href":"https:\/\/3d-printere.dk\/index.php\/wp-json\/wp\/v2\/product"}],"about":[{"href":"https:\/\/3d-printere.dk\/index.php\/wp-json\/wp\/v2\/types\/product"}],"replies":[{"embeddable":true,"href":"https:\/\/3d-printere.dk\/index.php\/wp-json\/wp\/v2\/comments?post=1202"}],"wp:attachment":[{"href":"https:\/\/3d-printere.dk\/index.php\/wp-json\/wp\/v2\/media?parent=1202"}],"wp:term":[{"taxonomy":"product_brand","embeddable":true,"href":"https:\/\/3d-printere.dk\/index.php\/wp-json\/wp\/v2\/product_brand?post=1202"},{"taxonomy":"product_cat","embeddable":true,"href":"https:\/\/3d-printere.dk\/index.php\/wp-json\/wp\/v2\/product_cat?post=1202"},{"taxonomy":"product_tag","embeddable":true,"href":"https:\/\/3d-printere.dk\/index.php\/wp-json\/wp\/v2\/product_tag?post=1202"}],"curies":[{"name":"wp","href":"https:\/\/api.w.org\/{rel}","templated":true}]}}