{"id":1143,"date":"2025-10-15T11:59:03","date_gmt":"2025-10-15T09:59:03","guid":{"rendered":"https:\/\/3d-printere.dk\/index.php\/vare\/profi-line-basic-2\/"},"modified":"2025-10-15T11:59:04","modified_gmt":"2025-10-15T09:59:04","slug":"profi-line-basic-2","status":"publish","type":"product","link":"https:\/\/3d-printere.dk\/index.php\/vare\/profi-line-basic-2\/","title":{"rendered":"Profi-Line Basic"},"content":{"rendered":"<p><strong>Ingredienser:<br \/>\n<\/strong>Korn (inkl. hvede, majs), k\u00f8d og animalske biprodukter* (inkl. fjerkr\u00e6protein* (7 %), svinefedt), olier og fedtstoffer, plantebiprodukter* (inkl. \u00e6blekvas*), fisk og fiskebiprodukter*, g\u00e6r*, mineraler, fr\u00f8, gr\u00f8ntsager*, alger*, m\u00e6lk og mejeriprodukter*, bl\u00f8ddyr og skaldyr* (inkl. muslingepulver (0,01 %)), planteproteinudtr\u00e6k*, \u00e6g og \u00e6ggeprodukter*, frugter*; *) t\u00f8rret.<\/p>\n<p><strong>Metabolis\u00e9rbar energi:<br \/>\n<\/strong> 3580 kcal\/kg.<\/p>\n<p><strong>Analytiske bestanddele:<\/strong><br \/>\nR\u00e5protein 23,0 %, r\u00e5fedt 9,5 %, r\u00e5fiber 2,0 %, r\u00e5aske 6,5 %, calcium 1,35 %, fosfor 0,90 %, natrium 0,3 %, omega-6-fedtsyrer 2,0 %, omega-3-fedtsyrer 0,2 %.<\/p>\n<p>&nbsp;<\/p>\n<p><strong>Tils\u00e6tningsstoffer:<\/strong><\/p>\n<p><strong>Vitaminer\/kg<\/strong>:<br \/>\nVitamin A 14000 I.E., Vitamin D3 870 I.E.<\/p>\n<p><strong>Sporstoffer\/kg:<br \/>\n<\/strong>Jern (3b103) 60 mg, kobber (3b405) 13 mg, zink (3b603) 105 mg, mangan (3b502) 10 mg, jod (3b202) 3,0 mg, selen (3b801) 0,2 mg.<\/p>\n<p><strong>Aminosyrer \/ kg:<br \/>\n<\/strong> Methionin (3c301) 900 mg.<\/p>\n<p>Antioxidationsmiddel, tocopherolekstrakter fra planteolier 1b306(i).<\/p>\n<p>&nbsp;<\/p>\n<p><strong>Anbefalet daglig foderm\u00e6ngde (g\/dag):<\/strong><\/p>\n<p><img loading=\"lazy\" decoding=\"async\" class=\"alignnone wp-image-7299\" src=\"https:\/\/3d-printere.dk\/wp-content\/uploads\/2025\/10\/Profi-23_95-1024-1.jpg\" alt=\"\" width=\"401\" height=\"430\" \/><\/p>\n<p><strong>Fodring:<br \/>\n<\/strong>Giv foderet t\u00f8r eller tilf\u00f8j frisk, varmt vand (ved omkring 50-60\u00b0 C) og lad det tr\u00e6kke i et par minutter. S\u00f8rg for, at der er frisk drikkevand til r\u00e5dighed p\u00e5 alle tidspunkter. Reducer m\u00e6ngden af foder, hvis du ogs\u00e5 giver din hund snacks\/godbidder. I betragtning af forskellen mellem de enkelte hunde, kan den angivne daglige m\u00e6ngde reduceres med op til 15 %, hvis hunden har tendens til at v\u00e6re overv\u00e6gtig.<\/p>\n","protected":false},"excerpt":{"rendered":"<p>&nbsp;<\/p>\n<p><!--more--><\/p>\n<p>PRODUKTET S\u00c6LGES KUN TIL OPDR\u00c6TTERE<\/p>\n<p>Findes i 20 kg.<\/p>\n<ul>\n<li>Fuldfoder til voskne hunde<br \/>\nmed normalt energibehov<\/li>\n<li>23\/9,5 protein\/fedt<\/li>\n<li>Til alle racer<\/li>\n<li>H\u00f8j optagelighed og letford\u00f8jelig<\/li>\n<li>Perfekt afbalanceret<\/li>\n<li>Uden soja, kunstige farvestoffer, aromaer<br \/>\nog konserveringsmidler<\/li>\n<li>Anbefalet af dyrel\u00e6ger og opdr\u00e6ttere<\/li>\n<li>Fremstillet i Tyskland under den strengeste kvalitetskontrol<\/li>\n<\/ul>\n","protected":false},"featured_media":0,"comment_status":"closed","ping_status":"closed","template":"","meta":[],"product_brand":[],"product_cat":[1854,1853],"product_tag":[],"class_list":{"0":"post-1143","1":"product","2":"type-product","3":"status-publish","5":"product_cat-opdraetter-serie-hund-profiline-2","6":"product_cat-profiline-2","8":"first","9":"onbackorder","10":"taxable","11":"shipping-taxable","12":"purchasable","13":"product-type-simple"},"supplier_id":null,"supplier_sku":"","barcode":null,"atum_controlled":true,"out_stock_date":"2025-10-15 11:59:03","out_stock_threshold":null,"inheritable":false,"inbound_stock":null,"stock_on_hold":0,"sold_today":0,"sales_last_days":0,"reserved_stock":null,"customer_returns":null,"warehouse_damage":null,"lost_in_post":null,"other_logs":null,"out_stock_days":102,"lost_sales":0,"has_location":null,"update_date":"2026-01-26T00:06:53","atum_locations":[],"atum_stock_status":"onbackorder","restock_status":false,"low_stock_amount":"","sales_update_date":"2026-01-26T00:06:53","calc_backorders":0,"_links":{"self":[{"href":"https:\/\/3d-printere.dk\/index.php\/wp-json\/wp\/v2\/product\/1143","targetHints":{"allow":["GET"]}}],"collection":[{"href":"https:\/\/3d-printere.dk\/index.php\/wp-json\/wp\/v2\/product"}],"about":[{"href":"https:\/\/3d-printere.dk\/index.php\/wp-json\/wp\/v2\/types\/product"}],"replies":[{"embeddable":true,"href":"https:\/\/3d-printere.dk\/index.php\/wp-json\/wp\/v2\/comments?post=1143"}],"wp:attachment":[{"href":"https:\/\/3d-printere.dk\/index.php\/wp-json\/wp\/v2\/media?parent=1143"}],"wp:term":[{"taxonomy":"product_brand","embeddable":true,"href":"https:\/\/3d-printere.dk\/index.php\/wp-json\/wp\/v2\/product_brand?post=1143"},{"taxonomy":"product_cat","embeddable":true,"href":"https:\/\/3d-printere.dk\/index.php\/wp-json\/wp\/v2\/product_cat?post=1143"},{"taxonomy":"product_tag","embeddable":true,"href":"https:\/\/3d-printere.dk\/index.php\/wp-json\/wp\/v2\/product_tag?post=1143"}],"curies":[{"name":"wp","href":"https:\/\/api.w.org\/{rel}","templated":true}]}}