{"id":1106,"date":"2025-10-15T11:58:44","date_gmt":"2025-10-15T09:58:44","guid":{"rendered":"https:\/\/3d-printere.dk\/index.php\/vare\/vet-hund-renal-vaadfoder-kronisk-nyresvigt-2\/"},"modified":"2025-10-15T11:58:54","modified_gmt":"2025-10-15T09:58:54","slug":"vet-hund-renal-vaadfoder-kronisk-nyresvigt-2","status":"publish","type":"product","link":"https:\/\/3d-printere.dk\/index.php\/vare\/vet-hund-renal-vaadfoder-kronisk-nyresvigt-2\/","title":{"rendered":"VET HUND Renal v\u00e5dfoder &#8211; Kronisk nyresvigt"},"content":{"rendered":"<p>Di\u00e6tetisk fuldfoder til hunde for at underst\u00f8tte nyrefunktionen ved akut og kronisk nyresvigt.<\/p>\n<p><strong>Indikation<\/strong><\/p>\n<ul>\n<li>Kronisk nyreinsufficiens (CNI) (nyresvigt)<\/li>\n<li>Forbig\u00e5ende nyreinsufficiens (nyresvigt)<\/li>\n<\/ul>\n<p><strong>M\u00e5l<\/strong><br \/>\nAflaste nyrerne gennem den rette tilf\u00f8relse af n\u00e6ringsstoffer<br \/>\nStabilisere og forbedre hundens generelle tilstand<br \/>\nFremme optagelsen af foderet p\u00e5 grund af den s\u00e6rdeles velsmagende opskrift<\/p>\n<p>&nbsp;<\/p>\n<p><strong>Ingredienser<\/strong><br \/>\nKyllingek\u00f8d og animalske biprodukter fra kylling (32%) og svinek\u00f8d (4%), guler\u00f8dder, ris, fjerkr\u00e6fedt, kartoffelflager, mineraler, lakseolie, cikorierod (kilde til FOS), urteblanding.<\/p>\n<p><strong>Analytiske bestanddele<br \/>\n<\/strong>R\u00e5protein 7,0%, r\u00e5fedt 8,0%, r\u00e5fibre 0,3%, r\u00e5aske 0,5%, vandindhold 72%, calcium 0,2%, fosfor 0,09%, natrium 0,08%, kalium 0,2%, omega-6 fedtsyrer 0,85%, omega-3 fedtsyrer 0,25%<\/p>\n<p>&nbsp;<\/p>\n<p><strong>Tils\u00e6tningsstoffer<\/strong><\/p>\n<p><strong>Vitaminer \/ kg:<br \/>\n<\/strong>Vitamin A (3a672a) 2000 IE, Vitamin D3 (3a671) 240 IE, Vitamin E (alle rac-alfa-tocopherylacetat 3a700) 24 mg, Vitamin B1 (thiaminmononitrat 3a821) 5,8 mg, Vitamin B2 (riboflavin 3a825i) 7,2 mg, Vitamin B6 (pyridoxinhydrochlorid 3a831) 3 mg, Biotin (3a880) 600 mcg, Calcium D-pantothenat (3a841) 14,4 mg, Nia-cinamid (3a315) 16,2 mg, Vitamin B12 90 mcg, Cholinchlorid (3a890) 500 mg, Taurin (3a370) 600 mg<\/p>\n<p><strong>Sporstoffer\/kg:<\/strong><br \/>\nKobber (kobber(II)sulfatpentahydrat 3b405) 1 mg, zink (zinksulfat, monohydrat 3b605) 25 mg, mangan (mangan(II)sulfat, monohydrat 3b503) 2 mg, jod (calciumiodat, vandfrit 3b202) 0,9 mg<\/p>\n<p>&nbsp;<\/p>\n<p><strong>Kan ikke anbefales til<\/strong><br \/>\nHvalpe og unghunde op til 12. levem\u00e5ned<br \/>\nGraviditet, diegivende<br \/>\nPancreatitis (bet\u00e6ndelse i bugspytkirtlen)<br \/>\nHyperlipid\u00e6mi (forh\u00f8jet fedtstof i blodet)<br \/>\nFedtford\u00f8jelsesforstyrrelser<\/p>\n<p>&nbsp;<\/p>\n<p><img loading=\"lazy\" decoding=\"async\" class=\"alignnone wp-image-6094\" src=\"https:\/\/3d-printere.dk\/wp-content\/uploads\/2025\/10\/VET-HUND-renhal-vaadfoder-foderplan-040324-1-600x419.jpg\" alt=\"\" width=\"304\" height=\"212\" \/><\/p>\n<p><strong>Anbefalet varighed<\/strong><br \/>\nVed kronisk nyresvigt op til 6 m\u00e5neder.Livslang fodring er normalt n\u00f8dvendig. Hvis foderet anbefales til midlertidigt nyresvigt, er den anbefalede fodringsperiode 2 til 4 uger.<\/p>\n<p><strong>Foderanbefaling<\/strong><br \/>\nDet anbefales at kontrollere blodv\u00e6rdier og nyrefunktion med j\u00e6vne mellemrum.<\/p>\n<p><strong>Anbefalet foderm\u00e6ngde pr. dag<\/strong><br \/>\nM\u00e6ngden af \u200b\u200bfoder skal tilpasses hundens individuelle stofskifte og skal muligvis justeres i moderate m\u00e6ngder. Hunden skal altid have frisk vand til r\u00e5dighed.<\/p>\n<p>Bem\u00e6rk ved blandet fodring: 100 gr v\u00e5dfoder = 35 gr t\u00f8rfoder<\/p>\n","protected":false},"excerpt":{"rendered":"<p>&nbsp;<\/p>\n<p><!--more--><\/p>\n<p><span style=\"color: #339966;\">M\u00c5 KUN ANVENDES EFTER AFTALE MED EN DYRL\u00c6GE<\/span><br \/>\n<span style=\"color: #339966;\">Happy Dog VET er kun tilg\u00e6ngelig hos godkendte forhandlere<\/span><\/p>\n<p>Findes i 400 gr<\/p>\n<ul>\n<li>Tilpasset reduktion af fosfor-, natrium- og proteinindhold i overensstemmelse med behovene<\/li>\n<li>H\u00f8j accept p\u00e5 grund af en s\u00e6rlig velsmagende opskrift<\/li>\n<li>H\u00f8j kvalitet af proteiner<\/li>\n<li>Med antioxidanter og omega-3 fedtsyrer for en yderligere positiv st\u00f8ttende effekt<\/li>\n<\/ul>\n","protected":false},"featured_media":0,"comment_status":"closed","ping_status":"closed","template":"","meta":[],"product_brand":[],"product_cat":[1825,1833,1835],"product_tag":[],"class_list":{"0":"post-1106","1":"product","2":"type-product","3":"status-publish","5":"product_cat-vet-hund","6":"product_cat-vet-hund-nyrersvigt","7":"product_cat-vet-hund-vaadkost-vet-hund-nyrersvigt","9":"first","10":"onbackorder","11":"taxable","12":"shipping-taxable","13":"purchasable","14":"product-type-simple"},"supplier_id":null,"supplier_sku":"","barcode":null,"atum_controlled":true,"out_stock_date":"2025-10-15 11:58:54","out_stock_threshold":null,"inheritable":false,"inbound_stock":null,"stock_on_hold":0,"sold_today":0,"sales_last_days":0,"reserved_stock":null,"customer_returns":null,"warehouse_damage":null,"lost_in_post":null,"other_logs":null,"out_stock_days":102,"lost_sales":0,"has_location":null,"update_date":"2026-01-26T00:06:54","atum_locations":[],"atum_stock_status":"onbackorder","restock_status":false,"low_stock_amount":"","sales_update_date":"2026-01-26T00:06:54","calc_backorders":0,"_links":{"self":[{"href":"https:\/\/3d-printere.dk\/index.php\/wp-json\/wp\/v2\/product\/1106","targetHints":{"allow":["GET"]}}],"collection":[{"href":"https:\/\/3d-printere.dk\/index.php\/wp-json\/wp\/v2\/product"}],"about":[{"href":"https:\/\/3d-printere.dk\/index.php\/wp-json\/wp\/v2\/types\/product"}],"replies":[{"embeddable":true,"href":"https:\/\/3d-printere.dk\/index.php\/wp-json\/wp\/v2\/comments?post=1106"}],"wp:attachment":[{"href":"https:\/\/3d-printere.dk\/index.php\/wp-json\/wp\/v2\/media?parent=1106"}],"wp:term":[{"taxonomy":"product_brand","embeddable":true,"href":"https:\/\/3d-printere.dk\/index.php\/wp-json\/wp\/v2\/product_brand?post=1106"},{"taxonomy":"product_cat","embeddable":true,"href":"https:\/\/3d-printere.dk\/index.php\/wp-json\/wp\/v2\/product_cat?post=1106"},{"taxonomy":"product_tag","embeddable":true,"href":"https:\/\/3d-printere.dk\/index.php\/wp-json\/wp\/v2\/product_tag?post=1106"}],"curies":[{"name":"wp","href":"https:\/\/api.w.org\/{rel}","templated":true}]}}