{"id":1083,"date":"2025-10-15T11:58:44","date_gmt":"2025-10-15T09:58:44","guid":{"rendered":"https:\/\/3d-printere.dk\/index.php\/vare\/vet-hund-snack-vaegtkontrol-2\/"},"modified":"2025-10-15T11:58:51","modified_gmt":"2025-10-15T09:58:51","slug":"vet-hund-snack-vaegtkontrol-2","status":"publish","type":"product","link":"https:\/\/3d-printere.dk\/index.php\/vare\/vet-hund-snack-vaegtkontrol-2\/","title":{"rendered":"VET HUND Snack &#8211; V\u00e6gtkontrol"},"content":{"rendered":"<p>Di\u00e6tetisk snack til voksne hunde<\/p>\n<p><strong>Indikation<\/strong><br \/>\nOverv\u00e6gt, Adipositas<\/p>\n<p><strong>M\u00e5l<\/strong><br \/>\nReduktion af overv\u00e6gt<br \/>\nForbedre og vedligeholde den fysiske tilstand<\/p>\n<p>&nbsp;<\/p>\n<p><strong>Ingredienser<\/strong><br \/>\nVegetabilske biprodukter* (inklusive lignocellulose 13%), animalsk protein* (fra fjerkr\u00e6), majs, kartoffel*, fiskemel, kartoffelprotein*, hydrolyseret protein*, guler\u00f8dder*, kaliumchlorid, g\u00e6r*, t\u00f8rrede hele \u00e6g, natrium klorid, tang*, muslingek\u00f8d* (0,14%), glucosamin, chondroitinsulfat, h\u00f8rfr\u00f8, g\u00e6r* (ekstraheret); *) t\u00f8rret.<\/p>\n<p><strong>Analytiske bestanddele<br \/>\n<\/strong>R\u00e5protein 22,0%, r\u00e5fedt 3,5%, r\u00e5fibre 9,5%, r\u00e5aske 7,5%, vandindhold 14%, calcium 1%,\u00a0 magnesium 0,07%, kalium 1,05%, fosfor 0,85%, omega-6 fedtsyrer 0,7%, omega-3 fedtsyrer 0,1%<\/p>\n<p>&nbsp;<\/p>\n<p><strong>Tils\u00e6tningsstoffer<\/strong><\/p>\n<p><strong>Vitaminer \/ kg:<br \/>\n<\/strong>Vitamin A (3a672a) 13000 IE, Vitamin D3 (3a671) 725 IE, L-carnitin (3a910) 400 mg<\/p>\n<p><strong>Sporstoffer\/kg:<br \/>\n<\/strong>Jern (jern (II) sulfat monohydrat 3b103) 35 mg, kobber (kobber ( II) sulfatpentahydrat 3b405) 8 mg, zink (zinkoxid 3b603 60 mg, aminosyre zinkchelat, hydrat 3b606 20 mg) 80 mg, mangan (mangan (II) oxid 3b502) 20 mg, ancium jod 30 20 kal. 1,5 mg, selen (natriumselenit 3b801) 0,08 mg<\/p>\n<p>Antioxidant, tocopherolekstrakter fra vegetabilske olier 1b306(i)<\/p>\n<p>&nbsp;<\/p>\n<p><strong>Kan ikke anbefales til<\/strong><br \/>\nHvalpe og unghunde op til 12. levem\u00e5ned<br \/>\nGraviditet, diegivende<br \/>\nKroniske sygdomme med \u00f8get energibehov<\/p>\n<p><strong>Anbefalet varighed<\/strong><br \/>\nIndtil \u00f8nsket v\u00e6gt er opn\u00e5et &#8211; og derefter ved behov for at opretholde den ideelle v\u00e6gt.<\/p>\n<p><strong>R\u00e5dgivning om fodring<\/strong><br \/>\nDen optimale v\u00e6gttab p\u00e5 1-3% af den aktuelle kropsv\u00e6gt pr. uge skal kontrolleres regelm\u00e6ssigt.<\/p>\n<p><strong>Anbefalet foderm\u00e6ngde pr. dag<\/strong><br \/>\nTilbyd et par stykker flere gange om dagen &#8211; eller som et lille mellemm\u00e5ltid. Tr\u00e6k m\u00e6ngden af \u200b\u200btilbudte snacks fra den daglige ration af t\u00f8r- og\/eller v\u00e5dfoder.<\/p>\n","protected":false},"excerpt":{"rendered":"<p>&nbsp;<\/p>\n<p><!--more--><\/p>\n<p><span style=\"color: #339966;\">M\u00c5 KUN ANVENDES EFTER AFTALE MED EN DYRL\u00c6GE<\/span><br \/>\n<span style=\"color: #339966;\">Happy Dog VET er kun tilg\u00e6ngelig hos godkendte forhandlere<\/span><\/p>\n<p>Findes i 100 gr<\/p>\n<ul>\n<li>Reduceret energi- og kulhydratindhold<\/li>\n<li>M\u00e6ttende kostfibre<\/li>\n<li>Rig p\u00e5 protein, af h\u00f8j kvalitet<\/li>\n<li>Med metaboliserende L-Carnitin<\/li>\n<\/ul>\n","protected":false},"featured_media":0,"comment_status":"closed","ping_status":"closed","template":"","meta":[],"product_brand":[],"product_cat":[1825,1826,1829],"product_tag":[],"class_list":{"0":"post-1083","1":"product","2":"type-product","3":"status-publish","5":"product_cat-vet-hund","6":"product_cat-vet-hund-overvaegt","7":"product_cat-vet-hund-snack","9":"first","10":"onbackorder","11":"taxable","12":"shipping-taxable","13":"purchasable","14":"product-type-simple"},"supplier_id":null,"supplier_sku":"","barcode":null,"atum_controlled":true,"out_stock_date":"2025-10-15 11:58:51","out_stock_threshold":null,"inheritable":false,"inbound_stock":null,"stock_on_hold":0,"sold_today":0,"sales_last_days":0,"reserved_stock":null,"customer_returns":null,"warehouse_damage":null,"lost_in_post":null,"other_logs":null,"out_stock_days":102,"lost_sales":0,"has_location":null,"update_date":"2026-01-26T00:06:51","atum_locations":[],"atum_stock_status":"onbackorder","restock_status":false,"low_stock_amount":"","sales_update_date":"2026-01-26T00:06:51","calc_backorders":0,"_links":{"self":[{"href":"https:\/\/3d-printere.dk\/index.php\/wp-json\/wp\/v2\/product\/1083","targetHints":{"allow":["GET"]}}],"collection":[{"href":"https:\/\/3d-printere.dk\/index.php\/wp-json\/wp\/v2\/product"}],"about":[{"href":"https:\/\/3d-printere.dk\/index.php\/wp-json\/wp\/v2\/types\/product"}],"replies":[{"embeddable":true,"href":"https:\/\/3d-printere.dk\/index.php\/wp-json\/wp\/v2\/comments?post=1083"}],"wp:attachment":[{"href":"https:\/\/3d-printere.dk\/index.php\/wp-json\/wp\/v2\/media?parent=1083"}],"wp:term":[{"taxonomy":"product_brand","embeddable":true,"href":"https:\/\/3d-printere.dk\/index.php\/wp-json\/wp\/v2\/product_brand?post=1083"},{"taxonomy":"product_cat","embeddable":true,"href":"https:\/\/3d-printere.dk\/index.php\/wp-json\/wp\/v2\/product_cat?post=1083"},{"taxonomy":"product_tag","embeddable":true,"href":"https:\/\/3d-printere.dk\/index.php\/wp-json\/wp\/v2\/product_tag?post=1083"}],"curies":[{"name":"wp","href":"https:\/\/api.w.org\/{rel}","templated":true}]}}