{"id":1072,"date":"2025-10-15T11:58:44","date_gmt":"2025-10-15T09:58:44","guid":{"rendered":"https:\/\/3d-printere.dk\/index.php\/vare\/vet-hund-adipositas-toerfoder-vaegtkontrol-2\/"},"modified":"2025-10-15T11:58:49","modified_gmt":"2025-10-15T09:58:49","slug":"vet-hund-adipositas-toerfoder-vaegtkontrol-2","status":"publish","type":"product","link":"https:\/\/3d-printere.dk\/index.php\/vare\/vet-hund-adipositas-toerfoder-vaegtkontrol-2\/","title":{"rendered":"VET HUND Adipositas t\u00f8rfoder &#8211; V\u00e6gtkontrol"},"content":{"rendered":"<p>Di\u00e6tetisk fuldfoder til voksne hunde med henblik p\u00e5 v\u00e6gtreduktion.<\/p>\n<p><strong>Indikation<\/strong><br \/>\nOverv\u00e6gt, Adipositas<\/p>\n<p><strong>M\u00e5l<\/strong><br \/>\nReduktion af overv\u00e6gt<br \/>\nForbedre og vedligeholde den fysiske tilstand<\/p>\n<p><strong>Plantebaserede ingredienser<\/strong><br \/>\nIngredienserne rosmarin og ingef\u00e6r bruges traditionelt som supplement til at stimulere stofskiftet.<\/p>\n<p>&nbsp;<\/p>\n<p><strong>Ingredienser<\/strong><br \/>\nFjerkr\u00e6protein* (28 %), majs, lignocellulose, kartoffelflager, fiskemel, kartoffelprotein*, guler\u00f8dder* (2,5 %), fjerkr\u00e6fedt, leverhydrolysat, solsikkeolie, kaliumchlorid, rapsolie, t\u00f8rrede hele \u00e6g, g\u00e6r*, natriumchlorid, muslingek\u00f8d* (0,2 %), kollagenhydrolisat (0,2 %), glucosamin (0,2 %), havalger*, h\u00f8rfr\u00f8 (0,16 %), cikoriepulver (0,04 %), marietidsel, g\u00e6r* (ekstraheret), artiskok, m\u00e6lkeb\u00f8tte, ingef\u00e6r (0,016 %), birkeblade, br\u00e6nden\u00e6lde, kamille, koriander, rosmarin (08 %), salvie, lakridsrod, timian (t\u00f8rrede urter i alt: 0,16 %); *) t\u00f8rret, **) t\u00f8rret, delvis hydroliseret.<\/p>\n<p><strong>Analytiske bestanddele<\/strong><br \/>\nR\u00e5protein 29,0 %, r\u00e5fedt 9,5 %, r\u00e5fibre 13,5 %, r\u00e5aske 7,0 %, calcium 1,3 %, fosfor 0,9 %, natrium 0,3 %, kalium 0,7 %, magnesium 0,1 %, omega-6 fedtsyrer 5 %, omega-3 fedtsyrer 0,3%<\/p>\n<p>Energiv\u00e6rdi: ME 2790 kcal\/kg<\/p>\n<p>&nbsp;<\/p>\n<p><strong>Tils\u00e6tningsstoffer<\/strong><\/p>\n<p><strong>Vitaminer \/ kg:<br \/>\n<\/strong>Vitamin A (3a672a) 17000 IE, vitamin D3 (3a671) 1000 IE, vitamin E (alle rac-alpha-tocopherylacetat 3a700) 125 mg, vitamin B1 (thiaminmononitrat 3a821) 4 mg, vitamin B25i (825 vitamin B2i) ) 4 mg, vitamin B6 (Pyri-doxin hydrochlorid 3a831) 4 mg, biotin (3a880) 490 mcg, calcium D-pantothenat (3a841) 10 mg, niacin (3a314) 50 mg, vitamin B12 70 mcg, (3 cholin 90) 55 mg, L-Carnitin (3a910) 500 mg.<\/p>\n<p><strong>Sporstoffer\/kg:<\/strong><br \/>\nJern (jern(II)sulfat, monohydrat 3b103) 50 mg, kobber (kobber(II)sulfatpentahydrat 3b405) 10 mg, zink (zinkoxid 3b603 75 mg, aminosyre zinkchelat, hydrat 3b66) 100 mg, mangan (mangan (II) oxid 3b502) 25 mg, jod (calciumiodat, vandfri 3b202) 2 mg, selen (natriumselenit 3b801) 0,1 mg.<\/p>\n<p>Antioxidant, tocopherolekstrakter fra vegetabilske olier 1b306(i)<\/p>\n<p>&nbsp;<\/p>\n<p><strong>Kan ikke anbefales til<\/strong><br \/>\nHvalpe og unge hunde op til 12. levem\u00e5ned<br \/>\nGraviditet, diegivende<br \/>\nKroniske sygdomme med \u00f8get energibehov<\/p>\n<p>&nbsp;<\/p>\n<p><img loading=\"lazy\" decoding=\"async\" class=\"alignnone wp-image-6116\" src=\"https:\/\/3d-printere.dk\/wp-content\/uploads\/2025\/10\/VET-HUND-adipositas-toerfoder-foderplan-040324-1.jpg\" alt=\"\" width=\"295\" height=\"301\" \/><\/p>\n<p><strong>Anbefalet varighed<\/strong><br \/>\nIndtil \u00f8nsket v\u00e6gt er opn\u00e5et &#8211; og derefter ved behov for at opretholde den ideelle v\u00e6gt.<\/p>\n<p><strong>R\u00e5dgivning om fodring<\/strong><br \/>\nDen optimale v\u00e6gttab p\u00e5 1-3% af den aktuelle kropsv\u00e6gt pr. uge skal kontrolleres regelm\u00e6ssigt. Den \u00f8gede aff\u00f8ring skyldes det h\u00f8jere indhold af kostfibre. For at undg\u00e5 ford\u00f8jelsesproblemer, anbefales en langsom overgang til foder over flere dage.<\/p>\n<p><strong>Anbefalet foderm\u00e6ngde pr. dag<\/strong><br \/>\nM\u00e6ngden af \u200b\u200bfoder skal tilpasses hundens individuelle stofskifte og skal muligvis justeres i moderate m\u00e6ngder. Hunden skal altid have frisk vand til r\u00e5dighed. Bem\u00e6rk ved blandet fodring: 100 gr v\u00e5dfoder = 25 gr t\u00f8rfoder<\/p>\n","protected":false},"excerpt":{"rendered":"<p>&nbsp;<\/p>\n<p><!--more--><\/p>\n<p><span style=\"color: #339966;\">M\u00c5 KUN ANVENDES EFTER AFTALE MED EN DYRL\u00c6GE<\/span><br \/>\n<span style=\"color: #339966;\">Happy Dog VET er kun tilg\u00e6ngelig hos godkendte forhandlere<\/span><\/p>\n<p>Findes i 1 kg, 4 kg og 12 kg<\/p>\n<ul>\n<li>Reduceret energi- og kulhydratindhold<\/li>\n<li>\u00d8get indhold af m\u00e6ttende kostfibre<\/li>\n<li>Rig p\u00e5 protein, af h\u00f8j kvalitet, til at vedligeholde musklerne under v\u00e6gttab<\/li>\n<li>Med metaboliserende L-Carnitin<\/li>\n<li>Med kollagenhydrolysat, newzealandske muslinger og glucosamin &#8211; til at st\u00f8tte leddene<\/li>\n<\/ul>\n","protected":false},"featured_media":0,"comment_status":"closed","ping_status":"closed","template":"","meta":[],"product_brand":[],"product_cat":[1825,1826,1827],"product_tag":[],"class_list":{"0":"post-1072","1":"product","2":"type-product","3":"status-publish","5":"product_cat-vet-hund","6":"product_cat-vet-hund-overvaegt","7":"product_cat-vet-hund-toerkost","9":"first","10":"onbackorder","11":"taxable","12":"shipping-taxable","13":"purchasable","14":"product-type-simple"},"supplier_id":null,"supplier_sku":"","barcode":null,"atum_controlled":true,"out_stock_date":"2025-10-15 11:58:49","out_stock_threshold":null,"inheritable":false,"inbound_stock":null,"stock_on_hold":0,"sold_today":0,"sales_last_days":0,"reserved_stock":null,"customer_returns":null,"warehouse_damage":null,"lost_in_post":null,"other_logs":null,"out_stock_days":102,"lost_sales":0,"has_location":null,"update_date":"2026-01-26T00:06:51","atum_locations":[],"atum_stock_status":"onbackorder","restock_status":false,"low_stock_amount":"","sales_update_date":"2026-01-26T00:06:51","calc_backorders":0,"_links":{"self":[{"href":"https:\/\/3d-printere.dk\/index.php\/wp-json\/wp\/v2\/product\/1072","targetHints":{"allow":["GET"]}}],"collection":[{"href":"https:\/\/3d-printere.dk\/index.php\/wp-json\/wp\/v2\/product"}],"about":[{"href":"https:\/\/3d-printere.dk\/index.php\/wp-json\/wp\/v2\/types\/product"}],"replies":[{"embeddable":true,"href":"https:\/\/3d-printere.dk\/index.php\/wp-json\/wp\/v2\/comments?post=1072"}],"wp:attachment":[{"href":"https:\/\/3d-printere.dk\/index.php\/wp-json\/wp\/v2\/media?parent=1072"}],"wp:term":[{"taxonomy":"product_brand","embeddable":true,"href":"https:\/\/3d-printere.dk\/index.php\/wp-json\/wp\/v2\/product_brand?post=1072"},{"taxonomy":"product_cat","embeddable":true,"href":"https:\/\/3d-printere.dk\/index.php\/wp-json\/wp\/v2\/product_cat?post=1072"},{"taxonomy":"product_tag","embeddable":true,"href":"https:\/\/3d-printere.dk\/index.php\/wp-json\/wp\/v2\/product_tag?post=1072"}],"curies":[{"name":"wp","href":"https:\/\/api.w.org\/{rel}","templated":true}]}}