{"id":1052,"date":"2025-10-15T11:58:44","date_gmt":"2025-10-15T09:58:44","guid":{"rendered":"https:\/\/3d-printere.dk\/index.php\/vare\/funktionel-snack-calm-relax-2\/"},"modified":"2025-10-15T11:58:48","modified_gmt":"2025-10-15T09:58:48","slug":"funktionel-snack-calm-relax-2","status":"publish","type":"product","link":"https:\/\/3d-printere.dk\/index.php\/vare\/funktionel-snack-calm-relax-2\/","title":{"rendered":"Funktionel Snack Calm &#038; Relax"},"content":{"rendered":"<p>Selv hundens hverdag kan til tider v\u00e6re udfordrende. Her er Happy Dog Care Snack Calm &amp; Relax ideel til en lille pause. Den kornfri opskrift med v\u00e6rdifuld hamp, L-tryptofan og magnesium skaber sm\u00e5 velv\u00e6remomenter i udfordrende situationer, s\u00e5som nyt\u00e5rsaften eller et bes\u00f8g hos dyrl\u00e6gen.<\/p>\n<p>Fremstillet i Tyskland under den strengeste kvalitetskontrol.<\/p>\n<p>&nbsp;<\/p>\n<p><strong>Ingredienser:<\/strong><strong><br \/>\n<\/strong>Vegetabilske biprodukter* (inklusive 2 % hampemel), kartoffel*, andeprotein*, hydrolyseret m\u00e6lkeprotein* (3 %),<br \/>\nsolsikke olie, hydrolyseret protein*, magnesiumoxid (0,4%), natriumchlorid, g\u00e6r* (ekstraheret); *) t\u00f8rret.<\/p>\n<p><strong>Analytiske bestanddele<\/strong><strong><br \/>\n<\/strong>R\u00e5rotein 17,5 %, r\u00e5fedt 4,5 %, r\u00e5fiber 2,5 %, r\u00e5aske 7,5 %, magnesium 0,3 %.<\/p>\n<p>&nbsp;<\/p>\n<p><strong>Vitaminer \/kg:<\/strong><br \/>\nVitamin D3 (3a671) 620 I.E., Vitamin E (3a700i) 490 mg.<\/p>\n<p><strong>Sporstoffer\/kg:<\/strong><br \/>\nJern (3b103) 50 mg, kobber (3b405) 10 mg, zink (3b603) 60 mg, mangan (3b502) 11 mg, jod (3b202) 1,2 mg, selen (3b801) 0,2 mg.<\/p>\n<p><strong>Aminosyrer\/kg:<\/strong><br \/>\nDL-Methionin (3c301) 2400 mg, L-Tryptophan (3c440) 5000 mg. Antioxidant, tocopherolekstrakter fra vegetabilske olier 1b306(i).<\/p>\n<p><strong>Fodring:<\/strong><br \/>\n2 snacks pr. 5 kg kropsv\u00e6gt pr. dag. Stil altid frisk drikkevand til r\u00e5dighed.<\/p>\n","protected":false},"excerpt":{"rendered":"<p>&nbsp;<\/p>\n<p><!--more--><\/p>\n<p>Findes i 100 gr<\/p>\n<ul>\n<li>Runde velsmagende snacks<\/li>\n<li>Velv\u00e6re<\/li>\n<li>Hamp, l-tryptofan og magnesium<\/li>\n<li>Kornfri<\/li>\n<li>Praktisk genluk-funktion<\/li>\n<li>17,5\/4,5 protein\/fedt<\/li>\n<li>Anbefalet af dyrl\u00e6ger og opdr\u00e6ttere<\/li>\n<\/ul>\n","protected":false},"featured_media":0,"comment_status":"closed","ping_status":"closed","template":"","meta":[],"product_brand":[],"product_cat":[1814,1815,1816,1817,1818,1819,1820,1821,1822,1823,1824],"product_tag":[],"class_list":{"0":"post-1052","1":"product","2":"type-product","3":"status-publish","5":"product_cat-bedre-velvaere-afslappende","6":"product_cat-care-snacks-bedre-velvaere-afslappende","7":"product_cat-kornfri-hund-care-snacks-bedre-velvaere-afslappende","8":"product_cat-kosttilskud-hund-kornfri-hund-care-snacks-bedre-velvaere-afslappende","9":"product_cat-maxi-hund-kosttilskud-hund-kornfri-hund-care-snacks-bedre-velvaere-afslappende","10":"product_cat-medium-hund-maxi-hund-kosttilskud-hund-kornfri-hund-care-snacks-bedre-velvaere-afslappende","11":"product_cat-mini-hunde-medium-hund-maxi-hund-kosttilskud-hund-kornfri-hund-care-snacks-bedre-velvaere-afslappende","12":"product_cat-sensible-hund-mini-hunde-medium-hund-maxi-hund-kosttilskud-hund-kornfri-hund-care-snacks-bedre-velvaere-afslappende","13":"product_cat-snacks-og-kiks-hund-sensible-hund-mini-hunde-medium-hund-maxi-hund-kosttilskud-hund-kornfri-hund-care-snacks-bedre-velvaere-afslappende","14":"product_cat-voksen-hund-snacks-og-kiks-hund-sensible-hund-mini-hunde-medium-hund-maxi-hund-kosttilskud-hund-kornfri-hund-care-snacks-bedre-velvaere-afslappende","15":"product_cat-voksen-mini-hunde-voksen-hund-snacks-og-kiks-hund-sensible-hund-mini-hunde-medium-hund-maxi-hund-kosttilskud-hund-kornfri-hund-care-snacks-bedre-velvaere-afslappende","17":"first","18":"onbackorder","19":"taxable","20":"shipping-taxable","21":"purchasable","22":"product-type-simple"},"supplier_id":null,"supplier_sku":"","barcode":null,"atum_controlled":true,"out_stock_date":"2025-10-15 11:58:48","out_stock_threshold":null,"inheritable":false,"inbound_stock":null,"stock_on_hold":0,"sold_today":0,"sales_last_days":0,"reserved_stock":null,"customer_returns":null,"warehouse_damage":null,"lost_in_post":null,"other_logs":null,"out_stock_days":102,"lost_sales":0,"has_location":null,"update_date":"2026-01-26T00:06:51","atum_locations":[],"atum_stock_status":"onbackorder","restock_status":false,"low_stock_amount":"","sales_update_date":"2026-01-26T00:06:51","calc_backorders":0,"_links":{"self":[{"href":"https:\/\/3d-printere.dk\/index.php\/wp-json\/wp\/v2\/product\/1052","targetHints":{"allow":["GET"]}}],"collection":[{"href":"https:\/\/3d-printere.dk\/index.php\/wp-json\/wp\/v2\/product"}],"about":[{"href":"https:\/\/3d-printere.dk\/index.php\/wp-json\/wp\/v2\/types\/product"}],"replies":[{"embeddable":true,"href":"https:\/\/3d-printere.dk\/index.php\/wp-json\/wp\/v2\/comments?post=1052"}],"wp:attachment":[{"href":"https:\/\/3d-printere.dk\/index.php\/wp-json\/wp\/v2\/media?parent=1052"}],"wp:term":[{"taxonomy":"product_brand","embeddable":true,"href":"https:\/\/3d-printere.dk\/index.php\/wp-json\/wp\/v2\/product_brand?post=1052"},{"taxonomy":"product_cat","embeddable":true,"href":"https:\/\/3d-printere.dk\/index.php\/wp-json\/wp\/v2\/product_cat?post=1052"},{"taxonomy":"product_tag","embeddable":true,"href":"https:\/\/3d-printere.dk\/index.php\/wp-json\/wp\/v2\/product_tag?post=1052"}],"curies":[{"name":"wp","href":"https:\/\/api.w.org\/{rel}","templated":true}]}}