{"id":1038,"date":"2025-10-15T11:58:44","date_gmt":"2025-10-15T09:58:44","guid":{"rendered":"https:\/\/3d-printere.dk\/index.php\/vare\/happy-dog-funktionel-snack-arthro-fit\/"},"modified":"2025-10-15T11:58:46","modified_gmt":"2025-10-15T09:58:46","slug":"happy-dog-funktionel-snack-arthro-fit","status":"publish","type":"product","link":"https:\/\/3d-printere.dk\/index.php\/vare\/happy-dog-funktionel-snack-arthro-fit\/","title":{"rendered":"Happy Dog Funktionel Snack Arthro Fit"},"content":{"rendered":"<p>Hundens led uds\u00e6ttes uundg\u00e5eligt for belastninger hver dag, uanset om det er under leg og tumlen eller tr\u00e6ning. For at st\u00f8tte de naturlige funktioner af leddene er Happy Dog Care Snack Arthro Fit blevet udviklet. Snacken er ikke kun s\u00e6rligt velsmagende, men med v\u00e6rdifulde gr\u00f8nl\u00e6bede muslinger og med kollagenhydrolysat s\u00f8rger den ogs\u00e5 for yderligere st\u00f8tte til bev\u00e6geapparatet.<\/p>\n<p>Fremstillet i Tyskland under den strengeste kvalitetskontrol.<\/p>\n<p>&nbsp;<\/p>\n<p><strong>Ingredienser:<\/strong><strong><br \/>\n<\/strong>Vegetabilske biprodukter*, majsmel, ris, laksemel, majs, fedtegrever, kollagenhydrolysat (3,3 %), h\u00f8rfr\u00f8, fjerkr\u00e6protein*, hydrolyseret protein*, glucosamin, algeolie, kaliumchlorid, chondroitinsulfat, spirulina*, guler\u00f8dder*, muslingepulver (0,3 %), traneb\u00e6r*, g\u00e6r*, natriumchlorid, tang*, g\u00e6r* (ekstraheret); *) t\u00f8rret.\u201c<\/p>\n<p><strong>Analytiske bestanddele<\/strong><strong><br \/>\n<\/strong>R\u00e5protein 19,5 %, r\u00e5fedt 5,0 %, r\u00e5fiber 4,5 %, r\u00e5aske 7,0 %.<\/p>\n<p>&nbsp;<\/p>\n<p><strong>Vitaminer \/kg:<\/strong><br \/>\nVitamin D3 (3a671) 590 I.E., Vitamin E (3a700i) 320 mg, Vitamin C (3a312) 160 mg.<\/p>\n<p><strong>Sporstoffer\/kg:<\/strong><br \/>\nJern (3b103) 30 mg, kobber (3b405) 7 mg, zink (3b603, 3b606) 65 mg, mangan (3b502) 16 mg, jod (3b202) 1,2 mg, selen (3b801) 0,07 mg. Antioxidant, tocopherolekstrakter fra vegetabilske olier 1b306(i).<\/p>\n<p><strong>Fodring:<\/strong><br \/>\n2 snacks pr. 5 kg kropsv\u00e6gt pr. dag. Stil altid frisk drikkevand til r\u00e5dighed.<\/p>\n","protected":false},"excerpt":{"rendered":"<p>&nbsp;<\/p>\n<p><!--more--><\/p>\n<p>Findes i 100 gr<\/p>\n<ul>\n<li>Runde velsmagende snacks<\/li>\n<li>Gr\u00f8nl\u00e6bede muslinger<\/li>\n<li>Kollagen, glucosamin og chondroitin<\/li>\n<li>Hvedefri<\/li>\n<li>Praktisk genluk-funktion<\/li>\n<li>19,5\/5 protein\/fedt<\/li>\n<li>Anbefalet af dyrl\u00e6ger og opdr\u00e6ttere<\/li>\n<\/ul>\n","protected":false},"featured_media":0,"comment_status":"closed","ping_status":"closed","template":"","meta":[],"product_brand":[],"product_cat":[1787,1788,1789,1790,1791,1792,1793,1794,1795,1796,1797],"product_tag":[],"class_list":{"0":"post-1038","1":"product","2":"type-product","3":"status-publish","5":"product_cat-care-snacks","6":"product_cat-hvedefri-hund-care-snacks","7":"product_cat-kosttilskud-hund","8":"product_cat-led-knogler-hund-kosttilskud-hund","9":"product_cat-maxi-hund-led-knogler-hund-kosttilskud-hund","10":"product_cat-medium-hund-maxi-hund-led-knogler-hund-kosttilskud-hund","11":"product_cat-mini-hunde-medium-hund-maxi-hund-led-knogler-hund-kosttilskud-hund","12":"product_cat-sensible-hund-mini-hunde-medium-hund-maxi-hund-led-knogler-hund-kosttilskud-hund","13":"product_cat-snacks-og-kiks-hund-sensible-hund-mini-hunde-medium-hund-maxi-hund-led-knogler-hund-kosttilskud-hund","14":"product_cat-voksen-hund-snacks-og-kiks-hund-sensible-hund-mini-hunde-medium-hund-maxi-hund-led-knogler-hund-kosttilskud-hund","15":"product_cat-voksen-mini-hunde-voksen-hund-snacks-og-kiks-hund-sensible-hund-mini-hunde-medium-hund-maxi-hund-led-knogler-hund-kosttilskud-hund","16":"pa_posestoerrelse-a1s15posestoerrelsera6s4names15posestoerrelsers5values2110-x-100-gr-1-kasses8positioni0s10is_visiblei1s12is_variationi1s11is_taxonomyi0","18":"first","19":"onbackorder","20":"taxable","21":"shipping-taxable","22":"product-type-simple"},"supplier_id":null,"supplier_sku":"","barcode":null,"atum_controlled":true,"out_stock_date":"2025-10-15 11:58:46","out_stock_threshold":null,"inheritable":false,"inbound_stock":null,"stock_on_hold":0,"sold_today":0,"sales_last_days":0,"reserved_stock":null,"customer_returns":null,"warehouse_damage":null,"lost_in_post":null,"other_logs":null,"out_stock_days":102,"lost_sales":0,"has_location":null,"update_date":"2026-01-26T00:06:51","atum_locations":[],"atum_stock_status":"onbackorder","restock_status":false,"low_stock_amount":"","sales_update_date":"2026-01-26T00:06:51","calc_backorders":0,"_links":{"self":[{"href":"https:\/\/3d-printere.dk\/index.php\/wp-json\/wp\/v2\/product\/1038","targetHints":{"allow":["GET"]}}],"collection":[{"href":"https:\/\/3d-printere.dk\/index.php\/wp-json\/wp\/v2\/product"}],"about":[{"href":"https:\/\/3d-printere.dk\/index.php\/wp-json\/wp\/v2\/types\/product"}],"replies":[{"embeddable":true,"href":"https:\/\/3d-printere.dk\/index.php\/wp-json\/wp\/v2\/comments?post=1038"}],"wp:attachment":[{"href":"https:\/\/3d-printere.dk\/index.php\/wp-json\/wp\/v2\/media?parent=1038"}],"wp:term":[{"taxonomy":"product_brand","embeddable":true,"href":"https:\/\/3d-printere.dk\/index.php\/wp-json\/wp\/v2\/product_brand?post=1038"},{"taxonomy":"product_cat","embeddable":true,"href":"https:\/\/3d-printere.dk\/index.php\/wp-json\/wp\/v2\/product_cat?post=1038"},{"taxonomy":"product_tag","embeddable":true,"href":"https:\/\/3d-printere.dk\/index.php\/wp-json\/wp\/v2\/product_tag?post=1038"}],"curies":[{"name":"wp","href":"https:\/\/api.w.org\/{rel}","templated":true}]}}