{"id":1037,"date":"2025-10-15T11:58:44","date_gmt":"2025-10-15T09:58:44","guid":{"rendered":"https:\/\/3d-printere.dk\/index.php\/vare\/hundekiks-naturcroq-pansen-ecken-2\/"},"modified":"2025-10-15T11:58:46","modified_gmt":"2025-10-15T09:58:46","slug":"hundekiks-naturcroq-pansen-ecken-2","status":"publish","type":"product","link":"https:\/\/3d-printere.dk\/index.php\/vare\/hundekiks-naturcroq-pansen-ecken-2\/","title":{"rendered":"Hundekiks \u2013 NaturCroq pansen ecken"},"content":{"rendered":"<p>Velegnet til besk\u00e6ftigelse eller som bel\u00f8nning. En solid, h\u00e5rdtbagt godbid lavet af fuldkorn, med n\u00e6ringsrig \u201cgr\u00f8n ko mave\u201d, mineraler og hvedekim til regelm\u00e6ssig tandpleje og til kr\u00e6sne hunde. Uden farvestoffer og konserveringsmidler. Ikke tilsat sukker.<\/p>\n<p>Fremstillet i Tyskland under den strengeste kvalitetskontrol.<\/p>\n<p>&nbsp;<\/p>\n<p><strong>Ingredienser:<br \/>\n<\/strong>K\u00f8d og animalske biprodukter (i alt 17,5 %, heraf 6,0 % gr\u00f8n ko mave), vegetabilske biprodukter (hvedekim 6,0%), mineraler<\/p>\n<p><strong>Analytiske bestanddele:<\/strong><br \/>\nR\u00e5protein 24,0%, r\u00e5fedt 7,0%, r\u00e5fiber 5,0%, r\u00e5aske 7,0%, calcium 1,0%, fosfor 0,8%.<\/p>\n<p><strong>Tils\u00e6tningsstoffer:<br \/>\n<\/strong>Uden tils\u00e6tningsstoffer<\/p>\n","protected":false},"excerpt":{"rendered":"<p>&nbsp;<\/p>\n<p><!--more--><\/p>\n<p>Findes i\u00a0 5 kg<\/p>\n<ul>\n<li>Trekantede knasende kiks med fuldkorn<\/li>\n<li>Til mellemstore og store hunde<\/li>\n<li>Uden tils\u00e6tningsstoffer<\/li>\n<li>24\/7 protein\/fedt<\/li>\n<li>Anbefalet af dyrl\u00e6ger og opdr\u00e6ttere<\/li>\n<\/ul>\n","protected":false},"featured_media":0,"comment_status":"closed","ping_status":"closed","template":"","meta":[],"product_brand":[],"product_cat":[1288],"product_tag":[],"class_list":{"0":"post-1037","1":"product","2":"type-product","3":"status-publish","5":"product_cat-snacks-og-kiks-hund","7":"first","8":"onbackorder","9":"taxable","10":"shipping-taxable","11":"purchasable","12":"product-type-simple"},"supplier_id":null,"supplier_sku":"","barcode":null,"atum_controlled":true,"out_stock_date":"2025-10-15 11:58:45","out_stock_threshold":null,"inheritable":false,"inbound_stock":null,"stock_on_hold":0,"sold_today":0,"sales_last_days":0,"reserved_stock":null,"customer_returns":null,"warehouse_damage":null,"lost_in_post":null,"other_logs":null,"out_stock_days":102,"lost_sales":0,"has_location":null,"update_date":"2026-01-26T00:06:51","atum_locations":[],"atum_stock_status":"onbackorder","restock_status":false,"low_stock_amount":"","sales_update_date":"2026-01-26T00:06:51","calc_backorders":0,"_links":{"self":[{"href":"https:\/\/3d-printere.dk\/index.php\/wp-json\/wp\/v2\/product\/1037","targetHints":{"allow":["GET"]}}],"collection":[{"href":"https:\/\/3d-printere.dk\/index.php\/wp-json\/wp\/v2\/product"}],"about":[{"href":"https:\/\/3d-printere.dk\/index.php\/wp-json\/wp\/v2\/types\/product"}],"replies":[{"embeddable":true,"href":"https:\/\/3d-printere.dk\/index.php\/wp-json\/wp\/v2\/comments?post=1037"}],"wp:attachment":[{"href":"https:\/\/3d-printere.dk\/index.php\/wp-json\/wp\/v2\/media?parent=1037"}],"wp:term":[{"taxonomy":"product_brand","embeddable":true,"href":"https:\/\/3d-printere.dk\/index.php\/wp-json\/wp\/v2\/product_brand?post=1037"},{"taxonomy":"product_cat","embeddable":true,"href":"https:\/\/3d-printere.dk\/index.php\/wp-json\/wp\/v2\/product_cat?post=1037"},{"taxonomy":"product_tag","embeddable":true,"href":"https:\/\/3d-printere.dk\/index.php\/wp-json\/wp\/v2\/product_tag?post=1037"}],"curies":[{"name":"wp","href":"https:\/\/api.w.org\/{rel}","templated":true}]}}