{"id":1028,"date":"2025-10-15T11:58:24","date_gmt":"2025-10-15T09:58:24","guid":{"rendered":"https:\/\/3d-printere.dk\/index.php\/vare\/flocken-mixer-flager-2\/"},"modified":"2025-10-15T11:58:44","modified_gmt":"2025-10-15T09:58:44","slug":"flocken-mixer-flager-2","status":"publish","type":"product","link":"https:\/\/3d-printere.dk\/index.php\/vare\/flocken-mixer-flager-2\/","title":{"rendered":"Flocken Mixer (flager)"},"content":{"rendered":"<p>Korn- og gr\u00f8ntsagsblanding, velegnet til opblanding med Happy Dog v\u00e5dfoder.<\/p>\n<p>Fremstillet i Tyskland under den strengeste kvalitetskontrol.<\/p>\n<p>&nbsp;<\/p>\n<p><strong>Ingredienser:<\/strong><br \/>\nFuldkornsmajsflager, majsmel, fuldkornshvedeflager, fuldkornshavreflager, \u00e6rteflager (6%), rismel (ekstruderet), guler\u00f8dder* (3%), hirse (puffet), calciumcarbonat, monocalciumphosphat, natriumklorid, hyldeb\u00e6r, krydderurter, merian, rosmarin, salvie, timian, anis, basilikum, fennikel, hyldeblomst, lavendelblomst (t\u00f8rrede urter i alt: 0,11%)<\/p>\n<p><strong>Analytiske bestanddele:<\/strong><br \/>\nR\u00e5protein 10,0%, r\u00e5fedt 3,0%, r\u00e5fibre 3,0%, r\u00e5aske 6,0%, Calcium 1,25%, fosfor 0,85%, natrium 0,15%, kalium 0,4%, magnesium 0,09%, omega-6-fedtsyrer 1,0%, omega-3-fedtsyrer 0,1%<\/p>\n<p><strong>\u00a0<\/strong><\/p>\n<p><strong>Tils\u00e6tningsstoffer:<\/strong><\/p>\n<p><strong>Vitaminer \/ kg:<\/strong><br \/>\nVitamin A (3a672a) 10000 IE, vitamin D3 (3a671) 600 IE, vitamin E (alle rac-alpha-tocopheryl acetate 3a700) 75 mg, vitamin B1 (thiaminmononitrat 3a821) 2 mg, vitamin B2 (3ariboflavin5) ) 2 mg, vitamin B6 (pyridoxinhydrochlorid 3a831) 2 mg, biotin (3a880) 290 mcg, calcium D-pantothenat (3a841) 6 mg, niacin (3a314) 30 mg, vitamin B12 45 mcg.<\/p>\n<p><strong>Sporstoffer\/kg:<\/strong><br \/>\nJern (jern(II)sulfatmonohydrat 3b103) 50 mg, kobber (kobber(II)sulfatpentahydrat) 5 mg, zink (zinkoxid 3b603) 50 mg, mangan (mangan(II)oxid 3b502) 2 . 5 mg, jod (calciumiodat, vandfrit 3b202) 1 mg, selen (natriumselenit 3b801) 0,1 mg.<br \/>\nAntioxidanter, tocopherolekstrakter fra vegetabilske olier 1b306(i)<\/p>\n<p>&nbsp;<\/p>\n<p><strong>Anbefalet daglig foderm\u00e6ngde (g\/dag):<\/strong><\/p>\n<p><img loading=\"lazy\" decoding=\"async\" class=\"alignnone wp-image-5371\" src=\"https:\/\/3d-printere.dk\/wp-content\/uploads\/2025\/10\/Flocken-Mixer-1122-1.jpg\" alt=\"\" width=\"424\" height=\"491\" \/><\/p>\n<p><strong>Foder vejledning:<br \/>\n<\/strong>Bland foderet med varmt vand (60 \u00b0C) eller hvalpem\u00e6lk, lad foderet tr\u00e6kke til den \u00f8nskede konsistens og foderet kan reguleres ved at \u00e6ndre m\u00e6ngden af vand (gr\u00f8d). Foderet tilpasses de angivende tal i tabellen ud fra hundens normalv\u00e6gt. P\u00e5 grund af de individuelle behov, kan tallene variere med +\/-15%. \u00a0Husk altid at hunden har adgang til frisk vand.<\/p>\n","protected":false},"excerpt":{"rendered":"<p>&nbsp;<\/p>\n<p><!--more--><\/p>\n<p>Findes i 10 kg.<\/p>\n<ul>\n<li>Flager, velegnet til opblanding med Happy Dog v\u00e5dfoder<\/li>\n<li>Letford\u00f8jelig og velsmagende<\/li>\n<li>Vegetarisk<\/li>\n<li>Korn, gr\u00f8ntsager og middelhavsurter<\/li>\n<li>10\/3 protein\/fedt<\/li>\n<li>Anbefalet af dyrel\u00e6ger og opdr\u00e6ttere<\/li>\n<\/ul>\n","protected":false},"featured_media":0,"comment_status":"closed","ping_status":"closed","template":"","meta":[],"product_brand":[],"product_cat":[1176,1177,1248,1249,1781,1782,1779,1780],"product_tag":[],"class_list":{"0":"post-1028","1":"product","2":"type-product","3":"status-publish","5":"product_cat-fordoejelse-hund","6":"product_cat-hundefoder-fordoejelse-hund","7":"product_cat-maxi-hund-hundefoder-fordoejelse-hund","8":"product_cat-medium-hund-maxi-hund-hundefoder-fordoejelse-hund","9":"product_cat-naturcroq-voksen-hund-vegetarisk-hund-medium-hund-maxi-hund-hundefoder-fordoejelse-hund","10":"product_cat-vaadfoder-flagefoder-hund-naturcroq-voksen-hund-vegetarisk-hund-medium-hund-maxi-hund-hundefoder-fordoejelse-hund","11":"product_cat-vegetarisk-hund-medium-hund-maxi-hund-hundefoder-fordoejelse-hund","12":"product_cat-voksen-hund-vegetarisk-hund-medium-hund-maxi-hund-hundefoder-fordoejelse-hund","14":"first","15":"onbackorder","16":"taxable","17":"shipping-taxable","18":"purchasable","19":"product-type-simple"},"supplier_id":null,"supplier_sku":"","barcode":null,"atum_controlled":true,"out_stock_date":"2025-10-15 11:58:40","out_stock_threshold":null,"inheritable":false,"inbound_stock":null,"stock_on_hold":0,"sold_today":0,"sales_last_days":0,"reserved_stock":null,"customer_returns":null,"warehouse_damage":null,"lost_in_post":null,"other_logs":null,"out_stock_days":102,"lost_sales":0,"has_location":null,"update_date":"2026-01-26T00:06:52","atum_locations":[],"atum_stock_status":"onbackorder","restock_status":false,"low_stock_amount":"","sales_update_date":"2026-01-26T00:06:52","calc_backorders":0,"_links":{"self":[{"href":"https:\/\/3d-printere.dk\/index.php\/wp-json\/wp\/v2\/product\/1028","targetHints":{"allow":["GET"]}}],"collection":[{"href":"https:\/\/3d-printere.dk\/index.php\/wp-json\/wp\/v2\/product"}],"about":[{"href":"https:\/\/3d-printere.dk\/index.php\/wp-json\/wp\/v2\/types\/product"}],"replies":[{"embeddable":true,"href":"https:\/\/3d-printere.dk\/index.php\/wp-json\/wp\/v2\/comments?post=1028"}],"wp:attachment":[{"href":"https:\/\/3d-printere.dk\/index.php\/wp-json\/wp\/v2\/media?parent=1028"}],"wp:term":[{"taxonomy":"product_brand","embeddable":true,"href":"https:\/\/3d-printere.dk\/index.php\/wp-json\/wp\/v2\/product_brand?post=1028"},{"taxonomy":"product_cat","embeddable":true,"href":"https:\/\/3d-printere.dk\/index.php\/wp-json\/wp\/v2\/product_cat?post=1028"},{"taxonomy":"product_tag","embeddable":true,"href":"https:\/\/3d-printere.dk\/index.php\/wp-json\/wp\/v2\/product_tag?post=1028"}],"curies":[{"name":"wp","href":"https:\/\/api.w.org\/{rel}","templated":true}]}}